{"id":97,"date":"2010-10-19T21:31:16","date_gmt":"2010-10-19T19:31:16","guid":{"rendered":"http:\/\/nydalen.idrett.no\/wordpress\/"},"modified":"2024-01-31T20:18:32","modified_gmt":"2024-01-31T19:18:32","slug":"om-klubben","status":"publish","type":"page","link":"https:\/\/nydalen.idrett.no\/orientering\/om-klubben\/","title":{"rendered":"Nydalens Skiklub"},"content":{"rendered":"<p>Nydalens Skiklub ble grunnlagt i 1886 og de f\u00f8rste organiserte aktivitetene i klubben var langrenn, fotball, skihopping, skyting og korsang(!). Orienteringsgruppa ble etablert i 1945, og er i dag dominerende i klubben.<\/p>\n<p>Nydalens Skiklub har i mange \u00e5r v\u00e6rt &#8211; og er &#8211; en av landets ledende orienteringsklubber. Vi har en sterk stafettkultur og mange l\u00f8pere som har g\u00e5tt helt til topps b\u00e5de i nasjonale og internasjonale mesterskap.<\/p>\n<p><em>&#8220;Nydalens Skiklub skal v\u00e6re Norges beste klubb \u00e5 v\u00e6re o-l\u00f8per i&#8221;.<\/em><\/p>\n<p>Med v\u00e5re dr\u00f8yt 500 medlemmer har vi en unik bredde og sterkt sosialt samhold. Det gj\u00f8r oss til et godt valg for alle o-l\u00f8pere i Oslo. Vi kombinerer elitekultur med god rekruttering og ivrige ungdomsl\u00f8pere, og tilbyr treningsopplegg for o-l\u00f8pere i alle aldre og niv\u00e5er. Klubben har en solid \u00f8konomi basert p\u00e5 sponsorer og frivillig arbeid.<\/p>\n","protected":false},"excerpt":{"rendered":"<p>Nydalens Skiklub ble grunnlagt i 1886 og de f\u00f8rste organiserte aktivitetene i klubben var langrenn, fotball, skihopping, skyting og korsang(!). Orienteringsgruppa ble etablert i 1945, og er i dag dominerende i klubben. Nydalens Skiklub har i mange \u00e5r v\u00e6rt &#8211; &hellip; <a class=\"more-link\" href=\"https:\/\/nydalen.idrett.no\/orientering\/om-klubben\/\">Les videre <span class=\"meta-nav\">&rarr;<\/span><\/a><\/p>\n","protected":false},"author":2,"featured_media":0,"parent":0,"menu_order":0,"comment_status":"closed","ping_status":"closed","template":"onecolumn-page.php","meta":{"footnotes":""},"class_list":["post-97","page","type-page","status-publish","hentry"],"_links":{"self":[{"href":"https:\/\/nydalen.idrett.no\/orientering\/wp-json\/wp\/v2\/pages\/97","targetHints":{"allow":["GET"]}}],"collection":[{"href":"https:\/\/nydalen.idrett.no\/orientering\/wp-json\/wp\/v2\/pages"}],"about":[{"href":"https:\/\/nydalen.idrett.no\/orientering\/wp-json\/wp\/v2\/types\/page"}],"author":[{"embeddable":true,"href":"https:\/\/nydalen.idrett.no\/orientering\/wp-json\/wp\/v2\/users\/2"}],"replies":[{"embeddable":true,"href":"https:\/\/nydalen.idrett.no\/orientering\/wp-json\/wp\/v2\/comments?post=97"}],"version-history":[{"count":18,"href":"https:\/\/nydalen.idrett.no\/orientering\/wp-json\/wp\/v2\/pages\/97\/revisions"}],"predecessor-version":[{"id":19566,"href":"https:\/\/nydalen.idrett.no\/orientering\/wp-json\/wp\/v2\/pages\/97\/revisions\/19566"}],"wp:attachment":[{"href":"https:\/\/nydalen.idrett.no\/orientering\/wp-json\/wp\/v2\/media?parent=97"}],"curies":[{"name":"wp","href":"https:\/\/api.w.org\/{rel}","templated":true}]}}