{"id":95,"date":"2010-10-19T21:30:19","date_gmt":"2010-10-19T19:30:19","guid":{"rendered":"http:\/\/nydalen.idrett.no\/wordpress\/"},"modified":"2026-01-31T10:15:57","modified_gmt":"2026-01-31T09:15:57","slug":"politiattest","status":"publish","type":"page","link":"https:\/\/nydalen.idrett.no\/orientering\/om-klubben\/politiattest\/","title":{"rendered":"Politiattest"},"content":{"rendered":"<h2>Politiattester i Nydalens Skiklub<\/h2>\n<p>Nydalens skiklub krever politiattest av alle ansatte og frivillige som skal utf\u00f8re oppgaver som inneb\u00e6rer et tillits- eller ansvarsforhold overfor mindre\u00e5rige eller mennesker med utviklingshemming. Seksuelle overgrep mot barn er totalt uforenlig med idrettens verdigrunnlag. Du kan lese mer om politiattest p\u00e5<a href=\"https:\/\/www.idrettsforbundet.no\/tema\/politiattest\/\" target=\"_blank\" rel=\"noopener\"> idrettsforbundets sider<\/a>.<\/p>\n<p>Styret har oppnevnt Christine Teig som ansvarlig for \u00e5 h\u00e5ndtere ordningen med politiattest i idrettslaget.<\/p>\n<p><strong>S\u00f8knadsprosedyre<\/strong><br \/>\nIdretten har laget en gratis <a href=\"https:\/\/www.idrettsforbundet.no\/digital\/politiattest\/\" target=\"_blank\" rel=\"noopener\"> digital tjeneste<\/a> som gj\u00f8r det enklere for idrettslag \u00e5 hente inn og registrere politiattester. Nydalen benytter denne tjenesten. N\u00e5r man f\u00e5r tildelt en rolle i klubben som krever politiattest, s\u00e5 sendes det automatisk ut informasjon p\u00e5 mail. Politiattestansvarlig bekrefter form\u00e5let digitalt, og hvis s\u00f8keren bruker Digipost, kan attesten vises digitalt til idrettslaget. <\/p>\n<p><strong>Levering av s\u00f8knad<\/strong><br \/>\nDen som plikter \u00e5 fremlegge politiattest, m\u00e5 selv h\u00e5ndtere s\u00f8knaden til politiet. Innhenting av politiattest er gratis. Dette kan gj\u00f8res elektronisk for alle, men for de mellom 15 og 18 \u00e5r m\u00e5 det vedlegges en fullmakt fra foresatte. <\/p>\n<p><strong>Fremvisning av politiattest<\/strong><br \/>\nEtter at politiet har behandlet s\u00f8knaden blir den returnert til s\u00f8keren. Hvis s\u00f8keren bruker Digipost, kan attesten vises digitalt til idrettslaget. Det er ogs\u00e5 mulig \u00e5 vise behandlet s\u00f8knad manuelt til den som er ansvarlig for politiattester i Nydalens skiklub. Selve attesten beholdes av s\u00f8keren. I begge tilfeller blir godkjent s\u00f8knad registrert i idrettens digitale l\u00f8sninger for politiattest.<\/p>\n<p>Nydalens skiklub gir ikke oppgaver som inneb\u00e6rer et tillits- eller ansvarsforhold overfor mindre\u00e5rige eller mennesker med utviklingshemming til personer som ikke fremviser politiattest, eller som har anmerkninger p\u00e5 attesten.<\/p>\n","protected":false},"excerpt":{"rendered":"<p>Politiattester i Nydalens Skiklub Nydalens skiklub krever politiattest av alle ansatte og frivillige som skal utf\u00f8re oppgaver som inneb\u00e6rer et tillits- eller ansvarsforhold overfor mindre\u00e5rige eller mennesker med utviklingshemming. Seksuelle overgrep mot barn er totalt uforenlig med idrettens verdigrunnlag. Du &hellip; <a class=\"more-link\" href=\"https:\/\/nydalen.idrett.no\/orientering\/om-klubben\/politiattest\/\">Les videre <span class=\"meta-nav\">&rarr;<\/span><\/a><\/p>\n","protected":false},"author":2,"featured_media":0,"parent":97,"menu_order":0,"comment_status":"closed","ping_status":"closed","template":"onecolumn-page.php","meta":{"footnotes":""},"class_list":["post-95","page","type-page","status-publish","hentry"],"_links":{"self":[{"href":"https:\/\/nydalen.idrett.no\/orientering\/wp-json\/wp\/v2\/pages\/95","targetHints":{"allow":["GET"]}}],"collection":[{"href":"https:\/\/nydalen.idrett.no\/orientering\/wp-json\/wp\/v2\/pages"}],"about":[{"href":"https:\/\/nydalen.idrett.no\/orientering\/wp-json\/wp\/v2\/types\/page"}],"author":[{"embeddable":true,"href":"https:\/\/nydalen.idrett.no\/orientering\/wp-json\/wp\/v2\/users\/2"}],"replies":[{"embeddable":true,"href":"https:\/\/nydalen.idrett.no\/orientering\/wp-json\/wp\/v2\/comments?post=95"}],"version-history":[{"count":15,"href":"https:\/\/nydalen.idrett.no\/orientering\/wp-json\/wp\/v2\/pages\/95\/revisions"}],"predecessor-version":[{"id":20622,"href":"https:\/\/nydalen.idrett.no\/orientering\/wp-json\/wp\/v2\/pages\/95\/revisions\/20622"}],"up":[{"embeddable":true,"href":"https:\/\/nydalen.idrett.no\/orientering\/wp-json\/wp\/v2\/pages\/97"}],"wp:attachment":[{"href":"https:\/\/nydalen.idrett.no\/orientering\/wp-json\/wp\/v2\/media?parent=95"}],"curies":[{"name":"wp","href":"https:\/\/api.w.org\/{rel}","templated":true}]}}