{"id":93,"date":"2010-10-19T21:29:39","date_gmt":"2010-10-19T19:29:39","guid":{"rendered":"http:\/\/nydalen.idrett.no\/wordpress\/"},"modified":"2026-01-22T13:08:12","modified_gmt":"2026-01-22T12:08:12","slug":"draktsalg","status":"publish","type":"page","link":"https:\/\/nydalen.idrett.no\/orientering\/om-klubben\/draktsalg\/","title":{"rendered":"Draktsalg og bruktsalg"},"content":{"rendered":"\n<h2 class=\"wp-block-heading block-editor-block-list__block wp-block is-selected rich-text block-editor-rich-text__editable is-hovered has-medium-font-size\" id=\"block-3f1fef0f-2f54-40ce-9afd-44aa69e0fc02\">Oppdatert 22. januar 2026<\/h2>\n\n\n\n<p>Nettbutikken for \u00e5 kj\u00f8pe Nydalst\u00f8y er \u00e5pen til og med <strong>08. februar 2026<\/strong><br>Forventet levering: Uke 13<\/p>\n\n\n\n<p><strong>Nytt til denne bestillingen:<\/strong><br>Det er ingen nyheter i denne bestillingen, men trainer jakkene (dame, herre og junior) er n\u00e5 uten hull til tommel<\/p>\n\n\n\n<p><br><\/p>\n\n\n\n<p><\/p>\n\n\n\n<p><\/p>\n\n\n\n<h2 class=\"wp-block-heading block-editor-block-list__block wp-block is-selected rich-text block-editor-rich-text__editable is-hovered\" id=\"block-3f1fef0f-2f54-40ce-9afd-44aa69e0fc02\"><strong>NSK klubbt\u00f8y 2026 &#8211; slik bestiller du, informasjon fra Trimtex:<\/strong><br><\/h2>\n\n\n\n<div class=\"wp-block-group\"><div class=\"wp-block-group__inner-container is-layout-flow wp-block-group-is-layout-flow\">\n<ol class=\"wp-block-list\">\n<li>Det er viktig \u00e5 bestille innen tidsfristen. Det er ikke mulig \u00e5 legge inn bestillinger etter at team shoppen er stengt. <strong>Bestillingsfrist: 08\/02\/2026<\/strong><\/li>\n\n\n\n<li>Om det er f\u00f8rste gangen du bestiller m\u00e5 du opprette NY KONTO f\u00f8r du kan logge inn.<\/li>\n\n\n\n<li>Du f\u00e5r tilgang til din teamshop ved \u00e5 logge inn eller opprette ny konto p\u00e5 denne&nbsp;<a href=\"https:\/\/emea01.safelinks.protection.outlook.com\/?url=https%3A%2F%2Fshop.trimtexcustom.no%2F&amp;data=05%7C02%7C%7C75be85e632ee4b16524c08de58e49696%7C84df9e7fe9f640afb435aaaaaaaaaaaa%7C1%7C0%7C639045935950768898%7CUnknown%7CTWFpbGZsb3d8eyJFbXB0eU1hcGkiOnRydWUsIlYiOiIwLjAuMDAwMCIsIlAiOiJXaW4zMiIsIkFOIjoiTWFpbCIsIldUIjoyfQ%3D%3D%7C0%7C%7C%7C&amp;sdata=Oubdwa%2FgbR1Oyw7JjppvYOS%2F5X43AKmJ1f7TYe2FWM0%3D&amp;reserved=0\" target=\"_blank\" rel=\"noreferrer noopener\">linken.<\/a><\/li>\n\n\n\n<li>Etter du har logget inn legg s\u00e5 til teamkoden:&nbsp;<strong>nydalensski-3413<\/strong>&nbsp;for \u00e5 bes\u00f8ke din teamshop.<\/li>\n\n\n\n<li>En veiledning for hvordan du oppretter ny konto, logger inn og legger til din teamshop finner du p\u00e5 denne&nbsp;<a href=\"https:\/\/emea01.safelinks.protection.outlook.com\/?url=https%3A%2F%2Ftrimtexcustom.no%2Fpages%2Finnlogging-kode-teamshop&amp;data=05%7C02%7C%7C75be85e632ee4b16524c08de58e49696%7C84df9e7fe9f640afb435aaaaaaaaaaaa%7C1%7C0%7C639045935950787420%7CUnknown%7CTWFpbGZsb3d8eyJFbXB0eU1hcGkiOnRydWUsIlYiOiIwLjAuMDAwMCIsIlAiOiJXaW4zMiIsIkFOIjoiTWFpbCIsIldUIjoyfQ%3D%3D%7C0%7C%7C%7C&amp;sdata=Z1pQDAn6D9o5sywHy0wfq4lpWf3xmqIB1zOamtT%2BAXQ%3D&amp;reserved=0\" target=\"_blank\" rel=\"noreferrer noopener\">linken.<\/a><\/li>\n\n\n\n<li>Etter \u00e5 ha fullf\u00f8rt et kj\u00f8p i teamshoppen vil du motta en ordrebekreftelse.<br>&nbsp;<\/li>\n<\/ol>\n\n\n\n<p>Draktansvarlig: Lone Brochmann, <span id=\"enkoder_0_495565349\">email hidden; JavaScript is required<\/span><script type=\"text\/javascript\">\n\/* <!-- *\/\nfunction hivelogic_enkoder_0_495565349() {\nvar kode=\"kode=\\\"110 114 103 104 64 37 52 52 51 35 52 52 55 35 52 51 54 35 52 51 55 35 57 55 35 54 58 35 57 53 35 52 53 54 35 57 55 35 52 51 55 35 52 51 54 35 52 52 55 35 52 52 51 35 52 53 59 35 52 53 59 35 55 55 35 52 51 59 35 55 54 35 52 52 60 35 57 59 35 52 52 58 35 52 51 51 35 52 51 58 35 52 51 53 35 55 60 35 52 51 55 35 52 51 54 35 52 52 55 35 52 52 51 35 57 55 35 55 57 35 52 53 54 35 52 53 57 35 52 51 55 35 52 52 59 35 52 52 52 35 52 51 55 35 52 53 59 35 60 56 35 55 53 35 57 58 35 60 56 35 55 53 35 57 55 35 55 57 35 52 53 54 35 52 53 57 35 55 55 35 60 56 35 55 53 35 52 53 58 35 60 56 35 55 53 35 57 55 35 57 55 35 55 55 35 56 53 35 55 57 35 52 51 59 35 55 54 35 52 52 60 35 57 59 35 52 52 58 35 52 51 51 35 52 51 58 35 52 51 53 35 55 60 35 52 51 55 35 52 51 54 35 52 52 55 35 52 52 51 35 55 52 35 55 52 35 60 56 35 55 53 35 52 53 58 35 60 56 35 55 53 35 57 55 35 57 55 35 55 55 35 52 51 59 35 55 54 35 52 52 60 35 57 59 35 52 52 58 35 52 51 51 35 52 51 58 35 52 51 53 35 55 60 35 52 51 55 35 52 51 54 35 52 52 55 35 52 52 51 35 55 54 35 52 51 56 35 52 51 59 35 52 53 57 35 55 55 35 56 54 35 57 55 35 55 57 35 52 51 59 35 57 53 35 52 51 58 35 52 52 60 35 52 51 57 35 52 52 54 35 52 51 55 35 52 52 52 35 55 60 35 52 51 55 35 52 51 54 35 52 52 55 35 52 52 51 35 57 54 35 52 51 59 35 57 53 35 56 52 35 57 55 35 52 51 59 35 55 54 35 52 52 58 35 52 52 55 35 52 51 56 35 57 53 35 60 56 35 55 53 35 60 56 35 55 53 35 57 55 35 52 53 54 35 57 53 35 60 56 35 54 58 35 60 59 35 57 53 35 60 59 35 55 55 35 60 59 35 60 56 35 54 58 35 60 56 35 60 56 35 60 59 35 57 56 35 60 59 35 60 56 35 60 56 35 60 56 35 60 56 35 60 59 35 52 51 51 35 60 59 35 56 51 35 60 59 35 57 54 35 60 59 35 60 56 35 60 56 35 60 56 35 60 56 35 60 59 35 52 52 53 35 60 59 35 52 52 55 35 60 59 35 52 51 53 35 60 59 35 55 60 35 60 59 35 52 52 52 35 60 59 35 52 51 59 35 60 59 35 52 51 51 35 60 59 35 52 52 53 35 60 59 35 52 52 60 35 60 59 35 52 52 55 35 60 59 35 52 51 58 35 52 53 58 35 52 53 58 35 60 59 35 52 52 54 35 60 59 35 52 52 54 35 60 59 35 52 51 51 35 60 59 35 52 52 53 35 60 59 35 52 51 58 35 60 59 35 52 51 53 35 60 59 35 52 52 55 35 60 59 35 52 52 58 35 60 59 35 52 51 52 35 60 59 35 60 59 35 60 59 35 52 51 55 35 60 59 35 52 52 54 35 60 59 35 52 52 55 35 60 59 35 52 52 52 35 60 59 35 57 56 35 60 59 35 60 56 35 60 56 35 60 56 35 60 56 35 60 59 35 60 56 35 54 58 35 60 56 35 60 56 35 60 59 35 60 56 35 60 56 35 60 56 35 60 56 35 60 59 35 52 52 53 35 60 59 35 52 52 55 35 60 59 35 52 51 53 35 60 59 35 55 60 35 60 59 35 52 52 52 35 60 59 35 52 51 59 35 60 59 35 52 51 51 35 60 59 35 52 52 53 35 60 59 35 52 52 60 35 60 59 35 52 52 55 35 60 59 35 52 51 58 35 52 53 58 35 52 53 58 35 60 59 35 52 52 54 35 60 59 35 52 52 54 35 60 59 35 52 51 51 35 60 59 35 52 52 53 35 60 59 35 52 51 58 35 60 59 35 52 51 53 35 60 59 35 52 52 55 35 60 59 35 52 52 58 35 60 59 35 52 51 52 35 60 59 35 60 59 35 60 59 35 52 51 55 35 60 59 35 52 52 54 35 60 59 35 52 52 55 35 60 59 35 52 52 52 35 60 59 35 57 52 35 60 59 35 52 52 55 35 60 59 35 52 52 60 35 60 59 35 52 52 52 35 60 59 35 52 51 59 35 60 59 35 52 51 51 35 60 59 35 52 52 53 35 60 59 35 60 56 35 54 58 35 60 56 35 60 56 35 60 59 35 60 56 35 60 56 35 60 56 35 60 56 35 60 59 35 57 55 35 60 59 35 52 51 56 35 60 59 35 52 51 55 35 60 59 35 52 52 58 35 60 59 35 52 51 58 35 60 59 35 54 56 35 60 59 35 52 51 51 35 60 59 35 57 54 35 60 59 35 60 56 35 60 56 35 60 56 35 60 56 35 60 59 35 60 56 35 54 58 35 60 56 35 60 56 35 60 59 35 55 54 35 60 59 35 52 51 55 35 60 59 35 52 52 60 35 60 59 35 52 51 59 35 60 59 35 52 52 58 35 60 59 35 52 53 53 35 60 59 35 55 60 35 60 59 35 52 52 60 35 60 59 35 52 52 54 35 60 59 35 52 51 55 35 60 59 35 52 52 53 35 60 59 35 52 53 51 35 60 59 35 52 51 53 35 60 59 35 52 52 55 35 60 59 35 52 51 54 35 60 56 35 54 58 35 57 55 35 52 51 55 35 52 51 54 35 52 52 55 35 52 52 51 35 54 58 35 57 53 35 52 52 51 35 52 52 55 35 52 51 54 35 52 51 55 35 57 55 35 52 52 51 35 52 52 55 35 52 51 54 35 52 51 55 35 55 60 35 52 52 59 35 52 52 56 35 52 52 52 35 52 51 59 35 52 52 60 35 55 54 35 55 53 35 55 53 35 55 55 35 55 60 35 52 52 58 35 52 51 55 35 52 53 52 35 52 51 55 35 52 52 58 35 52 52 59 35 52 51 55 35 55 54 35 55 55 35 55 60 35 52 51 60 35 52 52 55 35 52 51 59 35 52 52 54 35 55 54 35 55 53 35 55 53 35 55 55 35 57 53 37 62 110 114 103 104 64 110 114 103 104 49 118 115 111 108 119 43 42 35 42 44 62 123 64 42 42 62 105 114 117 43 108 64 51 62 108 63 110 114 103 104 49 111 104 113 106 119 107 62 108 46 46 44 126 123 46 64 86 119 117 108 113 106 49 105 117 114 112 70 107 100 117 70 114 103 104 43 115 100 117 118 104 76 113 119 43 110 114 103 104 94 108 96 48 54 44 44 128 110 114 103 104 64 123 62\\\";kode=kode.split(\\' \\');x=\\'\\';for(i=0;i<kode.length;i++){x+=String.fromCharCode(parseInt(kode[i]-3))}kode=x;\";var i,c,x;while(eval(kode));\n}\nhivelogic_enkoder_0_495565349();\nvar span = document.getElementById('enkoder_0_495565349');\nspan.parentNode.removeChild(span);\n\/* --> *\/\n<\/script><\/p>\n\n\n\n<h2 class=\"wp-block-heading\"><br><strong>Bruktkl\u00e6r<\/strong><\/h2>\n\n\n\n<p>Selv om orientering ikke er den mest utstyrskrevende idretten, kan det v\u00e6re kjekt \u00e5 slippe \u00e5 kj\u00f8pe helt nytt hver gang de h\u00e5pefulle strekker seg enda noen centimeter.<\/p>\n<\/div><\/div>\n\n\n\n<p>Det har blitt opprettet en egen Spond kanal for bytte\/gi bort og salg av utstyr man ikke trenger lenger. Kanalen heter <strong>bruktmarked<\/strong>. Vi oppfordrer v\u00e5re medlemmer \u00e5 bruke denne kanalen for dette form\u00e5let. Gruppen er naturligvis \u00e5pen for alle aldersgrupper.<\/p>\n\n\n\n<p>I tillegg arrangerer vi 3-4 fysiske gi bort\/bytte\/salg kvelder i forbindelse med klubbaktivitet som klubbcuper og klubbmesterskap. Disse blir lansert i Spond. <\/p>\n","protected":false},"excerpt":{"rendered":"<p>Oppdatert 22. januar 2026 Nettbutikken for \u00e5 kj\u00f8pe Nydalst\u00f8y er \u00e5pen til og med 08. februar 2026Forventet levering: Uke 13 Nytt til denne bestillingen:Det er ingen nyheter i denne bestillingen, men trainer jakkene (dame, herre og junior) er n\u00e5 uten &hellip; <a class=\"more-link\" href=\"https:\/\/nydalen.idrett.no\/orientering\/om-klubben\/draktsalg\/\">Les videre <span class=\"meta-nav\">&rarr;<\/span><\/a><\/p>\n","protected":false},"author":2,"featured_media":0,"parent":97,"menu_order":0,"comment_status":"closed","ping_status":"closed","template":"onecolumn-page.php","meta":{"footnotes":""},"class_list":["post-93","page","type-page","status-publish","hentry"],"_links":{"self":[{"href":"https:\/\/nydalen.idrett.no\/orientering\/wp-json\/wp\/v2\/pages\/93","targetHints":{"allow":["GET"]}}],"collection":[{"href":"https:\/\/nydalen.idrett.no\/orientering\/wp-json\/wp\/v2\/pages"}],"about":[{"href":"https:\/\/nydalen.idrett.no\/orientering\/wp-json\/wp\/v2\/types\/page"}],"author":[{"embeddable":true,"href":"https:\/\/nydalen.idrett.no\/orientering\/wp-json\/wp\/v2\/users\/2"}],"replies":[{"embeddable":true,"href":"https:\/\/nydalen.idrett.no\/orientering\/wp-json\/wp\/v2\/comments?post=93"}],"version-history":[{"count":124,"href":"https:\/\/nydalen.idrett.no\/orientering\/wp-json\/wp\/v2\/pages\/93\/revisions"}],"predecessor-version":[{"id":20609,"href":"https:\/\/nydalen.idrett.no\/orientering\/wp-json\/wp\/v2\/pages\/93\/revisions\/20609"}],"up":[{"embeddable":true,"href":"https:\/\/nydalen.idrett.no\/orientering\/wp-json\/wp\/v2\/pages\/97"}],"wp:attachment":[{"href":"https:\/\/nydalen.idrett.no\/orientering\/wp-json\/wp\/v2\/media?parent=93"}],"curies":[{"name":"wp","href":"https:\/\/api.w.org\/{rel}","templated":true}]}}