{"id":8889,"date":"2013-04-24T07:59:30","date_gmt":"2013-04-24T05:59:30","guid":{"rendered":"http:\/\/nydalen.idrett.no\/orientering\/?page_id=8889"},"modified":"2019-01-12T20:09:14","modified_gmt":"2019-01-12T19:09:14","slug":"ny_bruker","status":"publish","type":"page","link":"https:\/\/nydalen.idrett.no\/orientering\/kartarkiv\/ny_bruker\/","title":{"rendered":"Ny bruker i kartarkivet"},"content":{"rendered":"<p>Her kan du lage deg en konto i klubbens kartarkiv.<\/p>\n<p><b>Alle kartfiler skal v\u00e6re mindre enn <span style=\"text-decoration: underline;\">2 MB<\/span><\/b>. Dette er nok i massevis, og kartarkivet avviser for store filer.<\/p>\n<p>Tips til hvordan en lager effektive kartfiler:<\/p>\n<ul>\n<li>Ved scanning er 200dpi nok.<\/li>\n<li>Bruk et bildeprogram til \u00e5 kutte bort deler av kartet som ligger utenfor l\u00f8ypa. Det kan du ogs\u00e5 gj\u00f8re med telefonen din.<\/li>\n<li>Bruk bildeformat &#8220;jpg&#8221;. Dette er forh\u00e5ndsvalgt i QuickRoute.<\/li>\n<li>Hvis du f\u00e5r feilmelding ved opplasting i QuickRoute, kan du justere p\u00e5 Image Size og Quality i skjermbildet for opplasting. Hvis du laster opp manuelt, kan du justere bildene i et bilderedigeringsprogram som f.eks. Paint<\/li>\n<li>Kartets st\u00f8rrelse vises i kartarkivet p\u00e5 selve kartvisningen og i lista over dine kart (nytt).<\/li>\n<\/ul>\n<p>Med disse kj\u00f8rereglene kan vi har et levende kartarkiv i lang tid uten \u00e5 beh\u00f8ve \u00e5 tenke p\u00e5 lagringskapasitet. Husk ogs\u00e5 at gigantiske bilder er vanskelige \u00e5 se p\u00e5 samtidig som en leser dine interessante kommentarer.<\/p>\n<p>Merk:<br \/>\n&#8211; For at kartene automatisk skal bli tilgjengelig i 2D Rerun, er World-of-O satt opp til \u00e5 hente kart fra oss.<br \/>\n&#8211; Hvis du ikke \u00f8nsker at kartet skal hentes, m\u00e5 du legge teksten &#8220;nowoo&#8221; (uten hermetegn) i feltet Disiplin. Dette m\u00e5 gj\u00f8res per kart.<\/p>\n<p>Her er kart samlet sammen av World of O:<br \/>\n&#8211; Siste norske kart: <a href=\"http:\/\/omaps.worldofo.com\/index.php?s=&amp;st=&amp;id=&amp;cid=&amp;c=Norway\">http:\/\/omaps.worldofo.com\/index.php?s=&amp;st=&amp;id=&amp;cid=&amp;c=Norway<\/a><br \/>\n&#8211; Oversikt over kart p\u00e5 Google Maps: <a href=\"http:\/\/omaps.worldofo.com\/gmaps.php\">http:\/\/omaps.worldofo.com\/gmaps.php<\/a><\/p>\n<p><b>Det er greit! Jeg vil v\u00e6re bruker.<\/b><\/p>\n<ol>\n<li> G\u00e5 til <a href=\"http:\/\/kartarkiv.nydalen.idrett.no\/enter_public_creation_code.php\">Kartarkivets side for \u00e5 lage ny bruker ved \u00e5 skrive inn en hemmelig kode<\/a>\n<li> Skriv eller lim inn: nydalen_er_norges_beste_klubb_\u00e5_v\u00e6re_o-l\u00f8per_i\n<li> Lag deg en bruker i kartarkivet\n<li> Pass p\u00e5 \u00e5 ikke gi koden til folk som ikke skal ha noen bruker i v\u00e5rt kartarkiv \ud83d\ude42\n<\/ol>\n<p><!--form class=\"wide\" action=\"http:\/\/kartarkiv.nydalen.idrett.no\/enter_public_creation_code.php\" method=\"post\"><input id=\"publicCreationCode\" type=\"hidden\" name=\"publicCreationCode\" value=\"nydalen_er_norges_beste_klubb_\u00e5_v\u00e6re_o-l\u00f8per_i\" \/>\n<input class=\"submit\" type=\"submit\" name=\"proceed\" value=\"Det er greit. Lag ny bruker til meg\" \/><\/form-->\n","protected":false},"excerpt":{"rendered":"<p>Her kan du lage deg en konto i klubbens kartarkiv. Alle kartfiler skal v\u00e6re mindre enn 2 MB. Dette er nok i massevis, og kartarkivet avviser for store filer. Tips til hvordan en lager effektive kartfiler: Ved scanning er 200dpi &hellip; <a class=\"more-link\" href=\"https:\/\/nydalen.idrett.no\/orientering\/kartarkiv\/ny_bruker\/\">Les videre <span class=\"meta-nav\">&rarr;<\/span><\/a><\/p>\n","protected":false},"author":38,"featured_media":0,"parent":8880,"menu_order":0,"comment_status":"closed","ping_status":"closed","template":"nskintern-page.php","meta":{"footnotes":""},"class_list":["post-8889","page","type-page","status-publish","hentry"],"_links":{"self":[{"href":"https:\/\/nydalen.idrett.no\/orientering\/wp-json\/wp\/v2\/pages\/8889","targetHints":{"allow":["GET"]}}],"collection":[{"href":"https:\/\/nydalen.idrett.no\/orientering\/wp-json\/wp\/v2\/pages"}],"about":[{"href":"https:\/\/nydalen.idrett.no\/orientering\/wp-json\/wp\/v2\/types\/page"}],"author":[{"embeddable":true,"href":"https:\/\/nydalen.idrett.no\/orientering\/wp-json\/wp\/v2\/users\/38"}],"replies":[{"embeddable":true,"href":"https:\/\/nydalen.idrett.no\/orientering\/wp-json\/wp\/v2\/comments?post=8889"}],"version-history":[{"count":10,"href":"https:\/\/nydalen.idrett.no\/orientering\/wp-json\/wp\/v2\/pages\/8889\/revisions"}],"predecessor-version":[{"id":16197,"href":"https:\/\/nydalen.idrett.no\/orientering\/wp-json\/wp\/v2\/pages\/8889\/revisions\/16197"}],"up":[{"embeddable":true,"href":"https:\/\/nydalen.idrett.no\/orientering\/wp-json\/wp\/v2\/pages\/8880"}],"wp:attachment":[{"href":"https:\/\/nydalen.idrett.no\/orientering\/wp-json\/wp\/v2\/media?parent=8889"}],"curies":[{"name":"wp","href":"https:\/\/api.w.org\/{rel}","templated":true}]}}