{"id":8880,"date":"2013-04-23T19:26:34","date_gmt":"2013-04-23T17:26:34","guid":{"rendered":"http:\/\/nydalen.idrett.no\/orientering\/?page_id=8880"},"modified":"2014-05-16T10:07:32","modified_gmt":"2014-05-16T08:07:32","slug":"kartarkiv","status":"publish","type":"page","link":"https:\/\/nydalen.idrett.no\/orientering\/kartarkiv\/","title":{"rendered":"Klubbens kartarkiv"},"content":{"rendered":"<p><strong>Nydalens Skiklub har opprettet sitt eget kartarkiv!<\/strong><\/p>\n<p>Kartarkivet er \u00e5pent for bruk av alle klubbens medlemmer, her er det fritt frem for \u00e5 legge ut kart og veivalg fra b\u00e5de treninger og l\u00f8p.<\/p>\n<p>Kartarkivet finner du her: <a href=\"http:\/\/kartarkiv.nydalen.idrett.no\">http:\/\/kartarkiv.nydalen.idrett.no<\/a><\/p>\n<p><strong>Ny bruker<\/strong><br \/>\nKlubbens l\u00f8pere kan registrere seg som brukere i kartarkivet ved \u00e5 f\u00f8lge <a href=\"http:\/\/nydalen.idrett.no\/orientering\/kartarkiv\/ny_bruker\/\">denne linken<\/a>. Man trenger ikke \u00e5 registrere seg som bruker for \u00e5 f\u00e5 innsyn i kartene som ligger ute i arkivet.<\/p>\n<p>Vi h\u00e5per at flest mulig vil v\u00e6re med \u00e5 dele sine veivalg her, dette er en fint m\u00e5te \u00e5 f\u00e5 tilbakemelding fra trenere og klubbkompiser p\u00e5 valgene man gj\u00f8r underveis i l\u00f8ypa. B\u00e5de veivalg tegnet med kulepenn og innlagt fra GPS-klokke fungerer fint.<\/p>\n<p>&nbsp;<\/p>\n<p><strong>Kj\u00f8reregler:<\/strong><\/p>\n<ul>\n<li>Kartarkivet er basert p\u00e5 tillit, og skal ikke misbrukes til \u00e5 skaffe seg kart for treninger og l\u00f8p man ellers skulle ha betalt for. Dersom rettighetshaver til kart i kartarkivet ikke \u00f8nsker \u00e5 ha sine kart tilgjengelige vil disse bli fjernet.<\/li>\n<li>Kartarkivet opptar betydelig serverplass, og brukerne oppfordres til \u00e5 begrense st\u00f8rrelse p\u00e5 hver enkelt fil som lastes opp. \u00d8vre grense er satt til 2MB pr kart.<\/li>\n<li>Vi \u00f8nsker at det skal v\u00e6re en lav terskel for \u00e5 dele kart, veivalg og egne tanker rundt l\u00f8p og treninger med andre i arkivet. Nedlatende kommentarer og mobbing tolereres ikke.<\/li>\n<\/ul>\n<p>&nbsp;<\/p>\n<p><strong>Kom i gang!<\/strong><\/p>\n<p>For \u00e5 hjelpe folk i gang, her kommer en kjapp briefing:<\/p>\n<p><em>Opplasting av kart via QuickRoute:<\/em><\/p>\n<p>Arkivet er tett knyttet opp til programvaren <a href=\"http:\/\/www.matstroeng.se\/quickroute\/en\/\">QuickRoute.<\/a>\u00a0 Det anbefales at man laster ned og installerer dette programmet for \u00e5 benytte kartarkivet sammen med GPS-klokker o.l.<\/p>\n<p>For \u00e5 komme igang med tracking i QuickRoute trenger du:<\/p>\n<ul>\n<li>en GPX-fil fra \u00f8kta du vil legge ut (hentes typisk ut fra <a href=\"http:\/\/connect.garmin.com\/\">Garmin Connect<\/a>)<\/li>\n<li>en kartfil med evt. l\u00f8ype, orientering mot nord. (jpg eller gif format fungerer fint)<\/li>\n<\/ul>\n<p>Man kan enten scanne\/ta bilde av sitt eget l\u00f8pskart, eller ta utgangspunkt i noen andre som allerede har lagt ut \u00f8kta i sitt arkiv. Ved \u00e5 g\u00e5 inn p\u00e5 andres kart kan man laste ned en blank versjon ved \u00e5 klikke \u00e9n gang p\u00e5 kartet slik at trackingen forsvinner, og s\u00e5 klikke &#8220;Save Image As&#8221;. I oversikten nedenfor finnes det linker til andre norske klubber med aktive kartarkiv, det kan v\u00e6re nyttig for \u00e5 lete opp aktuelle kart. Nydalens Sk vil pr\u00f8ve \u00e5 fast legge ut kart fra sine treninger p\u00e5 en egen bruker i arkivet, disse kan ogs\u00e5 brukes som grunnlag.<\/p>\n<p>I QuickRoute m\u00e5 kart og tracking kalibreres mot hverandre, ved bruk av &#8220;Adjust Route&#8221;-funksjonen. Her velger man ut et par punkter langs GPS-sporet, og trekker dette til riktig plass p\u00e5 kartet. Det b\u00f8r velges s\u00e5 f\u00e5 punkter som mulig, og punktene b\u00f8r ligge med god avstand. Informasjon om flere funksjoner i QuickRoute finnes p\u00e5 programmets hjemmeside.<\/p>\n<p>Et ferdig kalibrert kart kan lastes fra QuickRoute og inn i kartarkivet ved \u00e5 trykke p\u00e5 knappen &#8220;Publish map&#8221;. F\u00f8rste gang m\u00e5 man angi adresse: \u201c<a href=\"http:\/\/kartarkiv.nydalen.idrett.no\/webservice.php\">http:\/\/kartarkiv.nydalen.idrett.no\/webservice.php<\/a>\u201c, samt brukernavn og passord i kartararkivet for at kartet skal havne hos riktig bruker.\u00a0 Kommentarer til \u00f8kta kan legges inn i et eget felt ved opplasting.<\/p>\n<p><em>Analyse og ReRun<\/em><\/p>\n<p>V\u00e5rt kartarkiv er registrert hos Jan Kochbaks sider p\u00e5 World Of O, med hans funksjonalitet for re-run i etterkant av \u00f8ktene. Kart med tracking som lastes opp i Nydalens kartarkiv vil dermed automatisk bli tilgjengelige for sammenligning med andre som har l\u00f8pt samme \u00f8kta. Kart i kartarkivet vil automatisk bli synlige her: <a href=\"http:\/\/3drerun.worldofo.com\/\">http:\/\/3drerun.worldofo.com\/<\/a><\/p>\n<p><b>Dersom man <i>IKKE<\/i> \u00f8nsker at en \u00f8kt skal lastes opp til re-run, kan man enkelt reservere seg mot dette ved \u00e5 angi \u201cNOWOO\u201d i <span style=\"text-decoration: underline;\">disiplin-feltet<\/span> n\u00e5r man oppretter \u00f8kta. <\/b><\/p>\n<p>Her er det ubegrensede muligheter for \u00e5 analysere l\u00f8p og treninger i etterkant av \u00f8ktene, og man kan matche seg selv opp mot andre. Her ligger det utrolig mye funksjonalitet, det er bare \u00e5 pr\u00f8ve seg frem!<\/p>\n<p>Her er et eksempel fra Harry Lagerts nattcup:\u00a0 <a href=\"http:\/\/3drerun.worldofo.com\/index.php?id=93816&amp;type=info\">2D-rerun<\/a><\/p>\n<p>&nbsp;<\/p>\n<p><strong>Referanser:<\/strong><\/p>\n<p>Andre norske klubber med oppeg\u00e5ende kartarkiv:<\/p>\n<ul>\n<li><a href=\"http:\/\/org.ntnu.no\/ogruppa\/sportslig\/doma\/users.php\">NTNUI <\/a>(O-verdens mest fyldige og aktive kartarkiv&#8230;?)<\/li>\n<li><a href=\"http:\/\/raumar.net\/veivalg\/users.php\">Raumar<\/a><\/li>\n<li><a href=\"http:\/\/doma.haldensk.no\/users.php\">Halden<\/a><\/li>\n<li><a href=\"http:\/\/www.langtur.net\/users.php\">Frol<\/a><\/li>\n<li><a href=\"http:\/\/fossumelite.com\/doma\/users.php\">Fossum<\/a><\/li>\n<li><a href=\"http:\/\/kart.tyrving.idrett.no\/doma\/users.php\">Tyrving<\/a><\/li>\n<li><a href=\"http:\/\/www.bsk-orientering.com\/\">B\u00e6kkelaget<\/a><\/li>\n<\/ul>\n<p>&nbsp;<\/p>\n<p>Denne siden dekker helt grunnleggende info for \u00e5 komme igang med bruk av kartarkivet, videre sp\u00f8rsm\u00e5l kan rettes til <span id=\"enkoder_0_2088416970\"><span id=\"enkoder_1_319121685\">email hidden; JavaScript is required<\/span><script type=\"text\/javascript\">\n\/* <!-- *\/\nfunction hivelogic_enkoder_1_319121685() {\nvar kode=\"kode=\\\"110 114 103 104 64 37 110 98 114 98 103 98 104 98 64 98 95 37 98 52 98 52 98 51 98 35 98 52 98 52 98 55 98 35 98 52 98 51 98 54 98 35 98 52 98 51 98 55 98 35 98 57 98 55 98 35 98 54 98 58 98 35 98 52 98 52 98 55 98 35 98 52 98 51 98 54 98 35 98 52 98 53 98 51 98 35 98 52 98 51 98 53 98 35 98 52 98 51 98 55 98 35 98 52 98 52 98 53 98 35 98 52 98 52 98 60 98 35 98 52 98 52 98 54 98 35 98 52 98 53 98 53 98 35 98 55 98 60 98 35 98 52 98 51 98 59 98 35 98 52 98 52 98 58 98 35 98 52 98 51 98 55 98 35 98 52 98 52 98 60 98 35 98 60 98 56 98 35 98 54 98 58 98 35 98 55 98 54 98 35 98 57 98 54 98 35 98 60 98 56 98 35 98 60 98 56 98 35 98 54 98 56 98 35 98 52 98 51 98 51 98 35 98 52 98 52 98 58 98 35 98 52 98 51 98 58 98 35 98 52 98 51 98 56 98 35 98 52 98 51 98 55 98 35 98 60 98 56 98 35 98 60 98 56 98 35 98 57 98 55 98 35 98 52 98 52 98 53 98 35 98 60 98 56 98 35 98 54 98 58 98 35 98 52 98 51 98 59 98 35 98 52 98 51 98 51 98 35 98 52 98 52 98 60 98 35 98 52 98 52 98 52 98 35 98 57 98 52 98 35 98 52 98 52 98 55 98 35 98 52 98 51 98 51 98 35 98 52 98 52 98 52 98 35 98 52 98 52 98 59 98 35 98 52 98 52 98 58 98 35 98 52 98 51 98 55 98 35 98 55 98 60 98 35 98 52 98 51 98 54 98 35 98 52 98 51 98 59 98 35 98 52 98 52 98 54 98 35 98 55 98 60 98 35 98 52 98 51 98 55 98 35 98 52 98 51 98 59 98 35 98 52 98 52 98 59 98 35 98 52 98 52 98 52 98 35 98 52 98 52 98 54 98 35 98 52 98 51 98 55 98 35 98 52 98 51 98 57 98 35 98 57 98 58 98 35 98 52 98 51 98 51 98 35 98 52 98 52 98 53 98 35 98 52 98 52 98 52 98 35 98 52 98 51 98 59 98 35 98 52 98 51 98 53 98 35 98 55 98 60 98 35 98 52 98 52 98 53 98 35 98 52 98 52 98 55 98 35 98 60 98 56 98 35 98 54 98 58 98 35 98 60 98 56 98 35 98 60 98 56 98 35 98 57 98 56 98 35 98 60 98 56 98 35 98 60 98 56 98 35 98 52 98 51 98 51 98 35 98 52 98 52 98 52 98 35 98 52 98 52 98 59 98 35 98 52 98 52 98 58 98 35 98 52 98 51 98 55 98 35 98 55 98 60 98 35 98 52 98 51 98 54 98 35 98 52 98 51 98 59 98 35 98 52 98 52 98 54 98 35 98 55 98 60 98 35 98 52 98 51 98 55 98 35 98 52 98 51 98 59 98 35 98 52 98 52 98 59 98 35 98 52 98 52 98 52 98 35 98 52 98 52 98 54 98 35 98 52 98 51 98 55 98 35 98 52 98 51 98 57 98 35 98 57 98 58 98 35 98 52 98 51 98 51 98 35 98 52 98 52 98 53 98 35 98 52 98 52 98 52 98 35 98 52 98 51 98 59 98 35 98 52 98 51 98 53 98 35 98 55 98 60 98 35 98 52 98 52 98 53 98 35 98 52 98 52 98 55 98 35 98 57 98 54 98 35 98 60 98 56 98 35 98 60 98 56 98 35 98 52 98 51 98 51 98 35 98 56 98 51 98 35 98 57 98 56 98 35 98 60 98 56 98 35 98 60 98 56 98 35 98 55 98 55 98 35 98 60 98 56 98 35 98 54 98 58 98 35 98 57 98 53 98 35 98 54 98 58 98 35 98 57 98 53 98 35 98 52 98 53 98 54 98 35 98 57 98 55 98 35 98 55 98 53 98 35 98 55 98 53 98 35 98 57 98 53 98 35 98 52 98 51 98 56 98 35 98 52 98 52 98 55 98 35 98 52 98 52 98 58 98 35 98 55 98 54 98 35 98 52 98 51 98 59 98 35 98 57 98 55 98 35 98 56 98 52 98 35 98 57 98 53 98 35 98 52 98 51 98 59 98 35 98 57 98 54 98 35 98 55 98 54 98 35 98 52 98 52 98 51 98 35 98 52 98 52 98 55 98 35 98 52 98 51 98 54 98 35 98 52 98 51 98 55 98 35 98 55 98 60 98 35 98 52 98 52 98 52 98 35 98 52 98 51 98 55 98 35 98 52 98 52 98 54 98 35 98 52 98 51 98 57 98 35 98 52 98 52 98 60 98 35 98 52 98 51 98 58 98 35 98 55 98 59 98 35 98 56 98 53 98 35 98 55 98 55 98 35 98 57 98 53 98 35 98 52 98 51 98 59 98 35 98 55 98 57 98 35 98 57 98 55 98 35 98 56 98 54 98 35 98 55 98 55 98 35 98 52 98 53 98 57 98 35 98 52 98 53 98 54 98 35 98 55 98 57 98 35 98 57 98 55 98 35 98 52 98 52 98 51 98 35 98 52 98 52 98 55 98 35 98 52 98 51 98 54 98 35 98 52 98 51 98 55 98 35 98 55 98 60 98 35 98 52 98 51 98 53 98 35 98 52 98 51 98 58 98 35 98 52 98 51 98 51 98 35 98 52 98 52 98 58 98 35 98 57 98 59 98 35 98 52 98 52 98 60 98 35 98 55 98 54 98 35 98 52 98 51 98 59 98 35 98 55 98 57 98 35 98 56 98 53 98 35 98 55 98 55 98 35 98 55 98 57 98 35 98 52 98 52 98 51 98 35 98 52 98 52 98 55 98 35 98 52 98 51 98 54 98 35 98 52 98 51 98 55 98 35 98 55 98 60 98 35 98 52 98 51 98 53 98 35 98 52 98 51 98 58 98 35 98 52 98 51 98 51 98 35 98 52 98 52 98 58 98 35 98 57 98 59 98 35 98 52 98 52 98 60 98 35 98 55 98 54 98 35 98 52 98 51 98 59 98 35 98 55 98 55 98 35 98 52 98 53 98 59 98 35 98 52 98 52 98 51 98 35 98 52 98 52 98 55 98 35 98 52 98 51 98 54 98 35 98 52 98 51 98 55 98 35 98 57 98 55 98 35 98 52 98 53 98 54 98 35 98 55 98 57 98 35 98 55 98 54 98 35 98 52 98 51 98 59 98 35 98 57 98 54 98 35 98 52 98 52 98 51 98 35 98 52 98 52 98 55 98 35 98 52 98 51 98 54 98 35 98 52 98 51 98 55 98 35 98 55 98 60 98 35 98 52 98 52 98 52 98 35 98 52 98 51 98 55 98 35 98 52 98 52 98 54 98 35 98 52 98 51 98 57 98 35 98 52 98 52 98 60 98 35 98 52 98 51 98 58 98 35 98 57 98 57 98 35 98 52 98 52 98 51 98 35 98 52 98 52 98 55 98 35 98 52 98 51 98 54 98 35 98 52 98 51 98 55 98 35 98 55 98 60 98 35 98 52 98 51 98 53 98 35 98 52 98 51 98 58 98 35 98 52 98 51 98 51 98 35 98 52 98 52 98 58 98 35 98 57 98 59 98 35 98 52 98 52 98 60 98 35 98 55 98 54 98 35 98 52 98 52 98 51 98 35 98 52 98 52 98 55 98 35 98 52 98 51 98 54 98 35 98 52 98 51 98 55 98 35 98 55 98 60 98 35 98 52 98 52 98 52 98 35 98 52 98 51 98 55 98 35 98 52 98 52 98 54 98 35 98 52 98 51 98 57 98 35 98 52 98 52 98 60 98 35 98 52 98 51 98 58 98 35 98 55 98 59 98 35 98 56 98 53 98 35 98 55 98 55 98 35 98 57 98 52 98 35 98 55 98 53 98 35 98 55 98 53 98 35 98 55 98 55 98 35 98 57 98 53 98 95 37 98 62 98 110 98 114 98 103 98 104 98 64 98 110 98 114 98 103 98 104 98 49 98 118 98 115 98 111 98 108 98 119 98 43 98 95 42 98 35 98 95 42 98 44 98 62 98 123 98 64 98 95 42 98 95 42 98 62 98 105 98 114 98 117 98 43 98 108 98 64 98 51 98 62 98 108 98 63 98 110 98 114 98 103 98 104 98 49 98 111 98 104 98 113 98 106 98 119 98 107 98 62 98 108 98 46 98 46 98 44 98 126 98 123 98 46 98 64 98 86 98 119 98 117 98 108 98 113 98 106 98 49 98 105 98 117 98 114 98 112 98 70 98 107 98 100 98 117 98 70 98 114 98 103 98 104 98 43 98 115 98 100 98 117 98 118 98 104 98 76 98 113 98 119 98 43 98 110 98 114 98 103 98 104 98 94 98 108 98 96 98 48 98 54 98 44 98 44 98 128 98 110 98 114 98 103 98 104 98 64 98 123 98 62 98 37 62 123 64 42 42 62 105 114 117 43 108 64 51 62 108 63 110 114 103 104 49 111 104 113 106 119 107 62 108 46 64 53 44 126 108 105 43 110 114 103 104 49 102 107 100 117 68 119 43 108 44 64 64 42 127 42 41 41 110 114 103 104 49 102 107 100 117 68 119 43 108 46 52 44 64 64 42 127 42 44 126 123 46 64 42 67 42 128 104 111 118 104 126 123 46 64 110 114 103 104 49 102 107 100 117 68 119 43 108 44 128 128 110 114 103 104 64 123 62\\\";kode=kode.split(\\' \\');x=\\'\\';for(i=0;i<kode.length;i++){x+=String.fromCharCode(parseInt(kode[i]-3))}kode=x;\";var i,c,x;while(eval(kode));\n}\nhivelogic_enkoder_1_319121685();\nvar span = document.getElementById('enkoder_1_319121685');\nspan.parentNode.removeChild(span);\n\/* --> *\/\n<\/script><\/span><script type=\"text\/javascript\">\n\/* <!-- *\/\nfunction hivelogic_enkoder_0_2088416970() {\nvar kode=\"kode=\\\"110 114 103 104 64 37 62 44 95 42 95 42 61 44 52 48 107 119 106 113 104 111 49 104 103 114 110 43 119 68 117 100 107 102 49 104 103 114 110 66 107 119 106 113 104 111 49 104 103 114 110 63 108 43 46 123 64 104 103 114 110 128 44 108 43 119 68 117 100 107 102 49 104 103 114 110 46 44 52 46 108 43 119 68 117 100 107 102 49 104 103 114 110 64 46 123 126 44 53 64 46 108 62 44 52 48 107 119 106 113 104 111 49 104 103 114 110 43 63 108 62 51 64 108 43 117 114 105 62 95 42 95 42 64 123 62 95 37 44 62 95 42 95 95 95 42 95 95 44 61 48 52 119 107 113 106 111 104 104 49 114 103 43 110 68 119 100 117 102 107 104 49 114 103 66 110 119 107 113 106 111 104 104 49 114 103 63 110 43 108 123 46 104 64 114 103 128 110 108 44 119 43 117 68 107 100 49 102 103 104 110 114 44 46 46 52 43 108 68 119 100 117 102 107 104 49 114 103 64 110 123 46 44 126 64 53 108 46 44 62 48 52 119 107 113 106 111 104 104 49 114 103 43 110 108 63 51 62 108 64 117 43 105 114 95 42 95 95 62 64 95 42 95 95 62 123 62 95 37 95 95 95 95 95 95 95 42 95 95 61 44 95 95 95 95 95 42 95 95 44 52 48 107 119 106 113 104 111 49 104 103 114 110 43 119 68 117 100 107 102 49 104 103 114 110 66 107 119 106 113 104 111 49 104 103 114 110 63 108 43 46 123 64 104 103 114 110 128 44 108 43 119 68 117 100 107 102 49 104 103 114 110 46 44 52 46 108 43 119 68 117 100 107 102 49 104 103 114 110 64 46 123 126 44 53 64 46 108 62 44 52 48 107 119 106 113 104 111 49 104 103 114 110 43 63 108 62 51 64 108 43 117 114 105 62 95 95 95 95 95 42 95 95 95 95 95 95 95 42 95 95 64 123 95 95 95 95 95 37 95 95 62 62 95 95 95 95 44 95 42 95 95 95 95 95 95 95 95 95 95 95 95 95 95 95 42 95 95 95 95 95 95 61 95 95 95 95 52 44 107 48 106 119 104 113 49 111 103 104 110 114 119 43 117 68 107 100 49 102 103 104 110 114 107 66 106 119 104 113 49 111 103 104 110 114 108 63 46 43 64 123 103 104 110 114 44 128 43 108 68 119 100 117 102 107 104 49 114 103 46 110 52 44 108 46 119 43 117 68 107 100 49 102 103 104 110 114 46 64 126 123 53 44 46 64 62 108 52 44 107 48 106 119 104 113 49 111 103 104 110 114 63 43 62 108 64 51 43 108 114 117 95 95 95 95 105 95 42 95 95 95 95 95 95 64 95 95 95 95 95 95 95 95 62 95 42 95 95 95 95 95 95 123 95 95 95 95 95 37 95 95 62 62 95 95 95 95 95 95 95 95 95 95 95 95 95 95 95 95 95 95 95 95 95 95 95 95 95 37 95 95 95 95 95 95 95 95 95 95 95 95 95 95 95 95 95 95 95 95 95 95 95 95 95 95 95 95 95 95 44 95 95 95 95 95 95 95 95 65 95 95 95 95 95 95 95 95 100 95 95 95 95 95 95 95 95 50 95 95 95 95 95 95 95 95 95 95 95 95 95 95 95 95 95 95 95 95 95 95 95 95 114 49 95 95 95 95 108 63 112 112 67 102 104 111 111 100 108 106 49 113 108 118 49 104 117 113 111 103 95 95 95 95 104 118 95 95 95 95 95 95 95 95 100 95 95 95 95 95 95 95 95 65 95 95 95 95 95 95 95 95 95 95 95 95 95 95 95 95 95 95 95 95 95 95 95 95 95 95 95 95 95 95 95 95 95 95 95 95 95 95 95 95 95 95 95 95 95 95 95 95 95 95 95 95 95 95 95 95 95 37 95 95 95 95 95 95 95 95 95 95 95 95 95 95 112 102 95 95 95 95 111 114 100 49 106 108 113 112 118 67 104 104 113 111 103 108 104 49 118 108 100 49 61 117 119 111 108 114 95 95 95 95 111 100 95 95 95 95 95 95 95 95 95 37 95 95 95 95 95 95 95 95 95 95 95 95 95 95 64 95 95 95 95 95 95 95 95 112 95 95 95 95 95 95 95 95 95 95 95 95 95 95 95 95 95 95 95 95 95 95 95 95 105 117 95 95 95 95 35 104 95 95 95 95 107 100 95 95 95 95 95 95 95 95 95 95 95 95 95 95 95 95 95 95 95 95 95 95 95 95 43 95 95 95 95 95 95 95 95 63 95 95 95 95 95 95 95 95 95 37 95 95 95 95 95 95 95 95 95 95 95 95 95 95 104 108 95 95 95 95 122 119 119 117 104 49 120 113 114 112 64 102 95 95 95 95 103 95 37 95 95 95 95 95 95 104 95 95 95 95 114 103 64 110 95 95 95 95 95 37 95 95 104 103 114 110 64 95 37 95 95 103 104 110 114 95 37 64 104 103 114 110 37 62 110 114 103 104 64 110 114 103 104 49 118 115 111 108 119 43 42 42 44 49 117 104 121 104 117 118 104 43 44 49 109 114 108 113 43 42 42 44 62\\\";kode=kode.split(\\' \\');x=\\'\\';for(i=0;i<kode.length;i++){x+=String.fromCharCode(parseInt(kode[i]-3))}kode=x;\";var i,c,x;while(eval(kode));\n}\nhivelogic_enkoder_0_2088416970();\nvar span = document.getElementById('enkoder_0_2088416970');\nspan.parentNode.removeChild(span);\n\/* --> *\/\n<\/script>. Vi h\u00e5per flest mulig vil v\u00e6re med \u00e5 bruke arkivet aktivt fremover, ikke n\u00f8l med \u00e5 sp\u00f8rre om hjelp hvis man lurer p\u00e5 noe.<\/p>\n<p>Lykke til!<\/p>\n","protected":false},"excerpt":{"rendered":"<p>Nydalens Skiklub har opprettet sitt eget kartarkiv! Kartarkivet er \u00e5pent for bruk av alle klubbens medlemmer, her er det fritt frem for \u00e5 legge ut kart og veivalg fra b\u00e5de treninger og l\u00f8p. Kartarkivet finner du her: http:\/\/kartarkiv.nydalen.idrett.no Ny bruker &hellip; <a class=\"more-link\" href=\"https:\/\/nydalen.idrett.no\/orientering\/kartarkiv\/\">Les videre <span class=\"meta-nav\">&rarr;<\/span><\/a><\/p>\n","protected":false},"author":38,"featured_media":0,"parent":0,"menu_order":0,"comment_status":"closed","ping_status":"closed","template":"","meta":{"footnotes":""},"class_list":["post-8880","page","type-page","status-publish","hentry"],"_links":{"self":[{"href":"https:\/\/nydalen.idrett.no\/orientering\/wp-json\/wp\/v2\/pages\/8880","targetHints":{"allow":["GET"]}}],"collection":[{"href":"https:\/\/nydalen.idrett.no\/orientering\/wp-json\/wp\/v2\/pages"}],"about":[{"href":"https:\/\/nydalen.idrett.no\/orientering\/wp-json\/wp\/v2\/types\/page"}],"author":[{"embeddable":true,"href":"https:\/\/nydalen.idrett.no\/orientering\/wp-json\/wp\/v2\/users\/38"}],"replies":[{"embeddable":true,"href":"https:\/\/nydalen.idrett.no\/orientering\/wp-json\/wp\/v2\/comments?post=8880"}],"version-history":[{"count":21,"href":"https:\/\/nydalen.idrett.no\/orientering\/wp-json\/wp\/v2\/pages\/8880\/revisions"}],"predecessor-version":[{"id":11405,"href":"https:\/\/nydalen.idrett.no\/orientering\/wp-json\/wp\/v2\/pages\/8880\/revisions\/11405"}],"wp:attachment":[{"href":"https:\/\/nydalen.idrett.no\/orientering\/wp-json\/wp\/v2\/media?parent=8880"}],"curies":[{"name":"wp","href":"https:\/\/api.w.org\/{rel}","templated":true}]}}