{"id":8444,"date":"2013-02-26T20:19:21","date_gmt":"2013-02-26T19:19:21","guid":{"rendered":"http:\/\/nydalen.idrett.no\/orientering\/?page_id=8444"},"modified":"2019-06-13T21:36:01","modified_gmt":"2019-06-13T19:36:01","slug":"bruktklaer-for-barn-og-ungdom","status":"publish","type":"page","link":"https:\/\/nydalen.idrett.no\/orientering\/bruktklaer-for-barn-og-ungdom\/","title":{"rendered":"Bruktkl\u00e6r for barn og ungdom"},"content":{"rendered":"<p>Selv om orientering ikke er den mest utstyrskrevende idretten, kan det v\u00e6re kjekt \u00e5 slippe \u00e5 kj\u00f8pe helt nytt hver gang de h\u00e5pefulle strekker seg enda noen centimeter.<\/p>\n<p>Det er opprettet en gruppe p\u00e5 Facebook <a href=\"https:\/\/www.facebook.com\/groups\/140880749900862\" target=\"_blank\" rel=\"noopener noreferrer\">Bruktmarked Nydalens Skiklub<\/a> der alle kan gi bort eller selge utstyr de ikke trenger lenger &#8211; eller en kan sp\u00f8rre n\u00e5r en trenger hjelp til \u00e5 skaffe seg utstyr.<\/p>\n<p>Gruppen er naturligvis \u00e5pen for alle aldersgrupper.<\/p>\n","protected":false},"excerpt":{"rendered":"<p>Selv om orientering ikke er den mest utstyrskrevende idretten, kan det v\u00e6re kjekt \u00e5 slippe \u00e5 kj\u00f8pe helt nytt hver gang de h\u00e5pefulle strekker seg enda noen centimeter. Det er opprettet en gruppe p\u00e5 Facebook Bruktmarked Nydalens Skiklub der alle &hellip; <a class=\"more-link\" href=\"https:\/\/nydalen.idrett.no\/orientering\/bruktklaer-for-barn-og-ungdom\/\">Les videre <span class=\"meta-nav\">&rarr;<\/span><\/a><\/p>\n","protected":false},"author":34,"featured_media":0,"parent":0,"menu_order":0,"comment_status":"closed","ping_status":"closed","template":"onecolumn-page.php","meta":{"footnotes":""},"class_list":["post-8444","page","type-page","status-publish","hentry"],"_links":{"self":[{"href":"https:\/\/nydalen.idrett.no\/orientering\/wp-json\/wp\/v2\/pages\/8444","targetHints":{"allow":["GET"]}}],"collection":[{"href":"https:\/\/nydalen.idrett.no\/orientering\/wp-json\/wp\/v2\/pages"}],"about":[{"href":"https:\/\/nydalen.idrett.no\/orientering\/wp-json\/wp\/v2\/types\/page"}],"author":[{"embeddable":true,"href":"https:\/\/nydalen.idrett.no\/orientering\/wp-json\/wp\/v2\/users\/34"}],"replies":[{"embeddable":true,"href":"https:\/\/nydalen.idrett.no\/orientering\/wp-json\/wp\/v2\/comments?post=8444"}],"version-history":[{"count":22,"href":"https:\/\/nydalen.idrett.no\/orientering\/wp-json\/wp\/v2\/pages\/8444\/revisions"}],"predecessor-version":[{"id":16709,"href":"https:\/\/nydalen.idrett.no\/orientering\/wp-json\/wp\/v2\/pages\/8444\/revisions\/16709"}],"wp:attachment":[{"href":"https:\/\/nydalen.idrett.no\/orientering\/wp-json\/wp\/v2\/media?parent=8444"}],"curies":[{"name":"wp","href":"https:\/\/api.w.org\/{rel}","templated":true}]}}