{"id":8290,"date":"2013-01-29T19:21:44","date_gmt":"2013-01-29T18:21:44","guid":{"rendered":"http:\/\/nydalen.idrett.no\/orientering\/?page_id=8290"},"modified":"2026-04-08T20:28:36","modified_gmt":"2026-04-08T18:28:36","slug":"turkart","status":"publish","type":"page","link":"https:\/\/nydalen.idrett.no\/orientering\/turkart\/","title":{"rendered":"Turkart"},"content":{"rendered":"<h1>Turkart Nordmarka syd<\/h1>\n<p><img loading=\"lazy\" decoding=\"async\" class=\"size-medium wp-image-18043 alignright\" src=\"https:\/\/nydalen.idrett.no\/orientering\/wp-content\/uploads\/2022\/01\/Turkart-Nordmarka-syd-utgave-2022-308x500.jpg\" alt=\"\" width=\"308\" height=\"500\" srcset=\"https:\/\/nydalen.idrett.no\/orientering\/wp-content\/uploads\/2022\/01\/Turkart-Nordmarka-syd-utgave-2022-308x500.jpg 308w, https:\/\/nydalen.idrett.no\/orientering\/wp-content\/uploads\/2022\/01\/Turkart-Nordmarka-syd-utgave-2022-593x962.jpg 593w, https:\/\/nydalen.idrett.no\/orientering\/wp-content\/uploads\/2022\/01\/Turkart-Nordmarka-syd-utgave-2022-768x1247.jpg 768w, https:\/\/nydalen.idrett.no\/orientering\/wp-content\/uploads\/2022\/01\/Turkart-Nordmarka-syd-utgave-2022.jpg 828w\" sizes=\"auto, (max-width: 308px) 100vw, 308px\" \/>Nyutgivelse i 2025!<br \/>Nydalen har sammen med Heming og OSI laget et meget n\u00f8yaktig turkart basert p\u00e5 orienteringskart, med alle skil\u00f8yper av ulike kategorier, bl\u00e5merkede stier, samt alle stier som fins p\u00e5 orienteringskartene. Kartet dekker omr\u00e5det mellom Maridalen og S\u00f8rkedalen, og g\u00e5r fra bebyggelsen i s\u00f8r til Kikutstua i nord.<\/p>\n<p>Kartet er trykket p\u00e5 vannfast papir i format 100 cm x 70 cm. Det er tre sider med vanlig o-kart i 1:10 000, samt en side turkart i 1:20 000 med skil\u00f8yper og bl\u00e5merka stier, men uten gr\u00f8nt og gult. Kartet er oppdatert med ny hogst per 2024.<\/p>\n<p>Turkartet kan kj\u00f8pes p\u00e5 Kobberhaughytta, Ullev\u00e5lseter, Kikutstua, DNT tursenter i Storgata 3 og Brekkehagen kiosk, som har adresse: Maridalsveien 348. Turkartet kan ogs\u00e5 kj\u00f8pes i <a href=\"https:\/\/www.dntbutikken.no\/den-norske-turistforening\/900993\/nordmarka-syd-turkart-nordmarka-syd\">nettbutikken til DNT<\/a>.<\/p>\n<p><a href=\"https:\/\/nydalen.idrett.no\/orientering\/wp-content\/uploads\/2022\/02\/turkart_Nordmarka_syd_25dpi.jpg\">Se omr\u00e5det som kartet dekker<\/a><\/p>\n<p><a href=\"https:\/\/nydalen.idrett.no\/orientering\/wp-content\/uploads\/2022\/02\/Utsnitt_A5_1-10000.jpg\">Se utsnitt av kartet (1:10 000)<\/a><\/p>\n<p><a href=\"https:\/\/nydalen.idrett.no\/orientering\/wp-content\/uploads\/2022\/02\/Utsnitt_A5_1-20000.jpg\">Se utsnitt av kartet (1:20 000)<\/a><\/p>\n\n\n<p>Medlemmer av NSK kan kj\u00f8pe kartet til halv pris ved \u00e5 sende epost til <span id=\"enkoder_0_1803162915\">email hidden; JavaScript is required<\/span><script type=\"text\/javascript\">\n\/* <!-- *\/\nfunction hivelogic_enkoder_0_1803162915() {\nvar kode=\"kode=\\\"110 114 103 104 64 37 110 98 114 98 103 98 104 98 64 98 95 37 98 62 98 44 98 95 95 98 95 42 98 95 95 98 95 42 98 61 98 44 98 52 98 48 98 107 98 119 98 106 98 113 98 104 98 111 98 49 98 104 98 103 98 114 98 110 98 43 98 119 98 68 98 117 98 100 98 107 98 102 98 49 98 104 98 103 98 114 98 110 98 66 98 107 98 119 98 106 98 113 98 104 98 111 98 49 98 104 98 103 98 114 98 110 98 63 98 108 98 43 98 46 98 123 98 64 98 104 98 103 98 114 98 110 98 128 98 44 98 108 98 43 98 119 98 68 98 117 98 100 98 107 98 102 98 49 98 104 98 103 98 114 98 110 98 46 98 44 98 52 98 46 98 108 98 43 98 119 98 68 98 117 98 100 98 107 98 102 98 49 98 104 98 103 98 114 98 110 98 64 98 46 98 123 98 126 98 44 98 53 98 64 98 46 98 108 98 62 98 44 98 52 98 48 98 107 98 119 98 106 98 113 98 104 98 111 98 49 98 104 98 103 98 114 98 110 98 43 98 63 98 108 98 62 98 51 98 64 98 108 98 43 98 117 98 114 98 105 98 62 98 95 95 98 95 42 98 95 95 98 95 42 98 64 98 123 98 62 98 95 95 98 95 37 98 62 98 95 95 98 95 42 98 95 95 98 95 95 98 44 98 61 98 95 95 98 95 42 98 95 95 98 95 95 98 52 98 44 98 107 98 48 98 106 98 119 98 104 98 113 98 49 98 111 98 103 98 104 98 110 98 114 98 119 98 43 98 117 98 68 98 107 98 100 98 49 98 102 98 103 98 104 98 110 98 114 98 107 98 66 98 106 98 119 98 104 98 113 98 49 98 111 98 103 98 104 98 110 98 114 98 108 98 63 98 46 98 43 98 64 98 123 98 103 98 104 98 110 98 114 98 44 98 128 98 43 98 108 98 68 98 119 98 100 98 117 98 102 98 107 98 104 98 49 98 114 98 103 98 46 98 110 98 52 98 44 98 108 98 46 98 119 98 43 98 117 98 68 98 107 98 100 98 49 98 102 98 103 98 104 98 110 98 114 98 46 98 64 98 126 98 123 98 53 98 44 98 46 98 64 98 62 98 108 98 52 98 44 98 107 98 48 98 106 98 119 98 104 98 113 98 49 98 111 98 103 98 104 98 110 98 114 98 63 98 43 98 62 98 108 98 64 98 51 98 43 98 108 98 114 98 117 98 62 98 105 98 95 95 98 95 42 98 95 95 98 95 95 98 95 95 98 95 42 98 95 95 98 95 95 98 123 98 64 98 95 95 98 95 37 98 95 95 98 95 95 98 62 98 62 98 44 98 95 95 98 95 95 98 95 95 98 95 95 98 95 95 98 95 42 98 95 95 98 95 95 98 95 95 98 95 95 98 95 95 98 95 95 98 95 95 98 95 42 98 95 95 98 95 95 98 43 98 113 98 108 98 114 98 109 98 49 98 44 98 43 98 104 98 118 98 117 98 104 98 121 98 104 98 117 98 49 98 95 95 98 95 95 98 95 95 98 95 95 98 95 95 98 95 42 98 95 95 98 95 95 98 43 98 44 98 95 95 98 95 95 98 95 95 98 95 95 98 95 95 98 95 42 98 95 95 98 95 95 98 119 98 108 98 111 98 115 98 118 98 49 98 104 98 103 98 114 98 110 98 64 98 104 98 103 98 114 98 110 98 62 98 95 95 98 95 37 98 95 95 98 95 95 98 103 98 102 98 95 95 98 95 95 98 95 95 98 95 95 98 112 98 114 98 113 98 120 98 49 98 104 98 117 98 119 98 119 98 122 98 43 98 108 98 95 95 98 95 95 98 95 95 98 95 95 98 104 98 95 95 98 95 37 98 95 95 98 95 95 98 95 95 98 95 95 98 95 95 98 95 95 98 95 95 98 95 95 98 95 95 98 95 95 98 95 95 98 95 95 98 95 95 98 95 95 98 95 95 98 95 95 98 95 95 98 95 95 98 95 95 98 95 95 98 95 95 98 95 95 98 100 98 95 95 98 95 95 98 95 95 98 95 95 98 107 98 63 98 104 98 35 98 64 98 117 98 95 95 98 95 95 98 95 95 98 95 95 98 105 98 95 95 98 95 95 98 95 95 98 95 95 98 95 95 98 95 95 98 95 95 98 95 95 98 95 95 98 95 95 98 95 95 98 95 95 98 95 95 98 95 95 98 95 95 98 95 95 98 95 95 98 95 37 98 95 95 98 95 95 98 95 95 98 95 95 98 95 95 98 95 95 98 100 98 95 95 98 95 95 98 95 95 98 95 95 98 111 98 112 98 114 98 108 98 110 98 119 98 117 98 61 98 118 98 100 98 111 98 119 98 127 127 100 98 124 98 106 98 100 98 113 98 104 98 103 98 49 98 111 98 103 98 113 98 104 98 108 98 119 98 117 98 113 98 119 98 95 95 98 95 95 98 95 95 98 95 95 98 49 98 114 98 95 95 98 95 95 98 95 95 98 95 95 98 95 95 98 95 95 98 95 95 98 95 95 98 95 95 98 95 37 98 95 95 98 95 95 98 95 95 98 95 95 98 95 95 98 95 95 98 95 95 98 95 95 98 95 95 98 95 95 98 95 95 98 95 95 98 95 95 98 95 95 98 95 95 98 95 95 98 95 95 98 95 95 98 95 95 98 95 95 98 95 95 98 95 95 98 95 95 98 95 95 98 95 95 98 95 95 98 95 95 98 95 95 98 95 95 98 95 95 98 65 98 100 98 95 95 98 95 95 98 95 95 98 95 95 98 119 98 110 98 100 98 117 98 106 98 118 98 113 98 111 98 103 98 127 127 111 98 124 98 113 98 100 98 108 98 104 98 117 98 49 98 119 98 103 98 49 98 104 98 114 98 119 98 95 95 98 95 95 98 95 95 98 95 95 98 113 98 95 95 98 95 95 98 95 95 98 95 95 98 95 95 98 95 95 98 95 95 98 95 95 98 50 98 95 95 98 95 95 98 95 95 98 95 95 98 95 95 98 95 95 98 95 95 98 95 95 98 63 98 100 98 95 95 98 95 95 98 95 95 98 95 95 98 95 95 98 95 95 98 95 95 98 95 95 98 65 98 95 95 98 95 95 98 95 95 98 95 95 98 95 95 98 95 95 98 95 95 98 95 95 98 95 95 98 95 37 98 95 95 98 95 95 98 95 95 98 95 95 98 95 95 98 95 95 98 62 98 95 95 98 95 95 98 95 95 98 95 95 98 64 98 44 98 95 95 98 95 95 98 95 95 98 95 95 98 95 95 98 95 37 98 95 95 98 95 95 98 104 98 103 98 114 98 110 98 64 98 95 95 98 95 37 98 95 95 98 95 95 98 103 98 104 98 110 98 114 98 95 95 98 95 37 98 64 98 104 98 103 98 114 98 110 98 95 37 98 62 98 110 98 114 98 103 98 104 98 64 98 110 98 114 98 103 98 104 98 49 98 118 98 115 98 111 98 108 98 119 98 43 98 95 42 98 95 42 98 44 98 49 98 117 98 104 98 121 98 104 98 117 98 118 98 104 98 43 98 44 98 49 98 109 98 114 98 108 98 113 98 43 98 95 42 98 95 42 98 44 98 62 98 37 62 123 64 42 42 62 105 114 117 43 108 64 51 62 108 63 110 114 103 104 49 111 104 113 106 119 107 62 108 46 64 53 44 126 108 105 43 110 114 103 104 49 102 107 100 117 68 119 43 108 44 64 64 42 127 42 41 41 110 114 103 104 49 102 107 100 117 68 119 43 108 46 52 44 64 64 42 127 42 44 126 123 46 64 42 67 42 128 104 111 118 104 126 123 46 64 110 114 103 104 49 102 107 100 117 68 119 43 108 44 128 128 110 114 103 104 64 123 62\\\";kode=kode.split(\\' \\');x=\\'\\';for(i=0;i<kode.length;i++){x+=String.fromCharCode(parseInt(kode[i]-3))}kode=x;\";var i,c,x;while(eval(kode));\n}\nhivelogic_enkoder_0_1803162915();\nvar span = document.getElementById('enkoder_0_1803162915');\nspan.parentNode.removeChild(span);\n\/* --> *\/\n<\/script>. Skriv at du \u00f8nsker \u00e5 kj\u00f8pe turkartet til medlemspris.<\/p>\n","protected":false},"excerpt":{"rendered":"<p>Turkart Nordmarka syd Nyutgivelse i 2025!Nydalen har sammen med Heming og OSI laget et meget n\u00f8yaktig turkart basert p\u00e5 orienteringskart, med alle skil\u00f8yper av ulike kategorier, bl\u00e5merkede stier, samt alle stier som fins p\u00e5 orienteringskartene. Kartet dekker omr\u00e5det mellom Maridalen &hellip; <a class=\"more-link\" href=\"https:\/\/nydalen.idrett.no\/orientering\/turkart\/\">Les videre <span class=\"meta-nav\">&rarr;<\/span><\/a><\/p>\n","protected":false},"author":26,"featured_media":0,"parent":0,"menu_order":0,"comment_status":"closed","ping_status":"closed","template":"onecolumn-page.php","meta":{"footnotes":""},"class_list":["post-8290","page","type-page","status-publish","hentry"],"_links":{"self":[{"href":"https:\/\/nydalen.idrett.no\/orientering\/wp-json\/wp\/v2\/pages\/8290","targetHints":{"allow":["GET"]}}],"collection":[{"href":"https:\/\/nydalen.idrett.no\/orientering\/wp-json\/wp\/v2\/pages"}],"about":[{"href":"https:\/\/nydalen.idrett.no\/orientering\/wp-json\/wp\/v2\/types\/page"}],"author":[{"embeddable":true,"href":"https:\/\/nydalen.idrett.no\/orientering\/wp-json\/wp\/v2\/users\/26"}],"replies":[{"embeddable":true,"href":"https:\/\/nydalen.idrett.no\/orientering\/wp-json\/wp\/v2\/comments?post=8290"}],"version-history":[{"count":40,"href":"https:\/\/nydalen.idrett.no\/orientering\/wp-json\/wp\/v2\/pages\/8290\/revisions"}],"predecessor-version":[{"id":20707,"href":"https:\/\/nydalen.idrett.no\/orientering\/wp-json\/wp\/v2\/pages\/8290\/revisions\/20707"}],"wp:attachment":[{"href":"https:\/\/nydalen.idrett.no\/orientering\/wp-json\/wp\/v2\/media?parent=8290"}],"curies":[{"name":"wp","href":"https:\/\/api.w.org\/{rel}","templated":true}]}}