{"id":5698,"date":"2012-04-22T19:45:39","date_gmt":"2012-04-22T17:45:39","guid":{"rendered":"http:\/\/nydalen.idrett.no\/orientering\/?page_id=5698"},"modified":"2025-03-26T21:41:32","modified_gmt":"2025-03-26T20:41:32","slug":"informationskanaler","status":"publish","type":"page","link":"https:\/\/nydalen.idrett.no\/orientering\/informationskanaler\/","title":{"rendered":"Informasjonskanaler"},"content":{"rendered":"\n<h3 class=\"wp-block-heading\">Spond<\/h3>\n\n\n\n<p>Nydalens SK har tatt i bruk <a href=\"https:\/\/www.spond.com\/no\/\">Spond<\/a> som hovedkanal for internkommunikasjon. For \u00e5 bli med i gruppen for informasjon til hele klubben bruk koden <a href=\"https:\/\/group.spond.com\/ASXLQ\">ASXLQ<\/a> i appen eller opprett bruker p\u00e5 websiden til Spond. <a href=\"https:\/\/nydalen.idrett.no\/orientering\/barn-ungdom\/ungdom-13-16-ar\/\">Ungdomsgruppa <\/a>vil inntil videre fortsatt ha egen gruppe i Spond og for barn og foresatte for 8-12 \u00e5r vil det ogs\u00e5 v\u00e6re en egen gruppe, se innmeldingsskjema hos <a href=\"https:\/\/nydalen.idrett.no\/orientering\/barn-ungdom\/rekruttene-8-12-ar\/\">L\u00f8p og lek<\/a>.<\/p>\n\n\n\n<p>I gruppen for informasjon til hele klubben vil det v\u00e6re flere undergrupper, typisk inndeling etter alder og vi har ogs\u00e5 flyttet inn enkelte arrang\u00f8rkomiteer, bruktmarked og sommer- og ferieturer (tidligere Facebookgrupper vil legges ned). Ta kontakt med en administrator p\u00e5 Spond for \u00e5 bli lagt til eller fjernet fra undergrupper. <\/p>\n\n\n\n<p>For L\u00f8p og lek og ungdomsgruppa er Spond viktigste kanal for informasjon. Spond blir benyttet til p\u00e5melding til alle treninger og til mange klubbsamlinger (i tillegg til Eventor). Ta kontakt med trener eller oppmann for gruppene for \u00e5 f\u00e5 Spondinvitasjon. Oversikt over kontaktpersoner finnes under <a href=\"https:\/\/nydalen.idrett.no\/orientering\/barn-ungdom\/\">Barn\/ungdom<\/a> i menyen.<\/p>\n\n\n\n<hr class=\"wp-block-separator has-alpha-channel-opacity\"\/>\n\n\n\n<h3 class=\"wp-block-heading\">Hjemmesiden<\/h3>\n\n\n\n<p>Hjemmesiden vil v\u00e6re v\u00e5r viktigste kanal utad med b\u00e5de oppdatert informasjon om klubben og nyheter som viser aktiviteten v\u00e5r.<\/p>\n\n\n\n<p>P\u00e5melding til interne og eksterne turer og l\u00f8p settes opp i <a href=\"http:\/\/eventor.orientering.no\">Eventor<\/a>, hvor alle med vanlig Eventor-bruker enkelt kan lage p\u00e5meldingsskjemaer. Aktuelle skjemaer lenkes automatisk inn i h\u00f8yrekolonnen p\u00e5 hjemmesiden.<\/p>\n\n\n\n<p>Se her for instruksjoner til hvordan du skriver en nyhet p\u00e5 hjemmesiden:&nbsp;<a href=\"nydalen.idrett.no\/orientering\/publisering\">nydalen.idrett.no\/orientering\/publisering<\/a><\/p>\n\n\n\n<ul class=\"wp-block-list\">\n<li>Tips 1: Nyhetene er kommenterbare, bruk gjerne dette hvis du har tilleggsinformasjon etc.<\/li>\n\n\n\n<li>Tips 2: Du kan abonnere p\u00e5 v\u00e5re nyheter ved \u00e5 klikke p\u00e5 &#8220;Innlegg RSS&#8221; langt nede i h\u00f8grekolonnen p\u00e5 hjemmesiden:<br><figure><a href=\"http:\/\/nydalen.idrett.no\/orientering\/feed\/\"><img loading=\"lazy\" decoding=\"async\" width=\"259\" height=\"143\" class=\"\" src=\"http:\/\/nydalen.idrett.no\/orientering\/wp-content\/uploads\/2012\/04\/rss-abonnemang.png\" alt=\"\"><\/a><\/figure><\/li>\n<\/ul>\n\n\n\n<hr class=\"wp-block-separator has-alpha-channel-opacity\"\/>\n\n\n\n<h3 class=\"wp-block-heading\">E-post<\/h3>\n\n\n\n<p>Vi bruker ikke lenger e-postlister, siden funksjonaliteten ikke lenger er st\u00f8ttet av v\u00e5r driftsleverand\u00f8r.<\/p>\n\n\n\n<ul class=\"wp-block-list\">\n<li>Informasjon til hele o-gruppa\n<ul class=\"wp-block-list\">\n<li>Styret er behjelpelig med \u00e5 distribuere viktig sportslig og administrativ info som skal n\u00e5 <b>alle<\/b> medlemmer. De bruker medlemsregisteret via minidrett.no.<\/li>\n<\/ul>\n<\/li>\n<\/ul>\n\n\n\n<p><strong>S\u00f8ppelpost<\/strong><br>Noen har problemer\u00a0med at e-post fra klubben sorteres som s\u00f8ppelpost i gmail. Her er en <a href=\"http:\/\/nydalen.idrett.no\/orientering\/wp-content\/uploads\/2012\/04\/gmail_antispamfilter.pdf\">oppskrift p\u00e5 hvordan en kan lage et filter<\/a> for \u00e5 unng\u00e5 dette.<\/p>\n\n\n\n<hr class=\"wp-block-separator has-alpha-channel-opacity\"\/>\n\n\n\n<h3 class=\"wp-block-heading\">Slack<\/h3>\n\n\n\n<p>Slack ble benyttet frem t.o.m. 2024, men vi har i 2025 g\u00e5tt over til Spond.<\/p>\n\n\n\n<hr class=\"wp-block-separator has-alpha-channel-opacity\"\/>\n\n\n\n<h3 class=\"wp-block-heading\">Facebook-grupper<\/h3>\n\n\n\n<p>Interne Facebookgrupper blir i stor grad faset ut n\u00e5r vi i har 2025 g\u00e5tt over til Spond.<\/p>\n\n\n\n<hr class=\"wp-block-separator has-alpha-channel-opacity\"\/>\n\n\n\n<h3 class=\"wp-block-heading\">&nbsp;<\/h3>\n","protected":false},"excerpt":{"rendered":"<p>Spond Nydalens SK har tatt i bruk Spond som hovedkanal for internkommunikasjon. For \u00e5 bli med i gruppen for informasjon til hele klubben bruk koden ASXLQ i appen eller opprett bruker p\u00e5 websiden til Spond. Ungdomsgruppa vil inntil videre fortsatt &hellip; <a class=\"more-link\" href=\"https:\/\/nydalen.idrett.no\/orientering\/informationskanaler\/\">Les videre <span class=\"meta-nav\">&rarr;<\/span><\/a><\/p>\n","protected":false},"author":2,"featured_media":0,"parent":0,"menu_order":0,"comment_status":"closed","ping_status":"closed","template":"onecolumn-page.php","meta":{"footnotes":""},"class_list":["post-5698","page","type-page","status-publish","hentry"],"_links":{"self":[{"href":"https:\/\/nydalen.idrett.no\/orientering\/wp-json\/wp\/v2\/pages\/5698","targetHints":{"allow":["GET"]}}],"collection":[{"href":"https:\/\/nydalen.idrett.no\/orientering\/wp-json\/wp\/v2\/pages"}],"about":[{"href":"https:\/\/nydalen.idrett.no\/orientering\/wp-json\/wp\/v2\/types\/page"}],"author":[{"embeddable":true,"href":"https:\/\/nydalen.idrett.no\/orientering\/wp-json\/wp\/v2\/users\/2"}],"replies":[{"embeddable":true,"href":"https:\/\/nydalen.idrett.no\/orientering\/wp-json\/wp\/v2\/comments?post=5698"}],"version-history":[{"count":127,"href":"https:\/\/nydalen.idrett.no\/orientering\/wp-json\/wp\/v2\/pages\/5698\/revisions"}],"predecessor-version":[{"id":20151,"href":"https:\/\/nydalen.idrett.no\/orientering\/wp-json\/wp\/v2\/pages\/5698\/revisions\/20151"}],"wp:attachment":[{"href":"https:\/\/nydalen.idrett.no\/orientering\/wp-json\/wp\/v2\/media?parent=5698"}],"curies":[{"name":"wp","href":"https:\/\/api.w.org\/{rel}","templated":true}]}}