{"id":5610,"date":"2012-04-18T19:16:56","date_gmt":"2012-04-18T17:16:56","guid":{"rendered":"http:\/\/nydalen.idrett.no\/orientering\/?page_id=5610"},"modified":"2022-03-27T20:37:34","modified_gmt":"2022-03-27T18:37:34","slug":"occ","status":"publish","type":"page","link":"https:\/\/nydalen.idrett.no\/orientering\/arrangementer\/occ\/","title":{"rendered":"Oslo City Cup"},"content":{"rendered":"<p><strong><span style=\"font-size: medium;\"><a href=\"http:\/\/nydalen.idrett.no\/orientering\/wp-content\/uploads\/2012\/04\/OCC_dump.jpg\"><img loading=\"lazy\" decoding=\"async\" class=\"wp-image-11111 aligncenter\" src=\"http:\/\/nydalen.idrett.no\/orientering\/wp-content\/uploads\/2012\/04\/OCC_dump.jpg\" alt=\"OCC_dump\" width=\"859\" height=\"132\" srcset=\"https:\/\/nydalen.idrett.no\/orientering\/wp-content\/uploads\/2012\/04\/OCC_dump.jpg 800w, https:\/\/nydalen.idrett.no\/orientering\/wp-content\/uploads\/2012\/04\/OCC_dump-500x76.jpg 500w\" sizes=\"auto, (max-width: 859px) 100vw, 859px\" \/><\/a><\/span><\/strong><\/p>\n<p style=\"text-align: left;\"><strong>Etter 2 \u00e5rs pause har Arrang\u00f8rene den glede \u00e5 \u00f8nske velkommen til den 27. utgaven av<\/strong><\/p>\n<p><strong><span style=\"font-size: large;\">Oslo City Cup\u00a0 &#8211; 2022<br \/>\n<\/span><\/strong>5 Sprintl\u00f8p p\u00e5 tirsdager. Rekruttl\u00f8ype og \u00c5pen-klasser<\/p>\n<p>Fullstendig innbydelse (<a href=\"https:\/\/eventor.orientering.no\/Documents\/Event\/32317\/Innbydelse\">pdf<\/a>).<\/p>\n<p><strong>Program<br \/>\n<\/strong>For detaljert info, p\u00e5melding og resultater for hvert l\u00f8p: \u00a0Bruk Eventor, se linker nedenfor<\/p>\n<table style=\"width: 769.4px;\" border=\"0\">\n<tbody>\n<tr>\n<td style=\"width: 32px;\"><strong><span style=\"font-size: small;\">Dato<\/span><\/strong><\/td>\n<td style=\"width: 96px;\"><strong><span style=\"font-size: small;\">Arrang\u00f8r<\/span><\/strong><\/td>\n<td style=\"width: 117px;\"><strong><span style=\"font-size: small;\">Sted<\/span><\/strong><\/td>\n<td style=\"width: 89px;\"><strong><span style=\"font-size: small;\">Kart<\/span><\/strong><\/td>\n<td style=\"width: 195.4px;\"><strong><span style=\"font-size: small;\">Eventor<\/span><\/strong><\/td>\n<\/tr>\n<tr>\n<td style=\"width: 32px;\">29.03<\/td>\n<td>Oppsal Orientering<\/td>\n<td>Manglerud Skole<\/td>\n<td style=\"width: 89px;\">Manglerud<\/td>\n<td style=\"width: 195.4px;\"><span style=\"font-size: small;\"><a href=\"https:\/\/eventor.orientering.no\/Events\/Show\/16308\">OCC 1<\/a><br \/>\n<\/span><\/td>\n<\/tr>\n<tr>\n<td style=\"width: 32px;\">05.04<\/td>\n<td>Lillomarka OL<\/td>\n<td>Lillomarka Arena<\/td>\n<td style=\"width: 89px;\">Roms\u00e5s<\/td>\n<td style=\"width: 195.4px;\"><a href=\"https:\/\/eventor.orientering.no\/Events\/Show\/16319\"><span style=\"font-size: small;\">OCC 2<\/span><\/a><\/td>\n<\/tr>\n<tr>\n<td style=\"width: 32px;\">19.04<\/td>\n<td>Heming Orientering<\/td>\n<td>Sk\u00f8yen Skole<\/td>\n<td style=\"width: 89px;\">Sk\u00f8yen \/ Frognerparken<\/td>\n<td style=\"width: 195.4px;\"><span style=\"font-size: small;\"><a href=\"https:\/\/eventor.orientering.no\/Events\/Show\/16266\">OCC 3<\/a>\u00a0<\/span><\/td>\n<\/tr>\n<tr>\n<td style=\"width: 32px;\">26.04<\/td>\n<td>Nydalens SK<\/td>\n<td>Gullhaug Torg<\/td>\n<td style=\"width: 89px;\">Nydalen<\/td>\n<td style=\"width: 195.4px;\"><a href=\"https:\/\/eventor.orientering.no\/Events\/Show\/16363\"><span style=\"font-size: small;\">OCC 4<\/span><\/a><\/td>\n<\/tr>\n<tr>\n<td style=\"width: 32px;\">03.05<\/td>\n<td>B\u00e6kkelaget SK<\/td>\n<td>Kastellet Skole<\/td>\n<td style=\"width: 89px;\">Nordseter<\/td>\n<td style=\"width: 195.4px;\"><a href=\"https:\/\/eventor.orientering.no\/Events\/Show\/16354\"><span style=\"font-size: small;\">OCC Finale<\/span><\/a><\/td>\n<\/tr>\n<\/tbody>\n<\/table>\n<p><strong>Klasseinndeling:<\/strong><br \/>\nD\/H 11-12 \u00a0 \u00a0D\/H 40-\u00a0 \u00a0 \u00c5pen Lang<br \/>\nD\/H 13-16 \u00a0 \u00a0D\/H 50-\u00a0 \u00a0 \u00c5pen Kort<br \/>\nD\/H 17- \u00a0 \u00a0 \u00a0 \u00a0D\/H 60- \u00a0 \u00a0D\/H Rekrutt<br \/>\n&#8211; \u00a0 \u00a0 \u00a0 \u00a0 \u00a0 \u00a0 \u00a0 \u00a0 \u00a0D\/H 70-<\/p>\n<p><strong>L\u00f8ypelengder:<\/strong><br \/>\nAlle klasser 2,5-3,0 km, vinnertid ca 15 min.<br \/>\nKlassene fordeles p\u00e5 3 l\u00f8yper<br \/>\nSeparat kort rekruttl\u00f8ype ca 1,5 km (N).<\/p>\n<p><strong>Start:<\/strong><br \/>\nGangavstand fra arena, mellom 18.00 &#8211; 19.00.<br \/>\nStartintervall 15 s.<\/p>\n<p><strong>PM<\/strong> med detaljert info for hvert l\u00f8p legges i Eventor i god tid.\u00a0\u00a0<strong>Les PM !!<\/strong><\/p>\n<p><strong>P\u00e5melding, startlister og resultatservice<\/strong><br \/>\nBruk Eventor, se link til hvert l\u00f8p ovenfor<br \/>\nNormal p\u00e5meldingsfrist for hvert enkelt l\u00f8p er s\u00f8ndag f\u00f8r l\u00f8pet kl 20:00.<\/p>\n<p>P\u00e5meldingsfrister er: 27.mars, 3.april, 17.april, 24.april og 29.mai<br \/>\nFrist for Finalen er fredag f\u00f8r l\u00f8pet kl 23:59<\/p>\n<p>Startlister for hvert l\u00f8p publiseres p\u00e5 Eventor<br \/>\nEnkel resultatservice p\u00e5 hvert l\u00f8p, komplette lister i Eventor<\/p>\n<p><strong>Etteranmelding<\/strong><\/p>\n<p>P\u00e5 l\u00f8pet inntil kl 17.30 s\u00e5 lenge det er ledige kart. PM for det enkelte l\u00f8p oppgir eventuelle endringer.<\/p>\n<p><strong>TouchFree stempling i OCC<br \/>\n<\/strong>Det benyttes TouchFree-poster og emiTags p\u00e5 alle l\u00f8p.<br \/>\nL\u00f8pere uten emiTag tildeles leiebrikke av arrang\u00f8r. (leie: NOK 30.- pr l\u00f8p)<br \/>\nKj\u00f8p av EmitTag:\u00a0 Se\u00a0 <a href=\"http:\/\/emit.no\">emit.no<\/a>.\u00a0 (Gj\u00f8r dette i god tid !)<\/p>\n<p><strong>Finale<br \/>\n<\/strong>Finalen gjennomf\u00f8res med jaktstart der 3 av 4 innledende l\u00f8p teller. Klassevinnerne i hvert l\u00f8p tar med seg 0,00 tilleggsminutter, de \u00f8vrige tar med seg tidsdifferensen frem til vinneren. L\u00f8pere som i sine tre tellende l\u00f8p har lavest tillegg starter f\u00f8rst i sin klasse, de \u00f8vrige starter med tillegg i.h.t. summen av sine tillegg. Jaktstarten er for alle som er inntil 30 min bak lederen i sin klasse. \u00d8vrige deltakere starter med vanlig startintervall i.h.t. startliste.<\/p>\n<p>Ikke jaktstart i \u00c5pen &#8211; eller Rekrutt-klassene<\/p>\n<p><strong>Premiering<\/strong><\/p>\n<p>D\/H 11-12: Alle som har deltatt i 3 av 4 innledende l\u00f8p + finale.<br \/>\nD\/H 13-16: 1\/3 premiering<br \/>\nD\/H 17- Treningsstipend (3000 \u2013 2000 \u2013 1000) til de tre beste i hver klasse.<br \/>\nD\/H 40-, 50-, 60- og 70-: Klassevinnere<br \/>\n\u00c5pen: Uttrekkspremie<br \/>\nD\/H Rekrutt: Alle som har deltatt i 3 av 4 innledende l\u00f8p + finale.<\/p>\n<p><strong>Startkontingenter (pr l\u00f8p) <\/strong>(ingen etteranmeldingsavgift)<strong><br \/>\n<\/strong>Rekrutt: \u00a0 \u00a0 \u00a0 \u00a0NOK 50.-<br \/>\nTom. 16 \u00e5r: \u00a0 NOK 70.-<br \/>\nFom. 17 \u00e5r: \u00a0 NOK 100.-<\/p>\n<p>Endringer i p\u00e5melding etter p\u00e5meldingsfristen belastes med kr 20,-. Dette gjelder ikke bytte av brikkenummer.<\/p>\n<p>Alle deltagere faktureres klubbvis i etterkant p\u00e5 grunnlag av p\u00e5meldte l\u00f8pere. L\u00f8pere uten klubbmedlemsskap betaler til arrang\u00f8rklubb f\u00f8r start, helst samtidig med p\u00e5melding i Eventor.<\/p>\n<p><strong><span style=\"color: #000080;\">OCC 2019 i media :<\/span><br \/>\n<\/strong>3. april: <a href=\"https:\/\/www.kondis.no\/oslo-city-cup-paa-kryss-og-tvers-av-akerselva.6210708.html\">P\u00e5 Kryss og tvers av Akerselva<\/a> (kondis.no)<br \/>\n10. april: <a href=\"https:\/\/www.kondis.no\/lind-noerbech-og-westergaard-vant-oslo-city-cup-2.6212977.html\">Lind N\u00f8rbech og Westerg\u00e5rd vant p\u00e5 Oppsal<\/a> (kondis.no)<br \/>\n23. april: <a href=\"https:\/\/www.kondis.no\/pedersli-og-jahren-vant-oslo-city-cup-3.6215748.html\">Pedersli og Jahren vant<\/a> (kondis.no)<br \/>\n1. mai: <a href=\"https:\/\/www.kondis.no\/oslo-city-cup-med-full-fart-rundt-gaustad-sykehus.6217855-127698.html\">Full fart rundt Gaustad Sykehus<\/a> (kondis.no)<br \/>\n8. mai: <a href=\"https:\/\/www.kondis.no\/jansson-haverstad-og-roenning-totalvinnere-av-oslo-city-cup.6219715-127698.html\">Jansson Haverstad og R\u00f8nning totalvinnere<\/a> (kondis.no)<\/p>\n<p><strong><br \/>\nOppsummering 2019 :<\/strong><\/p>\n<p>Bra oppslutning;\u00a0 Totalt 2811 (!) startende i \u00e5rets OCC .<\/p>\n<p>Arrang\u00f8rene sier Gratulerer til alle vinnerne,<br \/>\ntakker alle for deltakelsen, og \u00f8nsker velkommen igjen i 2020 !<\/p>\n<p><strong><br \/>\n<\/strong>= = = =<\/p>\n<h3>Fra 2018 :<\/h3>\n<p><strong>OCC i Media <\/strong>( Stor innsats av Bj\u00f8rn Hauge)<br \/>\n&#8211; L\u00f8p #1:\u00a0 <a href=\"https:\/\/www.kondis.no\/oslo-city-cup-startet-25-aars-jubileet-paa-aker-brygge.6099370-127698.html\">25 \u00e5rs jubileet startet p\u00e5 Aker Brygge<\/a> (kondis.no 4.4)<br \/>\n&#8211; L\u00f8p #2: <a href=\"https:\/\/www.kondis.no\/ny-rekord-i-oslo-city-cup.6107427-127698.html\">Ny rekord p\u00e5 Akershus Festning<\/a> (kondis.no 10.4)<\/p>\n<h3><strong>Fra 2017:<\/strong><\/h3>\n<p><strong>OCC i Media &#8211; <\/strong>(Kondis.no hadde flere reportasjer )<br \/>\n&#8211; L\u00f8p #1:\u00a0<a href=\"http:\/\/www.kondis.no\/fosser-og-lome-raskest-i-oslo-city-cup.5976829-127698.html\">Fosser og Lome raskest<\/a><br \/>\n&#8211; L\u00f8p #2:\u00a0<a href=\"http:\/\/www.kondis.no\/ulvestad-og-ahlback-vant-runde-2-av-oslo-city-cup.5979890-127698.html\">Ulvestad og Ahlb\u00e4ck vant<\/a><br \/>\n&#8211; L\u00f8p #3:\u00a0<a href=\"http:\/\/www.kondis.no\/leo-og-fremstad-vant-oslo-city-cup-ved-hovin.5982241-127698.html\">Leo og Fremstad vant<\/a><br \/>\n&#8211; L\u00f8p #4: <a href=\"http:\/\/www.kondis.no\/occ-4-fra-traosp.5984671-127698.html\">Fosser og Lome vant (igjen!)<br \/>\n<\/a>&#8211; Finale: \u00a0<a href=\"http:\/\/www.kondis.no\/oslo-city-cup-med-jaktstart-paa-ammerud.5989255-127698.html\">Jaktstart p\u00e5 Ammerud<\/a><\/p>\n<p>Se <a href=\"http:\/\/eventor.orientering.no\/Events\/Show\/8230\">Eventor<\/a>\u00a0for tidligere resultater.<\/p>\n","protected":false},"excerpt":{"rendered":"<p>Etter 2 \u00e5rs pause har Arrang\u00f8rene den glede \u00e5 \u00f8nske velkommen til den 27. utgaven av Oslo City Cup\u00a0 &#8211; 2022 5 Sprintl\u00f8p p\u00e5 tirsdager. Rekruttl\u00f8ype og \u00c5pen-klasser Fullstendig innbydelse (pdf). Program For detaljert info, p\u00e5melding og resultater for hvert &hellip; <a class=\"more-link\" href=\"https:\/\/nydalen.idrett.no\/orientering\/arrangementer\/occ\/\">Les videre <span class=\"meta-nav\">&rarr;<\/span><\/a><\/p>\n","protected":false},"author":3,"featured_media":0,"parent":136,"menu_order":0,"comment_status":"closed","ping_status":"closed","template":"onecolumn-page.php","meta":{"footnotes":""},"class_list":["post-5610","page","type-page","status-publish","hentry"],"_links":{"self":[{"href":"https:\/\/nydalen.idrett.no\/orientering\/wp-json\/wp\/v2\/pages\/5610","targetHints":{"allow":["GET"]}}],"collection":[{"href":"https:\/\/nydalen.idrett.no\/orientering\/wp-json\/wp\/v2\/pages"}],"about":[{"href":"https:\/\/nydalen.idrett.no\/orientering\/wp-json\/wp\/v2\/types\/page"}],"author":[{"embeddable":true,"href":"https:\/\/nydalen.idrett.no\/orientering\/wp-json\/wp\/v2\/users\/3"}],"replies":[{"embeddable":true,"href":"https:\/\/nydalen.idrett.no\/orientering\/wp-json\/wp\/v2\/comments?post=5610"}],"version-history":[{"count":170,"href":"https:\/\/nydalen.idrett.no\/orientering\/wp-json\/wp\/v2\/pages\/5610\/revisions"}],"predecessor-version":[{"id":18167,"href":"https:\/\/nydalen.idrett.no\/orientering\/wp-json\/wp\/v2\/pages\/5610\/revisions\/18167"}],"up":[{"embeddable":true,"href":"https:\/\/nydalen.idrett.no\/orientering\/wp-json\/wp\/v2\/pages\/136"}],"wp:attachment":[{"href":"https:\/\/nydalen.idrett.no\/orientering\/wp-json\/wp\/v2\/media?parent=5610"}],"curies":[{"name":"wp","href":"https:\/\/api.w.org\/{rel}","templated":true}]}}