{"id":473,"date":"2010-11-07T19:52:21","date_gmt":"2010-11-07T18:52:21","guid":{"rendered":"http:\/\/nydalen.idrett.no\/wordpress\/"},"modified":"2026-03-01T19:22:55","modified_gmt":"2026-03-01T18:22:55","slug":"kalender","status":"publish","type":"page","link":"https:\/\/nydalen.idrett.no\/orientering\/kalender\/","title":{"rendered":"Kalender"},"content":{"rendered":"<p>Oversikten under viser NSKs aktivitetskalender. Det er en sammensetning av tre kalendere: <span style=\"color: #339966;\">Gr\u00f8nn <\/span>= Alle,\u00a0<span style=\"color: #ff0000;\">R\u00f8d<\/span> = Junior\/senior, <span style=\"color: #0000ff;\">Bl\u00e5 <\/span>= Ungdom, <span style=\"color: #ffcc00;\">Gul<\/span> = L\u00f8p og Lek (8-12 \u00e5r)<\/p>\n<p>[calendar id=&#8221;13532&#8243;]<\/p>\n<p>Hvis du har en Google-konto, kan du klikke deg inn via lenkene under og legge den til blant dine kalendere ved \u00e5 klikke helt nederst til h\u00f8yre p\u00e5 den siden du kommer til. Hvis du har en smarttelefon, kan du koble den opp slik at du alltid har en oversikt over klubbens aktiviteter for h\u00e5nden.<\/p>\n<ul>\n<li><a href=\"https:\/\/calendar.google.com\/calendar\/embed?src=512p05lrh5ijrenjbu61njdp24%40group.calendar.google.com&#038;ctz=Europe\/Oslo\">Alle<\/a><\/li>\n<li><a href=\"https:\/\/calendar.google.com\/calendar\/embed?src=o6n28dtpkt4sokb6c2utu1g3qo%40group.calendar.google.com&#038;ctz=Europe\/Oslo\">L\u00f8p og lek(8-12 \u00e5r)<\/a><\/li>\n<li><a https:\/\/docs.google.com\/spreadsheets\/d\/1VEmTNPxLpOzPb8Jgva41uL1lgnu9mKdD\/edit?gid=2137627217#gid=2137627217>Ungdom<\/a><\/li>\n<li><a href=\"https:\/\/calendar.google.com\/calendar\/embed?src=8p5cv40sqeiclvpiftj48ibs40%40group.calendar.google.com&#038;ctz=Europe\/Oslo\">Junior\/senior<\/a><\/li>\n<\/ul>\n","protected":false},"excerpt":{"rendered":"<p>Oversikten under viser NSKs aktivitetskalender. Det er en sammensetning av tre kalendere: Gr\u00f8nn = Alle,\u00a0R\u00f8d = Junior\/senior, Bl\u00e5 = Ungdom, Gul = L\u00f8p og Lek (8-12 \u00e5r) [calendar id=&#8221;13532&#8243;] Hvis du har en Google-konto, kan du klikke deg inn via &hellip; <a class=\"more-link\" href=\"https:\/\/nydalen.idrett.no\/orientering\/kalender\/\">Les videre <span class=\"meta-nav\">&rarr;<\/span><\/a><\/p>\n","protected":false},"author":1,"featured_media":0,"parent":0,"menu_order":0,"comment_status":"closed","ping_status":"closed","template":"onecolumn-page.php","meta":{"footnotes":""},"class_list":["post-473","page","type-page","status-publish","hentry"],"_links":{"self":[{"href":"https:\/\/nydalen.idrett.no\/orientering\/wp-json\/wp\/v2\/pages\/473","targetHints":{"allow":["GET"]}}],"collection":[{"href":"https:\/\/nydalen.idrett.no\/orientering\/wp-json\/wp\/v2\/pages"}],"about":[{"href":"https:\/\/nydalen.idrett.no\/orientering\/wp-json\/wp\/v2\/types\/page"}],"author":[{"embeddable":true,"href":"https:\/\/nydalen.idrett.no\/orientering\/wp-json\/wp\/v2\/users\/1"}],"replies":[{"embeddable":true,"href":"https:\/\/nydalen.idrett.no\/orientering\/wp-json\/wp\/v2\/comments?post=473"}],"version-history":[{"count":26,"href":"https:\/\/nydalen.idrett.no\/orientering\/wp-json\/wp\/v2\/pages\/473\/revisions"}],"predecessor-version":[{"id":20655,"href":"https:\/\/nydalen.idrett.no\/orientering\/wp-json\/wp\/v2\/pages\/473\/revisions\/20655"}],"wp:attachment":[{"href":"https:\/\/nydalen.idrett.no\/orientering\/wp-json\/wp\/v2\/media?parent=473"}],"curies":[{"name":"wp","href":"https:\/\/api.w.org\/{rel}","templated":true}]}}