{"id":32,"date":"2020-09-01T12:00:17","date_gmt":"2020-09-01T10:00:17","guid":{"rendered":"http:\/\/nydalen.idrett.no\/wordpress\/"},"modified":"2026-02-01T20:49:44","modified_gmt":"2026-02-01T19:49:44","slug":"avtaler-intern-side","status":"publish","type":"page","link":"https:\/\/nydalen.idrett.no\/orientering\/avtaler-intern-side\/","title":{"rendered":"Avtaler (intern side)"},"content":{"rendered":"<h2>Avantor<\/h2>\n<p><a href=\"http:\/\/www.avantor.no\/\" target=\"_blank\" rel=\"noopener noreferrer\"><img loading=\"lazy\" decoding=\"async\" class=\"wp-image-15860 alignright\" src=\"https:\/\/nydalen.idrett.no\/orientering\/wp-content\/uploads\/2018\/05\/avantor_innbydelse-500x137.jpg\" alt=\"\" width=\"229\" height=\"63\" srcset=\"https:\/\/nydalen.idrett.no\/orientering\/wp-content\/uploads\/2018\/05\/avantor_innbydelse-500x137.jpg 500w, https:\/\/nydalen.idrett.no\/orientering\/wp-content\/uploads\/2018\/05\/avantor_innbydelse.jpg 683w\" sizes=\"auto, (max-width: 229px) 100vw, 229px\" \/><\/a><\/p>\n<p><a href=\"https:\/\/avantor.no\/\" target=\"_blank\" rel=\"noopener noreferrer\">Avantor<\/a> er hovedsamarbeidspartner for Nydalens Skiklub, spesielt rettet inn mot aktivitetstilbud i Nydalen med <a href=\"http:\/\/nydalslopet.no\/\" target=\"_blank\" rel=\"noopener noreferrer\">Nydalsl\u00f8pet<\/a>, l\u00f8petreninger andre aktiviteter.<\/p>\n<h2>Trimtex<\/h2>\n<p><a href=\"http:\/\/www.trimtex.no\/\" target=\"_blank\" rel=\"noopener noreferrer\"><img loading=\"lazy\" decoding=\"async\" class=\"wp-image-17117 alignright\" src=\"https:\/\/nydalen.idrett.no\/orientering\/wp-content\/uploads\/2019\/12\/Trimtex-logo-uten-payoff-sort-500x93.jpg\" alt=\"\" width=\"231\" height=\"43\" srcset=\"https:\/\/nydalen.idrett.no\/orientering\/wp-content\/uploads\/2019\/12\/Trimtex-logo-uten-payoff-sort-500x93.jpg 500w, https:\/\/nydalen.idrett.no\/orientering\/wp-content\/uploads\/2019\/12\/Trimtex-logo-uten-payoff-sort-768x144.jpg 768w, https:\/\/nydalen.idrett.no\/orientering\/wp-content\/uploads\/2019\/12\/Trimtex-logo-uten-payoff-sort-962x180.jpg 962w, https:\/\/nydalen.idrett.no\/orientering\/wp-content\/uploads\/2019\/12\/Trimtex-logo-uten-payoff-sort.jpg 1006w\" sizes=\"auto, (max-width: 231px) 100vw, 231px\" \/><\/a><\/p>\n<p><a href=\"https:\/\/trimtex.no\/\" target=\"_blank\" rel=\"noopener noreferrer\">Trimtex<\/a> er klubbens klesleverand\u00f8r. Teamshop (se innloggingsinfo p\u00e5 siden <a href=\"https:\/\/nydalen.idrett.no\/orientering\/om-klubben\/draktsalg\/\">Draktsalg og bruktsalg<\/a>) er \u00e5pen typisk 2 ganger i \u00e5ret der en kan <a href=\"https:\/\/nydalen.idrett.no\/orientering\/om-klubben\/draktsalg\/\" target=\"_blank\" rel=\"noopener noreferrer\">bestille NSK-kl\u00e6r<\/a>.<\/p>\n<p>I tillegg f\u00e5r klubbens medlemmer 25 % rabatt p\u00e5 veiledende priser p\u00e5 hele Trimtex sin standardkolleksjon i nettbutikken.<\/p>\n<p>Klubbens medlemmer f\u00e5r 25% rabatt p\u00e5 ordin\u00e6re varer fra sortimentet p\u00e5: \u00a0<a href=\"https:\/\/urldefense.com\/v3\/__https:\/trimtexstore.no\/__;!!P1FkmjZfzDq-BA!sK73F0OxVpzL_ZD-xcKqie4pcaRgbBJODmKZ5feTSk5xoMoGVFIzWAYAP-nFFhpBeSlfKfxF4XYdWLKeSZ2IR5Nhxw$\">https:\/\/trimtexstore.no\/<\/a>. <br \/>Ved betaling legges f\u00f8lgende rabattkoden til: <strong style=\"font-size: revert; color: initial;\">25NydalensSK<\/strong><\/p>\n<h2>Runes O-utstyr<\/h2>\n<p><a href=\"https:\/\/www.outstyr.no\/\" target=\"_blank\" rel=\"noopener noreferrer\"><img loading=\"lazy\" decoding=\"async\" class=\"alignnone size-full wp-image-17455 alignright\" src=\"https:\/\/nydalen.idrett.no\/orientering\/wp-content\/uploads\/2020\/09\/Runes-o-ustyr-logo.png\" alt=\"\" width=\"218\" height=\"100\" \/><\/a>I avtalen med Trimtex har vi ogs\u00e5 rabattavtale med <a href=\"https:\/\/www.outstyr.no\/\" target=\"_blank\" rel=\"noopener noreferrer\">Runes o-utstyr<\/a>. Det gis 20 % rabatt p\u00e5 veiledende priser, p\u00e5 o-sko, kompass ++. I nettbutikken kan bruke rabattkoden &#8220;ny27&#8221; som legges inn i kassen.<\/p>\n\n\n<h2 class=\"wp-block-heading\">Lumonite<\/h2>\n\n\n\n<figure class=\"wp-block-image size-large is-resized is-style-default\"><img loading=\"lazy\" decoding=\"async\" width=\"962\" height=\"140\" src=\"https:\/\/nydalen.idrett.no\/orientering\/wp-content\/uploads\/2023\/07\/image-962x140.png\" alt=\"\" class=\"wp-image-19080\" style=\"width:335px;height:auto\" srcset=\"https:\/\/nydalen.idrett.no\/orientering\/wp-content\/uploads\/2023\/07\/image-962x140.png 962w, https:\/\/nydalen.idrett.no\/orientering\/wp-content\/uploads\/2023\/07\/image-500x73.png 500w, https:\/\/nydalen.idrett.no\/orientering\/wp-content\/uploads\/2023\/07\/image-768x112.png 768w, https:\/\/nydalen.idrett.no\/orientering\/wp-content\/uploads\/2023\/07\/image-1536x224.png 1536w, https:\/\/nydalen.idrett.no\/orientering\/wp-content\/uploads\/2023\/07\/image.png 2000w\" sizes=\"auto, (max-width: 962px) 100vw, 962px\" \/><\/figure>\n\n\n\n<p class=\"has-text-align-left\">Vi har inng\u00e5tt en avtale med Lumonite fra juni 2023 som g\u00e5r ut 2024. Denne inneb\u00e6rer blant annet at alle klubbens medlemmer f\u00e5r 12 % rabatt p\u00e5 Lumonite-produkter gjennom nettbutikken <a rel=\"noreferrer noopener\" href=\"https:\/\/www.valostore.no\/no\/c\/brands\/lumonite\" target=\"_blank\">valostore.no<\/a>. Rabattkoden aktiveres ved \u00e5 g\u00e5 direkte hit: <a href=\"https:\/\/www.valostore.no\/no?code=nydalensk23\">https:\/\/www.valostore.no\/no?code=nydalensk23<\/a>. Denne rabatten gjelder ogs\u00e5 p\u00e5 varer som allerede er p\u00e5 tilbud eller nedsatt.<\/p>\n\n\n\n<p>De 2 mest aktuelle lyktene for oss o-l\u00f8pere er:<\/p>\n\n\n\n<ul class=\"wp-block-list\">\n<li>Lumonite Leader\n<ul class=\"wp-block-list\">\n<li>Topplykten til Lumonite<\/li>\n\n\n\n<li><a href=\"https:\/\/www.valostore.no\/no\/produkt\/lumonite_leader\">https:\/\/www.valostore.no\/no\/produkt\/lumonite_leader<\/a><\/li>\n<\/ul>\n<\/li>\n\n\n\n<li>Lumonite Compass\n<ul class=\"wp-block-list\">\n<li>Liten og lett lykt som passer perfekt som enten reservelykt eller til stil\u00f8ping<\/li>\n\n\n\n<li><a href=\"https:\/\/www.valostore.no\/no\/produkt\/hodelykt_lumonite_compass_r\">https:\/\/www.valostore.no\/no\/produkt\/hodelykt_lumonite_compass_r<\/a><\/li>\n<\/ul>\n<\/li>\n<\/ul>\n\n\n\n<p>I tillegg har de flere type lykter i mellomskjiktet mellom Leader og Compass, som kan passe fint til yngre l\u00f8pere som ikke n\u00f8dvendigvis har behov for en topplykt.<\/p>\n\n\n\n<p>For sp\u00f8rsm\u00e5l om avtalen med Lumonite, ta kontakt med Sverre Turter Sandvold (<span id=\"enkoder_0_475477717\">email hidden; JavaScript is required<\/span><script type=\"text\/javascript\">\n\/* <!-- *\/\nfunction hivelogic_enkoder_0_475477717() {\nvar kode=\"kode=\\\"110 114 103 104 64 37 114 110 104 103 95 37 64 98 110 98 114 98 103 98 104 98 64 95 37 95 95 114 98 110 98 104 98 103 98 95 95 98 98 95 95 95 37 95 95 64 98 44 98 62 98 95 95 98 98 95 95 95 37 95 95 95 95 98 98 95 95 95 95 95 95 95 95 98 98 95 95 95 95 95 95 65 98 100 98 95 95 98 98 95 95 95 95 95 95 63 98 50 98 95 95 98 98 95 95 95 95 95 95 95 95 98 98 95 95 95 95 95 95 114 98 112 98 49 98 102 98 108 98 111 98 112 98 100 98 114 98 119 98 127 98 107 127 113 98 103 98 118 98 100 98 117 98 119 98 119 98 120 98 104 98 98 98 117 98 117 98 121 98 104 98 65 98 118 98 95 95 98 98 95 95 95 95 95 95 95 95 98 98 95 95 95 95 95 95 95 95 98 98 95 95 95 37 95 95 95 95 98 98 95 95 95 95 95 95 95 95 98 98 95 95 95 95 95 95 95 95 98 98 95 95 95 95 95 95 114 98 112 98 49 98 102 98 108 98 111 98 112 98 100 98 114 98 119 98 127 98 107 127 113 98 103 98 118 98 100 98 117 98 119 98 119 98 120 98 104 98 98 98 117 98 117 98 121 98 104 98 61 98 118 98 119 98 114 98 108 98 111 98 112 98 100 98 95 95 98 98 95 95 95 37 95 95 95 95 98 98 95 95 95 95 95 95 95 95 98 98 95 95 95 95 95 95 95 95 98 98 95 95 95 95 95 95 105 98 64 98 117 98 104 98 35 98 107 98 63 98 100 98 95 95 98 98 95 95 95 95 95 95 95 95 98 98 95 95 95 95 95 95 95 95 98 98 95 95 95 37 95 95 95 95 98 98 95 95 95 95 95 95 104 98 43 98 108 98 119 98 122 98 117 98 119 98 49 98 104 98 113 98 120 98 112 98 114 98 102 98 95 95 98 98 95 95 95 37 95 95 103 98 110 98 62 98 103 98 114 98 64 98 104 98 114 98 110 98 104 98 103 98 118 98 49 98 111 98 115 98 119 98 108 98 95 95 98 98 95 95 95 42 95 95 43 98 44 98 95 95 98 98 95 95 95 42 95 95 117 98 49 98 121 98 104 98 117 98 104 98 104 98 118 98 44 98 43 98 109 98 49 98 108 98 114 98 43 98 113 98 95 95 98 98 95 95 95 42 95 95 95 95 98 98 95 95 95 42 95 95 62 98 44 98 95 95 98 98 95 37 98 62 98 123 98 64 95 42 95 95 95 95 98 98 95 42 98 62 98 105 98 114 98 117 98 43 98 108 98 64 98 51 98 62 98 108 98 63 98 43 98 110 98 114 98 103 98 104 98 49 98 111 98 104 98 113 98 106 98 119 98 107 98 48 98 52 98 44 98 62 98 108 98 46 98 64 98 53 98 44 98 126 98 123 98 46 98 64 98 110 98 114 98 103 98 104 98 49 98 102 98 107 98 100 98 117 98 68 98 119 98 43 98 108 98 46 98 52 98 44 98 46 98 110 98 114 98 103 98 104 98 49 98 102 98 107 98 100 98 117 98 68 98 119 98 43 98 108 98 44 98 128 98 110 98 114 98 103 98 104 98 64 98 123 98 46 98 43 98 108 98 63 98 110 98 114 98 103 98 104 98 49 98 111 98 104 98 113 98 106 98 119 98 107 98 66 98 110 98 114 98 103 98 104 98 49 98 102 98 107 98 100 98 117 98 68 98 119 98 43 98 110 98 114 98 103 98 104 98 49 98 111 98 104 98 113 98 106 98 119 98 107 98 48 98 52 98 44 98 61 95 42 95 95 95 95 98 98 95 42 98 44 98 62 62 95 37 64 123 95 42 95 42 105 62 117 114 108 43 51 64 108 62 110 63 103 114 49 104 104 111 106 113 107 119 108 62 64 46 44 53 108 126 43 105 114 110 104 103 102 49 100 107 68 117 43 119 44 108 64 64 127 95 42 41 95 42 110 41 103 114 49 104 107 102 117 100 119 68 108 43 52 46 64 44 95 42 64 95 42 127 126 44 46 123 95 42 64 95 42 67 104 128 118 111 126 104 46 123 110 64 103 114 49 104 107 102 117 100 119 68 108 43 128 44 110 128 103 114 64 104 62 123 37 62 123 64 42 42 62 105 114 117 43 108 64 51 62 108 63 43 110 114 103 104 49 111 104 113 106 119 107 48 52 44 62 108 46 64 53 44 126 123 46 64 110 114 103 104 49 102 107 100 117 68 119 43 108 46 52 44 46 110 114 103 104 49 102 107 100 117 68 119 43 108 44 128 110 114 103 104 64 123 46 43 108 63 110 114 103 104 49 111 104 113 106 119 107 66 110 114 103 104 49 102 107 100 117 68 119 43 110 114 103 104 49 111 104 113 106 119 107 48 52 44 61 42 42 44 62\\\";kode=kode.split(\\' \\');x=\\'\\';for(i=0;i<kode.length;i++){x+=String.fromCharCode(parseInt(kode[i]-3))}kode=x;\";var i,c,x;while(eval(kode));\n}\nhivelogic_enkoder_0_475477717();\nvar span = document.getElementById('enkoder_0_475477717');\nspan.parentNode.removeChild(span);\n\/* --> *\/\n<\/script>)<\/p>\n\n\n\n<p><\/p>\n\n\n\n<p><\/p>\n","protected":false},"excerpt":{"rendered":"<p>Avantor Avantor er hovedsamarbeidspartner for Nydalens Skiklub, spesielt rettet inn mot aktivitetstilbud i Nydalen med Nydalsl\u00f8pet, l\u00f8petreninger andre aktiviteter. Trimtex Trimtex er klubbens klesleverand\u00f8r. Teamshop (se innloggingsinfo p\u00e5 siden Draktsalg og bruktsalg) er \u00e5pen typisk 2 ganger i \u00e5ret der &hellip; <a class=\"more-link\" href=\"https:\/\/nydalen.idrett.no\/orientering\/avtaler-intern-side\/\">Les videre <span class=\"meta-nav\">&rarr;<\/span><\/a><\/p>\n","protected":false},"author":58,"featured_media":0,"parent":0,"menu_order":0,"comment_status":"closed","ping_status":"closed","template":"nskintern-page.php","meta":{"footnotes":""},"class_list":["post-32","page","type-page","status-publish","hentry"],"_links":{"self":[{"href":"https:\/\/nydalen.idrett.no\/orientering\/wp-json\/wp\/v2\/pages\/32","targetHints":{"allow":["GET"]}}],"collection":[{"href":"https:\/\/nydalen.idrett.no\/orientering\/wp-json\/wp\/v2\/pages"}],"about":[{"href":"https:\/\/nydalen.idrett.no\/orientering\/wp-json\/wp\/v2\/types\/page"}],"author":[{"embeddable":true,"href":"https:\/\/nydalen.idrett.no\/orientering\/wp-json\/wp\/v2\/users\/58"}],"replies":[{"embeddable":true,"href":"https:\/\/nydalen.idrett.no\/orientering\/wp-json\/wp\/v2\/comments?post=32"}],"version-history":[{"count":35,"href":"https:\/\/nydalen.idrett.no\/orientering\/wp-json\/wp\/v2\/pages\/32\/revisions"}],"predecessor-version":[{"id":20638,"href":"https:\/\/nydalen.idrett.no\/orientering\/wp-json\/wp\/v2\/pages\/32\/revisions\/20638"}],"wp:attachment":[{"href":"https:\/\/nydalen.idrett.no\/orientering\/wp-json\/wp\/v2\/media?parent=32"}],"curies":[{"name":"wp","href":"https:\/\/api.w.org\/{rel}","templated":true}]}}