{"id":2611,"date":"2011-05-12T22:08:13","date_gmt":"2011-05-12T20:08:13","guid":{"rendered":"http:\/\/nydalen.idrett.no\/orientering\/?page_id=2611"},"modified":"2017-08-20T08:55:48","modified_gmt":"2017-08-20T06:55:48","slug":"klubbmesterskap","status":"publish","type":"page","link":"https:\/\/nydalen.idrett.no\/orientering\/arrangementer\/klubbmesterskap\/","title":{"rendered":"Klubbmesterskapet"},"content":{"rendered":"<h3><strong>INNBYDELSE<\/strong><\/h3>\n<h2><strong>Nydalens Skiklubs klubbmesterskap i orientering 2017.<\/strong><\/h2>\n<p><strong>Tid: \u00a0<\/strong>Tirsdag 22. august kl 18:00<br \/>\n<strong>Sted:<\/strong>\u00a0Bj\u00f8rkelunden \u00f8st for Gamle Maridalsvei ved Hammeren.<br \/>\nFellesstart i hovedklassene ; fri start for \u00f8vrige,<\/p>\n<p>Vi forventer oppm\u00f8te av ALLE ! \u00a0Elitel\u00f8pere, \u00a0nybegynnere, gamle rever, ferskinger og foreldre. H\u00f8vding B\u00f8rge dr\u00f8mmer om 200 l\u00f8pere !<\/p>\n<p><strong>P\u00e5melding.\u00a0<\/strong>Se <a href=\"http:\/\/eventor.orientering.no\/Events\/Show\/8876\">Eventor<\/a>. \u00a0 P\u00e5meldingsfrist er s\u00f8ndag 20.8 kl 23:59<\/p>\n<p><strong>Til ferske l\u00f8pere og foreldre:<br \/>\n<\/strong>Dersom dere har problemer med \u00e5 melde dere p\u00e5 i Eventor, ta kontakt med treneren din.<\/p>\n<p><strong>Framm\u00f8te: \u00a0<\/strong>Arena nord for Hammeren:<\/p>\n<p><a href=\"http:\/\/nydalen.idrett.no\/orientering\/wp-content\/uploads\/2011\/05\/Arena1.jpg\"><img loading=\"lazy\" decoding=\"async\" class=\"size-medium wp-image-15387 alignnone\" src=\"http:\/\/nydalen.idrett.no\/orientering\/wp-content\/uploads\/2011\/05\/Arena1-500x371.jpg\" alt=\"\" width=\"500\" height=\"371\" srcset=\"https:\/\/nydalen.idrett.no\/orientering\/wp-content\/uploads\/2011\/05\/Arena1-500x371.jpg 500w, https:\/\/nydalen.idrett.no\/orientering\/wp-content\/uploads\/2011\/05\/Arena1.jpg 507w\" sizes=\"auto, (max-width: 500px) 100vw, 500px\" \/><\/a>.<br \/>\nParkering langs gamle Maridalsvei ved Hammeren. Evt Buss til Hammerem, 3 min \u00e5 g\u00e5 til arena. Stor trafikk her; vis hensyn ved parkering<\/p>\n<p><strong>Kart<\/strong><br \/>\nUtsnitt av H\u00f8nefoten, 1:10 000 eller 1:7500, 5 meter ekvidistanse, utgitt til NM 2012. Revidert.<br \/>\nN &amp; C l\u00f8yper + D\/H 45- f\u00e5r kart printet i 1:7500.<\/p>\n<p>Kartet for alle som l\u00f8per fellesstart, bortsett fra D\/H 13-14 som f\u00e5r vanlig kart, er manipulert slik at stier ikke er med.<\/p>\n<p><strong>Teerrengbeskrivelse<br \/>\n<\/strong>Terrenget er moderat kupert i lavere del, med st\u00f8rre kupering\/skr\u00e5li i \u00f8vre del for de lengste l\u00f8ypene. En del sti. Relativt lettl\u00f8pt. Det er tr\u00e5kk i terrenget som ikke er markert som stier.<\/p>\n<p><strong>Start<br \/>\n<\/strong>Fellestart i alle klasser som l\u00f8per A &amp; B L\u00f8yper.<br \/>\n(D\/H 13-14, D\/H 15-16, D\/H 17-, D\/H 17-B &amp; D\/H 45-).<br \/>\n\u00d8vrige klasser har fri starttid fra 18.00<br \/>\nInformasjon om fellesstart tidspunkt og \u00a0avstand til start kommer senere.<\/p>\n<p><strong>Klasser og l\u00f8yper.<br \/>\n<\/strong>&#8220;Mellomdistanse&#8221;. \u00a0 L\u00f8ypelengder (forel\u00f8pige):<\/p>\n<table style=\"width: 100%;\" border=\"1\" cellspacing=\"0\" cellpadding=\"0\">\n<tbody>\n<tr>\n<td><b>Klasse<\/b><\/td>\n<td><b>Niv\u00e5<\/b><\/td>\n<td><b>Lengde<\/b><\/td>\n<td><b>\u00a0<\/b><\/td>\n<td><b>Klasse<\/b><\/td>\n<td><b>Niv\u00e5<\/b><\/td>\n<td><b>Lengde<\/b><\/td>\n<\/tr>\n<tr>\n<td>D-12N<\/td>\n<td>N<\/td>\n<td>2.2<\/td>\n<td><\/td>\n<td>H-12N<\/td>\n<td>N<\/td>\n<td>2.2<\/td>\n<\/tr>\n<tr>\n<td>D-10<\/td>\n<td>C<\/td>\n<td>2.3<\/td>\n<td><\/td>\n<td>H-10<\/td>\n<td>C<\/td>\n<td>2.3<\/td>\n<\/tr>\n<tr>\n<td>D11-12<\/td>\n<td>C<\/td>\n<td>2,7<\/td>\n<td><\/td>\n<td>H11-12<\/td>\n<td>C<\/td>\n<td>2,7<\/td>\n<\/tr>\n<tr>\n<td>D13-14<\/td>\n<td>B<\/td>\n<td>3,4<\/td>\n<td><\/td>\n<td>H13-14<\/td>\n<td>B<\/td>\n<td>3,4<\/td>\n<\/tr>\n<tr>\n<td>D15-16<\/td>\n<td>A<\/td>\n<td>4.0<\/td>\n<td><\/td>\n<td>H15-16<\/td>\n<td>A<\/td>\n<td>4,6<\/td>\n<\/tr>\n<tr>\n<td>D17-<\/td>\n<td>A<\/td>\n<td>4,6<\/td>\n<td><\/td>\n<td>H17-<\/td>\n<td>A<\/td>\n<td>6.1<\/td>\n<\/tr>\n<tr>\n<td>D17-B<\/td>\n<td>B<\/td>\n<td>3,4<\/td>\n<td><\/td>\n<td>H17-B<\/td>\n<td>B<\/td>\n<td>3,4<\/td>\n<\/tr>\n<tr>\n<td>D17-C<\/td>\n<td>C<\/td>\n<td>2,7<\/td>\n<td><\/td>\n<td>H17-C<\/td>\n<td>C<\/td>\n<td>2,7<\/td>\n<\/tr>\n<tr>\n<td>D45-<\/td>\n<td>A<\/td>\n<td>4.0<\/td>\n<td><\/td>\n<td>H45-<\/td>\n<td>A<\/td>\n<td>4,6<\/td>\n<\/tr>\n<\/tbody>\n<\/table>\n<p><strong>Om klassene<\/strong><br \/>\nDH-12N gjelder for alle nybegynnere. Her er det fri start-tid, og f\u00f8lge er tillatt.<br \/>\nDH17-B og -C er tilpasset for \u2018ferske foreldre\u2019. B-klassene har samme l\u00f8ype som DH13-14<\/p>\n<p>Klassene D\/H 11-12, D\/H 11-12 N og D\/H 10 vil f\u00e5 utdelt kartene f\u00f8r start. Kartet hentes i sekretariatet p\u00e5 Arena. Resten av klassene f\u00e5r kartet p\u00e5 start, i start\u00f8yeblikket.<\/p>\n<p>Klubbmesterskapsklasser : DH 11-12, DH 13-14, DH 15-16 oh DH 17-.<br \/>\nI \u00f8vrige klasser: Heder og \u00e6re<\/p>\n<p><strong>Grilling<br \/>\n<\/strong>Det blir muligheter for grilling p\u00e5 Arena i forbindelse med l\u00f8pet. Ta med mat og drikke selv. Dette kan endres avhengig av v\u00e6r.<\/p>\n<p><strong>Hovedfunksjoner<br \/>\n<\/strong>L\u00f8psleder: \u00a0 \u00a0 \u00a0 \u00a0 \u00a0 \u00a0 \u00a0 \u00a0 \u00a0 \u00a0Helge Stubberud \u00a0mob 9226 6947<br \/>\nL\u00f8ypelegger: \u00a0 \u00a0 \u00a0 \u00a0 \u00a0 \u00a0 \u00a0 \u00a0B\u00f8rge Pedersen<\/p>\n<p><strong>Vel m\u00f8tt!<\/strong><\/p>\n<p><a href=\"http:\/\/nydalen.idrett.no\/orientering\/wp-content\/uploads\/2010\/11\/NydalenLogo1.png\"><img loading=\"lazy\" decoding=\"async\" class=\"alignnone size-full wp-image-6709\" src=\"http:\/\/nydalen.idrett.no\/orientering\/wp-content\/uploads\/2010\/11\/NydalenLogo1.png\" alt=\"NydalenLogo1\" width=\"198\" height=\"202\" \/><\/a><\/p>\n","protected":false},"excerpt":{"rendered":"<p>INNBYDELSE Nydalens Skiklubs klubbmesterskap i orientering 2017. Tid: \u00a0Tirsdag 22. august kl 18:00 Sted:\u00a0Bj\u00f8rkelunden \u00f8st for Gamle Maridalsvei ved Hammeren. Fellesstart i hovedklassene ; fri start for \u00f8vrige, Vi forventer oppm\u00f8te av ALLE ! \u00a0Elitel\u00f8pere, \u00a0nybegynnere, gamle rever, ferskinger og &hellip; <a class=\"more-link\" href=\"https:\/\/nydalen.idrett.no\/orientering\/arrangementer\/klubbmesterskap\/\">Les videre <span class=\"meta-nav\">&rarr;<\/span><\/a><\/p>\n","protected":false},"author":3,"featured_media":0,"parent":136,"menu_order":0,"comment_status":"open","ping_status":"closed","template":"onecolumn-page.php","meta":{"footnotes":""},"class_list":["post-2611","page","type-page","status-publish","hentry"],"_links":{"self":[{"href":"https:\/\/nydalen.idrett.no\/orientering\/wp-json\/wp\/v2\/pages\/2611","targetHints":{"allow":["GET"]}}],"collection":[{"href":"https:\/\/nydalen.idrett.no\/orientering\/wp-json\/wp\/v2\/pages"}],"about":[{"href":"https:\/\/nydalen.idrett.no\/orientering\/wp-json\/wp\/v2\/types\/page"}],"author":[{"embeddable":true,"href":"https:\/\/nydalen.idrett.no\/orientering\/wp-json\/wp\/v2\/users\/3"}],"replies":[{"embeddable":true,"href":"https:\/\/nydalen.idrett.no\/orientering\/wp-json\/wp\/v2\/comments?post=2611"}],"version-history":[{"count":65,"href":"https:\/\/nydalen.idrett.no\/orientering\/wp-json\/wp\/v2\/pages\/2611\/revisions"}],"predecessor-version":[{"id":15391,"href":"https:\/\/nydalen.idrett.no\/orientering\/wp-json\/wp\/v2\/pages\/2611\/revisions\/15391"}],"up":[{"embeddable":true,"href":"https:\/\/nydalen.idrett.no\/orientering\/wp-json\/wp\/v2\/pages\/136"}],"wp:attachment":[{"href":"https:\/\/nydalen.idrett.no\/orientering\/wp-json\/wp\/v2\/media?parent=2611"}],"curies":[{"name":"wp","href":"https:\/\/api.w.org\/{rel}","templated":true}]}}