{"id":251,"date":"2010-11-07T13:48:06","date_gmt":"2010-11-07T12:48:06","guid":{"rendered":"http:\/\/nydalen.idrett.no\/wordpress\/"},"modified":"2025-09-04T21:48:07","modified_gmt":"2025-09-04T19:48:07","slug":"treningssteder","status":"publish","type":"page","link":"https:\/\/nydalen.idrett.no\/orientering\/junior-senior\/treningssteder\/","title":{"rendered":"Treningssteder"},"content":{"rendered":"\n<p>Kartet under viser viktige treningssteder for Nydalens Skiklub.&nbsp;\u00c5pne <a href=\"http:\/\/maps.google.no\/maps\/ms?ie=UTF8&amp;hl=no&amp;msa=0&amp;msid=104212839275906434318.00045030ea65983a91eae&amp;z=12&amp;source=embed\">kartet i Google Maps<\/a> for \u00e5 f\u00e5 en mer oversiktlig liste over stedsnavnene.<\/p>\n\n\n\n<div class=\"map-responsive\">\n<iframe loading=\"lazy\" src=\"https:\/\/www.google.com\/maps\/d\/embed?mid=1h4vawKIrCfkaD02gzdRK2rQzL9o&#038;ehbc=2E312F\" width=\"640\" height=\"480\" marginwidth=\"0\" marginheight=\"0\" frameborder=\"0\" scrolling=\"no\"><\/iframe>\n<\/div>\n\n\n<style>\n.map-responsive {\n  position: relative;\n  padding-top: 56.25%; \/* 16:9 \u2013 juster ved behov *\/\n  height: 0;\n  overflow: hidden;\n}\n.map-responsive iframe {\n  position: absolute;\n  top: 0; left: 0;\n  width: 100%; height: 100%;\n  border: 0;\n}\n<\/style>\n\n\n\n\n<p>\u00a0<\/p>\n","protected":false},"excerpt":{"rendered":"<p>Kartet under viser viktige treningssteder for Nydalens Skiklub.&nbsp;\u00c5pne kartet i Google Maps for \u00e5 f\u00e5 en mer oversiktlig liste over stedsnavnene. \u00a0<\/p>\n","protected":false},"author":1,"featured_media":0,"parent":4,"menu_order":0,"comment_status":"closed","ping_status":"closed","template":"onecolumn-page.php","meta":{"footnotes":""},"class_list":["post-251","page","type-page","status-publish","hentry"],"_links":{"self":[{"href":"https:\/\/nydalen.idrett.no\/orientering\/wp-json\/wp\/v2\/pages\/251","targetHints":{"allow":["GET"]}}],"collection":[{"href":"https:\/\/nydalen.idrett.no\/orientering\/wp-json\/wp\/v2\/pages"}],"about":[{"href":"https:\/\/nydalen.idrett.no\/orientering\/wp-json\/wp\/v2\/types\/page"}],"author":[{"embeddable":true,"href":"https:\/\/nydalen.idrett.no\/orientering\/wp-json\/wp\/v2\/users\/1"}],"replies":[{"embeddable":true,"href":"https:\/\/nydalen.idrett.no\/orientering\/wp-json\/wp\/v2\/comments?post=251"}],"version-history":[{"count":9,"href":"https:\/\/nydalen.idrett.no\/orientering\/wp-json\/wp\/v2\/pages\/251\/revisions"}],"predecessor-version":[{"id":20357,"href":"https:\/\/nydalen.idrett.no\/orientering\/wp-json\/wp\/v2\/pages\/251\/revisions\/20357"}],"up":[{"embeddable":true,"href":"https:\/\/nydalen.idrett.no\/orientering\/wp-json\/wp\/v2\/pages\/4"}],"wp:attachment":[{"href":"https:\/\/nydalen.idrett.no\/orientering\/wp-json\/wp\/v2\/media?parent=251"}],"curies":[{"name":"wp","href":"https:\/\/api.w.org\/{rel}","templated":true}]}}