{"id":246,"date":"2010-11-07T13:46:51","date_gmt":"2010-11-07T12:46:51","guid":{"rendered":"http:\/\/nydalen.idrett.no\/wordpress\/"},"modified":"2025-11-11T10:20:09","modified_gmt":"2025-11-11T09:20:09","slug":"elite","status":"publish","type":"page","link":"https:\/\/nydalen.idrett.no\/orientering\/junior-senior\/elite\/","title":{"rendered":"Elite"},"content":{"rendered":"<p>Nydalens Skiklub har en sterk tradisjon som en av Norges aller\u00a0beste orienteringsklubber.\u00a0V\u00e5rt m\u00e5l er \u00e5 v\u00e6re den beste klubben \u00e5 v\u00e6re o-l\u00f8per i. Vi jobber hardt for \u00e5 ha et solid sportslig opplegg. Treningsopplegget er tilpasset hardtsatsende elitel\u00f8pere, men vi inkluderer b\u00e5de elite og bredde p\u00e5 alle aktiviteter.<\/p>\n<p>Vi tilbyr v\u00e5re elitel\u00f8pere:<\/p>\n<ul>\n<li>Gode og varierte o-tekniske treninger gjennom hele \u00e5ret<\/li>\n<li>Treningssamlinger ca. en gang i m\u00e5neden.<\/li>\n<li>Godt klubbmilj\u00f8<\/li>\n<li>Personlig oppf\u00f8lging av trener, b\u00e5de p\u00e5 fysisk treningsveiledning og o-teknisk<\/li>\n<li>Konkurransedyktige egenandeler og stipendordninger<\/li>\n<li>Medisinsk st\u00f8tteapparat for satsende l\u00f8pere<\/li>\n<\/ul>\n<p>Ved sp\u00f8rsm\u00e5l, ta kontakt med eliteansvarlig Sverre Turter Sandvold p\u00e5 tlf 958 63 137, eller trener H\u00e5vard Sandstad Eidsmo p\u00e5 tlf 917 74 578<\/p>\n","protected":false},"excerpt":{"rendered":"<p>Nydalens Skiklub har en sterk tradisjon som en av Norges aller\u00a0beste orienteringsklubber.\u00a0V\u00e5rt m\u00e5l er \u00e5 v\u00e6re den beste klubben \u00e5 v\u00e6re o-l\u00f8per i. Vi jobber hardt for \u00e5 ha et solid sportslig opplegg. Treningsopplegget er tilpasset hardtsatsende elitel\u00f8pere, men vi &hellip; <a class=\"more-link\" href=\"https:\/\/nydalen.idrett.no\/orientering\/junior-senior\/elite\/\">Les videre <span class=\"meta-nav\">&rarr;<\/span><\/a><\/p>\n","protected":false},"author":1,"featured_media":0,"parent":4,"menu_order":0,"comment_status":"closed","ping_status":"closed","template":"onecolumn-page.php","meta":{"footnotes":""},"class_list":["post-246","page","type-page","status-publish","hentry"],"_links":{"self":[{"href":"https:\/\/nydalen.idrett.no\/orientering\/wp-json\/wp\/v2\/pages\/246","targetHints":{"allow":["GET"]}}],"collection":[{"href":"https:\/\/nydalen.idrett.no\/orientering\/wp-json\/wp\/v2\/pages"}],"about":[{"href":"https:\/\/nydalen.idrett.no\/orientering\/wp-json\/wp\/v2\/types\/page"}],"author":[{"embeddable":true,"href":"https:\/\/nydalen.idrett.no\/orientering\/wp-json\/wp\/v2\/users\/1"}],"replies":[{"embeddable":true,"href":"https:\/\/nydalen.idrett.no\/orientering\/wp-json\/wp\/v2\/comments?post=246"}],"version-history":[{"count":26,"href":"https:\/\/nydalen.idrett.no\/orientering\/wp-json\/wp\/v2\/pages\/246\/revisions"}],"predecessor-version":[{"id":20584,"href":"https:\/\/nydalen.idrett.no\/orientering\/wp-json\/wp\/v2\/pages\/246\/revisions\/20584"}],"up":[{"embeddable":true,"href":"https:\/\/nydalen.idrett.no\/orientering\/wp-json\/wp\/v2\/pages\/4"}],"wp:attachment":[{"href":"https:\/\/nydalen.idrett.no\/orientering\/wp-json\/wp\/v2\/media?parent=246"}],"curies":[{"name":"wp","href":"https:\/\/api.w.org\/{rel}","templated":true}]}}