{"id":19849,"date":"2024-08-21T13:11:55","date_gmt":"2024-08-21T11:11:55","guid":{"rendered":"https:\/\/nydalen.idrett.no\/orientering\/?page_id=19849"},"modified":"2025-02-17T20:36:12","modified_gmt":"2025-02-17T19:36:12","slug":"utstyr-og-materiell","status":"publish","type":"page","link":"https:\/\/nydalen.idrett.no\/orientering\/utstyr-og-materiell\/","title":{"rendered":"Utstyr og materiell"},"content":{"rendered":"\n<figure class=\"wp-block-table\"><table class=\"has-fixed-layout\"><tbody><tr><td><strong>Utstyr<\/strong><\/td><td><strong>Sted<\/strong><\/td><td><strong>Kontaktpersoner<\/strong> (se oversikten over <a href=\"https:\/\/nydalen.idrett.no\/orientering\/om-klubben\/organisasjon\/\">roller i klubben<\/a>)<\/td><\/tr><tr><td>Klubbtelt (3 stk) og Nydalenvimpler<\/td><td>Teltfordeling (familier som tar med p\u00e5 l\u00f8p)<\/td><td>Anne &amp; Ole Petter<\/td><\/tr><tr><td>Arrangement (st\u00f8rre telt, tavler, trebukker, bord, stoler, skj\u00f8teledninger osv.)<\/td><td>Eksternt lager<\/td><td>Anne &amp; Ole Petter<\/td><\/tr><tr><td>Tilhenger<\/td><td>Eksternt lager<\/td><td>Anne &amp; Ole Petter<\/td><\/tr><tr><td>Lydanlegg<\/td><td>M\u00e5 l\u00e5nes\/ leies eksternt<\/td><td>Anne &amp; Ole Petter<\/td><\/tr><tr><td>Arrangement (start- og m\u00e5lseil, Emit-postenheter og -avlesere, bukker, postskjermer, aggregat 1,4kW og 3kW, utstyr til drikkepost\/ saftblanding, sekretariatsmateriell osv.)<\/td><td>Hos materialforvalter<\/td><td>Anne &amp; Ole Petter<\/td><\/tr><tr><td>Kiosk og forpleining (kaffekoker, vaffeljern, kaffekanner, thermocontainere, thermokanner, gassbrennere, kj\u00f8kkenutstyr, engangsservise, pappkrus osv. Mengden forbruksutstyr vil variere.)<\/td><td>Hos materialforvalter<\/td><td>Anne &amp; Ole Petter<\/td><\/tr><tr><td>Tidtaking (PC-er, printer osv.)<\/td><td>Hos Anne Berit &amp; Jon Petter<\/td><td>Jon Petter<\/td><\/tr><tr><td>Printer (skrive ut kart til trening)<\/td><td>Hos hovedtrener<\/td><td>Rasmus<\/td><\/tr><tr><td>7-70 treninger (postskjermer osv.)<\/td><td>P\u00e5 rundgang (eller hos hovedtrener)<\/td><td>Rasmus<\/td><\/tr><tr><td>L\u00f8p &amp; Lek (egen intern innholdsoversikt)<\/td><td>Hos Nils<\/td><td>Koordinator for L\u00f8p &amp; Lek, Nicole<\/td><\/tr><tr><td>Grefsenkollen Opp (banner osv.)<\/td><td>Eksternt lager<\/td><td>L\u00f8psleder<\/td><\/tr><tr><td>Nydalsl\u00f8pet (banner osv.)<\/td><td>Eksternt lager<\/td><td>L\u00f8psleder<\/td><\/tr><tr><td>Tur-o (Stifinner&#8217;n premier osv.)<\/td><td>Hos Anne Berit &amp; Jon Petter<\/td><td>Jon Petter<\/td><\/tr><tr><td>Stolpejakt (stolper osv.)<\/td><td>Hos Nils<\/td><td>Nils<\/td><\/tr><tr><td>Drakter<\/td><td>Hos draktsalg<\/td><td>Lone<\/td><\/tr><tr><td>Historisk arkiv<\/td><td>Avlevert til <a href=\"https:\/\/www.oslo.kommune.no\/natur-kultur-og-fritid\/byarkivet\/\">Oslo Byarkiv<\/a>.<\/td><td>Styreleder<\/td><\/tr><\/tbody><\/table><\/figure>\n\n\n\n<p><\/p>\n","protected":false},"excerpt":{"rendered":"<p>Utstyr Sted Kontaktpersoner (se oversikten over roller i klubben) Klubbtelt (3 stk) og Nydalenvimpler Teltfordeling (familier som tar med p\u00e5 l\u00f8p) Anne &amp; Ole Petter Arrangement (st\u00f8rre telt, tavler, trebukker, bord, stoler, skj\u00f8teledninger osv.) Eksternt lager Anne &amp; Ole Petter &hellip; <a class=\"more-link\" href=\"https:\/\/nydalen.idrett.no\/orientering\/utstyr-og-materiell\/\">Les videre <span class=\"meta-nav\">&rarr;<\/span><\/a><\/p>\n","protected":false},"author":58,"featured_media":0,"parent":0,"menu_order":0,"comment_status":"closed","ping_status":"closed","template":"onecolumn-page.php","meta":{"footnotes":""},"class_list":["post-19849","page","type-page","status-publish","hentry"],"_links":{"self":[{"href":"https:\/\/nydalen.idrett.no\/orientering\/wp-json\/wp\/v2\/pages\/19849","targetHints":{"allow":["GET"]}}],"collection":[{"href":"https:\/\/nydalen.idrett.no\/orientering\/wp-json\/wp\/v2\/pages"}],"about":[{"href":"https:\/\/nydalen.idrett.no\/orientering\/wp-json\/wp\/v2\/types\/page"}],"author":[{"embeddable":true,"href":"https:\/\/nydalen.idrett.no\/orientering\/wp-json\/wp\/v2\/users\/58"}],"replies":[{"embeddable":true,"href":"https:\/\/nydalen.idrett.no\/orientering\/wp-json\/wp\/v2\/comments?post=19849"}],"version-history":[{"count":5,"href":"https:\/\/nydalen.idrett.no\/orientering\/wp-json\/wp\/v2\/pages\/19849\/revisions"}],"predecessor-version":[{"id":20068,"href":"https:\/\/nydalen.idrett.no\/orientering\/wp-json\/wp\/v2\/pages\/19849\/revisions\/20068"}],"wp:attachment":[{"href":"https:\/\/nydalen.idrett.no\/orientering\/wp-json\/wp\/v2\/media?parent=19849"}],"curies":[{"name":"wp","href":"https:\/\/api.w.org\/{rel}","templated":true}]}}