{"id":178,"date":"2010-11-07T13:05:57","date_gmt":"2010-11-07T12:05:57","guid":{"rendered":"http:\/\/nydalen.idrett.no\/wordpress\/"},"modified":"2022-05-15T10:02:20","modified_gmt":"2022-05-15T08:02:20","slug":"ny-pa-o-lop","status":"publish","type":"page","link":"https:\/\/nydalen.idrett.no\/orientering\/o-lop\/ny-pa-o-lop\/","title":{"rendered":"Ny p\u00e5 o-l\u00f8p"},"content":{"rendered":"<div>\n<div>\n<p>Til alle nye (og gamle) medlemmer i Nydalens Skiklub som \u00f8nsker \u00e5 starte i et orienteringsl\u00f8p<\/p>\n<\/div>\n<h2>N\u00e5r skal du begynne \u00e5 l\u00f8pe o-l\u00f8p (konkurranser)?<\/h2>\n<p>N\u00e5r du f\u00f8ler deg klar for det, er det akkurat p\u00e5 tide \u00e5 begynne \u00e5 l\u00f8pe o-l\u00f8p! Som med mange andre ting, kan det v\u00e6re litt &#8220;skummelt&#8221; og forvirrende de f\u00f8rste gangene. Fortvil ikke, det tar ikke lang tid f\u00f8r du f\u00f8ler deg som en rutinert konkurransel\u00f8per! Her f\u00e5r du en liten guide som kan v\u00e6re til hjelp de f\u00f8rste gangene.<\/p>\n<h2>Alle niv\u00e5er<\/h2>\n<p>P\u00e5 de fleste o-l\u00f8p finnes ulike l\u00f8yper du kan l\u00f8pe avhengig av alder, kj\u00f8nn, ferdighetsniv\u00e5 og hvor &#8220;sprek&#8221; du er. Den f\u00f8rste gangen du skal velge en l\u00f8psklasse er det lurt \u00e5 f\u00e5 hjelp av treneren din eller sp\u00f8rre noen andre erfarne.<\/p>\n<p><span style=\"text-decoration: underline;\">Valg av niv\u00e5:<\/span><br \/>\nNiv\u00e5ene deles inn i N, C, B og A. Det er vanlig \u00e5 begynne \u00e5 l\u00f8pe en &#8220;N-l\u00f8ype&#8221;. Dette er klassen for nybegynnere. En &#8220;C-l\u00f8ype&#8221; er litt vanskeligere. Etter dette kommer &#8220;B-l\u00f8ype&#8221;, mens det vanskeligste niv\u00e5et kalles &#8220;A-l\u00f8ype&#8221;.<\/p>\n<p><span style=\"text-decoration: underline;\">Valg av klasse:<\/span><br \/>\nOrdin\u00e6re klasser er delt inn etter alder, kj\u00f8nn og l\u00f8ypenes vanskelighetsgrad. &#8220;D&#8221; betyr &#8220;damer&#8221;\/jenter og &#8220;H&#8221; betyr &#8220;herrer&#8221;\/gutter.\u00a0 I ordin\u00e6re klasser er det ikke tillatt med saml\u00f8ping eller ledsager, med unntak av D\/H9-10.<\/p>\n<p>\u00c5pne klasser er klasser som er delt inn etter alder og l\u00f8ypenes vanskelighetsgrad, men uavhengig av kj\u00f8nn. I \u00e5pne klasser og er det tillatt med saml\u00f8ping og ledsager, og det er selvvalgt (&#8220;fri&#8221;) starttid.<\/p>\n<h2>Hvilke konkurranser?<\/h2>\n<p>De fleste l\u00f8pene som blir arrangert i &#8220;n\u00e6romr\u00e5det&#8221; eller som klubben prioriterer st\u00e5r oppf\u00f8rt p\u00e5 treningsplanen. P\u00e5 disse l\u00f8pene deltar mange av klubbens medlemmer. Du kan ogs\u00e5 melde deg p\u00e5 l\u00f8p som ikke st\u00e5r p\u00e5 treningsplanen. En fullstendig oversikt over hvilke o-l\u00f8p som arrangeres finnes o-forbundet terminliste <a href=\"http:\/\/eventor.orientering.no\">eventor.orientering.no<\/a>. Her kan du begrense s\u00f8ket til f.eks. bare \u00e5 dekke l\u00f8p i Akershus og Oslo orienteringskrets.<\/p>\n<p>Det finnes ogs\u00e5 egne konkurranser for ungdom. \u00c5rets h\u00f8ydepunkt for dem mellom 14 og 16 \u00e5r er Hovedl\u00f8pet. Dette er et uoffisielt norgesmesterskap der alle kan v\u00e6re med! Hovedl\u00f8pet arrangeres hvert \u00e5r en helg mot slutten av sommerferien. N\u00e5r Hovedl\u00f8pet er ferdig, fortsetter samlingen med O-landsleiren som er en 3-dagers leir med mye moro, trening og spennende aktiviteter.<\/p>\n<h2>Konkurranseformer<\/h2>\n<p>De fleste o-l\u00f8p foreg\u00e5r i skogen, men det er ogs\u00e5 noen l\u00f8p i parker eller byomr\u00e5der. Det er ogs\u00e5 ulike l\u00f8ypelengder p\u00e5 ulike o-l\u00f8p, vi skiller mellom sprint-, mellom- og langdistanse. I tillegg har vi stafett. Prinsippet er likt for alle l\u00f8p; det er om \u00e5 gj\u00f8re \u00e5 ta seg raskest mulig gjennom terrenget ved hjelp av kart og kompass.<\/p>\n<h2>P\u00e5melding til l\u00f8p<\/h2>\n<p>P\u00e5melding til o-l\u00f8p skjer via <a href=\"https:\/\/eventor.orientering.no\/Events\">eventor.orientering.no<\/a>. Link for p\u00e5melding finnes knyttet til det aktuelle arrangementet. I invitasjonen f\u00e5r du i tillegg til p\u00e5meldingslink og p\u00e5meldingsfrist ogs\u00e5 vite hvor l\u00f8pet g\u00e5r, n\u00e5r f\u00f8rste start er, klasser, l\u00f8ypelengder, avstand til samlingsplass og start etc.<\/p>\n<p>Du m\u00e5 ha bruker p\u00e5 <a href=\"https:\/\/eventor.orientering.no\/Events\">eventor.orientering.no<\/a> for \u00e5 kunne logge inn og melde p\u00e5 deltakere. Dersom du ikke har egen l\u00f8psbrikke (EKT-brikke eller EmiTAG), s\u00e5 kan du leie av arrang\u00f8ren.<\/p>\n<p>Alle som skal l\u00f8pe orienteringsl\u00f8p m\u00e5 registreres med egne brukere &#8211; ogs\u00e5 barn. For familier m\u00e5 en alts\u00e5 registrere alle personer i familien som skal delta i orienteringsl\u00f8p, ved \u00e5 gjenta registreringen flere ganger, men <span style=\"text-decoration: underline;\">en kan gjerne oppgi samme e-postadresse p\u00e5 alle i familien<\/span> dersom en \u00f8nsker dette.<\/p>\n<p>Etterp\u00e5 kan en logge inn med en av brukerne og melde p\u00e5 alle i familien samtidig (via &#8220;Meld p\u00e5 eller av et annet klubbmedlem&#8221;).<\/p>\n<p>Dersom du har problemer med \u00e5 melde deg p\u00e5 l\u00f8pet har klubben en egen p\u00e5meldingsansvarlig som kan hjelpe deg. Kontaktinformasjon finner du under &#8220;Klubben\/Organisasjon&#8221; p\u00e5 Nydalens hjemmeside.<\/p>\n<p>Her er en bruksansvisning laget av Nord-\u00d8sterdal o-region: <a href=\"http:\/\/nooreg.no\/wp-content\/uploads\/2017\/05\/Hvordan-melde-seg-p%C3%A5-o-l%C3%B8p-i-Eventor.pdf\">Hvordan melde seg p\u00e5 o-l\u00f8p i Eventor<\/a><\/p>\n<p><span style=\"text-decoration: underline;\">Etteranmelding:<\/span><br \/>\nDersom du har glemt \u00e5 melde deg p\u00e5 til et l\u00f8p innen p\u00e5meldingsfristen, kan du etteranmelde deg. Dette gj\u00f8r du p\u00e5 samme m\u00e5te som beskrevet ovenfor. For barn, ungdom og studenter som har betalt treningsavgift dekker klubben startkontingenter (med unntak av &#8220;feriel\u00f8p&#8221; og n\u00e6rl\u00f8p som kun har p\u00e5melding p\u00e5 stedet). Dersom du etteranmelder deg til et l\u00f8p m\u00e5 du imidlertid betale for l\u00f8pet selv. Dette gjelder ikke barn opp til og med 12 \u00e5r da det ikke kreves etteranmeldingsgebyr for disse. Du m\u00e5 ogs\u00e5 betale for l\u00f8pet selv dersom du er p\u00e5meldt og ikke stiller til start. P\u00e5meldingsavgifter og etteranmeldingsgebyr som den enkelte skal betale selv forskutteres av klubben. Etter sesongen f\u00e5r du beskjed om hvor mye du eventuelt skal betale.<\/p>\n<h2>Hva skal du ha med p\u00e5 o-l\u00f8p?<\/h2>\n<ul>\n<li>L\u00f8pst\u00f8y. Mange l\u00f8per i klubbens l\u00f8psdrakt, men annet egnet l\u00f8pst\u00f8y kan selvsagt ogs\u00e5 brukes. NB: Heldekkende benkl\u00e6r er p\u00e5budt i skogsl\u00f8p (dvs. lang bukse eller knebukse og lange str\u00f8mper\/o-legger. Shorts er ikke tillatt!). \u00c5rsaken er at bena skal v\u00e6re tildekket for \u00e5 unng\u00e5 s\u00e5rskader. L\u00f8pst\u00f8y kan kj\u00f8pes via klubben. Se klubbens hjemmeside for kontaktperson og utvalg\/priser.<\/li>\n<li>O-sko eller andre l\u00f8pesko. O-sko er det beste \u00e5 l\u00f8pe med i skogen, men s\u00e5 lenge du l\u00f8per nybegynnerl\u00f8yper som g\u00e5r mest p\u00e5 sti er joggesko ogs\u00e5 godt egnet.<\/li>\n<li>Kompass<\/li>\n<li>EKT-brikke (eller EmiTAG)<\/li>\n<li>&#8220;V\u00e5tklut&#8221;. Det er sjelden mulighet for \u00e5 dusje etter et l\u00f8p. Ta derfor gjerne med en v\u00e5t klut eller lignende slik at du f\u00e5r vasket deg litt etter l\u00f8pet.<\/li>\n<li>Varme kl\u00e6r til \u00e5 ha p\u00e5 etter l\u00f8pet. Gjerne votter og lue selv p\u00e5 sommeren!<\/li>\n<li>Regnt\u00f8y og gummist\u00f8vler hvis v\u00e6rforholdene tilsier det.<\/li>\n<li>Mat og drikke. P\u00e5 l\u00f8p er det stort sett mulig \u00e5 kj\u00f8pe p\u00f8lser, vafler, kaker og lignende, samt varm og kald drikke.<\/li>\n<li>Klappstol, sitteplate eller noe annet \u00e5 sitte p\u00e5.<\/li>\n<\/ul>\n<h2>Avreise<\/h2>\n<p>Til de fleste l\u00f8p er du avhengig av \u00e5 reise med bil. Avtal gjerne med noen andre i klubben om n\u00e5r og hvor du skal kj\u00f8re.<\/p>\n<h2>Hvordan finne fram til l\u00f8pet?<\/h2>\n<p>I innbydelsen for l\u00f8pet vil det st\u00e5 hvor samlingsplass for l\u00f8pet er, samt hvor det vil v\u00e6re skiltet fra. Herfra vil det v\u00e6re merket til parkering med oransje\/hvite o-poster eller skilt.<\/p>\n<h2>Parkering og samlingsplass<\/h2>\n<p>Parkering er ofte p\u00e5 en \u00e5ker eller eng. Noen ganger m\u00e5 du betale for parkeringen (ca. 20-50 kr). Fra parkeringsplassen er veien til samlingsplass merket med b\u00e5nd. Ofte kan det v\u00e6re et stykke \u00e5 g\u00e5 (avstand fra parkering til samlingsplass er vanligvis angitt i invitasjonen for l\u00f8pet). N\u00e5r du kommer til samlingsplass, ser du etter andre fra klubben og setter deg sammen med dem. Ved regnv\u00e6r setter klubben opp telt slik at vi slipper \u00e5 bli v\u00e5te. Samlingsplass er det stedet der selve arrangementet foreg\u00e5r. Veien til start, toaletter og eventuell dusj er merket fra samlingsplass. P\u00e5 samlingsplass er det muligheter for \u00e5 kj\u00f8pe mat og drikke. Noen ganger, p\u00e5 litt st\u00f8rre l\u00f8p, er det salg av orienteringsutstyr som kompass, o-sko og l\u00f8pst\u00f8y.<\/p>\n<h2>Lagspose, nybegynnerkart og PM<\/h2>\n<p>De klubbmedlemmene som kommer f\u00f8rst til l\u00f8pet, henter klubbens &#8220;lagspose&#8221; i informasjonen. I lagsposen ligger det startnummer hvis det skal brukes. I tillegg er det vanligvis gule &#8220;backuplapper&#8221; til alle som skal l\u00f8pe (noen ganger deles disse ut p\u00e5 start). En backuplapp festes til EKT-brikken (med den gule siden ut) og er til hjelp dersom brikken slutter \u00e5 virke under l\u00f8pet (lappen blir gjennomhullet av &#8220;pinner&#8221; i stemplingsboksene p\u00e5 postene). Lagsposen inneholder ogs\u00e5 et PM (latin, forkortelse for &#8220;pro memoria&#8221; som betyr &#8220;noe \u00e5 huske p\u00e5&#8221;). I PM-et st\u00e5r det viktig informasjon om l\u00f8pet og for eksempel hvor langt det er til start. PM vil du de siste dagene f\u00f8r l\u00f8pet ogs\u00e5 finne p\u00e5 nettet samme sted som du fant l\u00f8pets invitasjon. Er du under 13 \u00e5r (t.o.m. 12 \u00e5rs klassen) eller l\u00f8per i en nybegynnerklasse (&#8220;N&#8221;), f\u00e5r du kartet ditt i lagsposen p\u00e5 samlingsplass.<\/p>\n<h2>Startlister<\/h2>\n<p>Noen dager f\u00f8r l\u00f8pet blir startlister for l\u00f8pet lagt ut samme sted som invitasjonen til l\u00f8pet. Starttidene finnes ogs\u00e5 oppsl\u00e5tt p\u00e5 samlingsplass, i tillegg vil en liste med starttider for klubbens l\u00f8pere vanligvis ligge i lagsposen.<\/p>\n<h2>Til start<\/h2>\n<p>Av og til er det ulikt startsted for ulike klasser. S\u00f8rg for at du f\u00f8lger merkeb\u00e5ndene som f\u00f8rer til din start. Noen ganger kan det ogs\u00e5 v\u00e6re langt \u00e5 g\u00e5 til start. V\u00e6r ute i god tid! Det er vanlig \u00e5 beregne at man skal v\u00e6re p\u00e5 samlingsplass 45-60 minutter f\u00f8r man starter. Alle m\u00e5 huske \u00e5 ta med kompass og EKT-brikke til start. De som har f\u00e5tt kartet i lagsposen m\u00e5 ogs\u00e5 huske dette.<\/p>\n<h2>Starten<\/h2>\n<p>Ved start er det en tavle som viser klokkeslett. N\u00e5r din starttid kommer opp, g\u00e5r du frem til &#8220;b\u00e5sen&#8221; som er merket med den klassen du skal l\u00f8pe. Da er det vanligvis tre minutter til du skal starte. N\u00e5r det har g\u00e5tt ett minutt kan du g\u00e5 inn i neste b\u00e5s. Brikkenummer kontrolleres. De som ikke har f\u00e5tt kartet i lagsposen p\u00e5 samlingsplass, f\u00e5r kartet i start\u00f8yeblikket. Det er alltid arrang\u00f8rer p\u00e5 start som kan hjelpe deg! L\u00f8pere i \u00e5pne klasser har s\u00e5kalt fri starttid og kan starte n\u00e5r de selv \u00f8nsker. P\u00e5 starten henvender man seg til arrang\u00f8ren og kan starte s\u00e5 snart navn og brikkenummer er sjekket.<\/p>\n<h2>Kartet \u2013 med l\u00f8ype og postbeskrivelse<\/h2>\n<p>P\u00e5 kartet er hele l\u00f8ypen tegnet inn. Starten er markert med en trekant p\u00e5 kartet. Noen ganger er det merket en kort l\u00f8ype fra startstedet til startpost. P\u00e5 kartet er postene markert med r\u00f8de ringer. Postene skal tas i riktig rekkef\u00f8lge og du starter med nummer 1. P\u00e5 kartet er rekkef\u00f8lgen vist som r\u00f8de streker mellom postene. M\u00e5l er markert med en dobbelt ring.<\/p>\n<p>P\u00e5 kartet er det trykket en postbeskrivelse. Denne beskriver terrengdetaljen posten ligger ved (stor stein, h\u00f8ydepunkt etc.) og hvilket kodenummer den enkelte posten har. N\u00e5r posten du finner i skogen har samme kodenummer som postbeskrivelsen p\u00e5 kartet, vet du at du har kommet til riktig post!<\/p>\n<h2>Postene<\/h2>\n<p>P\u00e5 hver post finnes en oransje og hvit postskjerm. Her er ogs\u00e5 en stemplingsbukk hvor du skal &#8220;stemple&#8221; med EKT-brikken. Kontroller at det er riktig nummer p\u00e5 posten!<\/p>\n<h2>M\u00e5l<\/h2>\n<p>Det siste stykket fra siste post til m\u00e5l er vanligvis merket l\u00f8ype (markert med b\u00e5nd i terrenget). Ogs\u00e5 i m\u00e5l m\u00e5 du huske \u00e5 stemple med EKT-brikken. Selv om du ikke har v\u00e6rt p\u00e5 alle postene m\u00e5 du stemple i m\u00e5l slik at arrang\u00f8rene vet at du har kommet inn fra skogen.<\/p>\n<h2>Etter du har kommet i m\u00e5l<\/h2>\n<p>Det blir fort kaldt n\u00e5r du slutter \u00e5 l\u00f8pe. Skift derfor til t\u00f8rt t\u00f8y s\u00e5 raskt som mulig. Er det dusj p\u00e5 samlingsplass g\u00e5r det an \u00e5 bruke denne. Hvis ikke kan du vaske deg med en v\u00e5t klut som du tar med hjemmefra (&#8220;v\u00e5tklutmetoden&#8221;). Resultatlister fra l\u00f8pet henges vanligvis opp fortl\u00f8pende p\u00e5 samlingsplass (uten rangering t.o.m. 10 \u00e5r). Etter l\u00f8pet legges resultatene ut p\u00e5 internett (samme sted som du fant innbydelsen til l\u00f8pet). I tillegg til \u00e5 se sluttider kan du da ogs\u00e5 sammenligne strekktidene (tiden mellom to poster) dine med konkurrentenes. Kan v\u00e6re ganske spennende \u00e5 studere tidene p\u00e5 hvert strekk og se hvor store bommene faktisk var!<\/p>\n<h2>Premieutdeling<\/h2>\n<p>N\u00e5r alle i din klasse har kommet i m\u00e5l, er det premieutdeling til de som har l\u00f8pt raskest. I N-\u00e5pen kan du som regel hente premien med en gang du har kommet i m\u00e5l. I de yngste klassene (t.o.m. 12 \u00e5r) f\u00e5r alle en premie. Noen ganger kan en ogs\u00e5 i disse klassene hente premiene med en gang. I klassene 13 til 16 \u00e5r f\u00e5r vanligvis en tredjedel av de startende premie.<\/p>\n<p><strong>Lykke til!<\/strong><\/p>\n<\/div>\n","protected":false},"excerpt":{"rendered":"<p>Til alle nye (og gamle) medlemmer i Nydalens Skiklub som \u00f8nsker \u00e5 starte i et orienteringsl\u00f8p N\u00e5r skal du begynne \u00e5 l\u00f8pe o-l\u00f8p (konkurranser)? N\u00e5r du f\u00f8ler deg klar for det, er det akkurat p\u00e5 tide \u00e5 begynne \u00e5 l\u00f8pe &hellip; <a class=\"more-link\" href=\"https:\/\/nydalen.idrett.no\/orientering\/o-lop\/ny-pa-o-lop\/\">Les videre <span class=\"meta-nav\">&rarr;<\/span><\/a><\/p>\n","protected":false},"author":1,"featured_media":0,"parent":46,"menu_order":0,"comment_status":"closed","ping_status":"closed","template":"onecolumn-page.php","meta":{"footnotes":""},"class_list":["post-178","page","type-page","status-publish","hentry"],"_links":{"self":[{"href":"https:\/\/nydalen.idrett.no\/orientering\/wp-json\/wp\/v2\/pages\/178","targetHints":{"allow":["GET"]}}],"collection":[{"href":"https:\/\/nydalen.idrett.no\/orientering\/wp-json\/wp\/v2\/pages"}],"about":[{"href":"https:\/\/nydalen.idrett.no\/orientering\/wp-json\/wp\/v2\/types\/page"}],"author":[{"embeddable":true,"href":"https:\/\/nydalen.idrett.no\/orientering\/wp-json\/wp\/v2\/users\/1"}],"replies":[{"embeddable":true,"href":"https:\/\/nydalen.idrett.no\/orientering\/wp-json\/wp\/v2\/comments?post=178"}],"version-history":[{"count":15,"href":"https:\/\/nydalen.idrett.no\/orientering\/wp-json\/wp\/v2\/pages\/178\/revisions"}],"predecessor-version":[{"id":18343,"href":"https:\/\/nydalen.idrett.no\/orientering\/wp-json\/wp\/v2\/pages\/178\/revisions\/18343"}],"up":[{"embeddable":true,"href":"https:\/\/nydalen.idrett.no\/orientering\/wp-json\/wp\/v2\/pages\/46"}],"wp:attachment":[{"href":"https:\/\/nydalen.idrett.no\/orientering\/wp-json\/wp\/v2\/media?parent=178"}],"curies":[{"name":"wp","href":"https:\/\/api.w.org\/{rel}","templated":true}]}}