{"id":16576,"date":"2019-05-09T16:52:59","date_gmt":"2019-05-09T14:52:59","guid":{"rendered":"https:\/\/nydalen.idrett.no\/orientering\/?page_id=16576"},"modified":"2019-05-21T18:30:59","modified_gmt":"2019-05-21T16:30:59","slug":"ta-kollektivt-til-nm","status":"publish","type":"page","link":"https:\/\/nydalen.idrett.no\/orientering\/arrangementer\/nm-sprint-2019\/ta-kollektivt-til-nm\/","title":{"rendered":"Adkomst (og parkering)"},"content":{"rendered":"\n<h2 class=\"wp-block-heading\">Ta kollektivt til NM! <\/h2>\n\n\n\n<p>Du finner trolig ikke et mesterskap i orientering det er enklere \u00e5 ta kollektivt til enn NM sprint i Nydalen.<\/p>\n\n\n\n<p>Den enkleste m\u00e5ten \u00e5 komme seg til l\u00f8perhotellet Thon Hotel Storo utenom terrengsperringen er \u00e5 ta T-banen til Storo, 500 meter unna hotellet:<\/p>\n\n\n\n<figure class=\"wp-block-image\"><img loading=\"lazy\" decoding=\"async\" width=\"549\" height=\"418\" src=\"https:\/\/nydalen.idrett.no\/orientering\/wp-content\/uploads\/2019\/05\/Google-maps-Storo.png\" alt=\"\" class=\"wp-image-16580\" srcset=\"https:\/\/nydalen.idrett.no\/orientering\/wp-content\/uploads\/2019\/05\/Google-maps-Storo.png 549w, https:\/\/nydalen.idrett.no\/orientering\/wp-content\/uploads\/2019\/05\/Google-maps-Storo-500x381.png 500w\" sizes=\"auto, (max-width: 549px) 100vw, 549px\" \/><figcaption>Gangtras\u00e9 fra Storo T-banestasjon til Thon Hotel Storo (<a href=\"https:\/\/www.google.no\/maps\/dir\/59.9451801,10.7785083\/Thon+Hotel+Storo+Restaurant,+Vitaminveien+23,+0485+Oslo\/\" target=\"_blank\" rel=\"noreferrer noopener\" aria-label=\"fra Google Maps (\u00e5pner i en ny fane)\">fra Google Maps<\/a>).<\/figcaption><\/figure>\n\n\n\n<p>For kollektivreiser i Oslo, se <a href=\"https:\/\/ruter.no\/\" target=\"_blank\" rel=\"noreferrer noopener\" aria-label=\" (\u00e5pner i en ny fane)\">ruter.no<\/a>.<\/p>\n\n\n\n<p>L\u00f8perhotellet ligger i gangavstand til arena og karanteneomr\u00e5der, og det vil bli oppslag \/ utdeling av informasjon p\u00e5 hotellet om tras\u00e9 som skal benyttes.<\/p>\n\n\n\n<h2 class=\"wp-block-heading\">Bil og parkering<\/h2>\n\n\n\n<p>Avkj\u00f8ring ved Storokrysset fra Ring 3 (Rv. 150). Parkering p\u00e5 offentlige parkeringsplasser og parkeringshus ved Thon Hotel Storo og Storo Storsenter  (se kart under).<\/p>\n\n\n\n<figure class=\"wp-block-image\"><img loading=\"lazy\" decoding=\"async\" width=\"962\" height=\"707\" src=\"https:\/\/nydalen.idrett.no\/orientering\/wp-content\/uploads\/2019\/05\/Parkering-Thon-Hotel-Storo-962x707.png\" alt=\"\" class=\"wp-image-16589\" srcset=\"https:\/\/nydalen.idrett.no\/orientering\/wp-content\/uploads\/2019\/05\/Parkering-Thon-Hotel-Storo-962x707.png 962w, https:\/\/nydalen.idrett.no\/orientering\/wp-content\/uploads\/2019\/05\/Parkering-Thon-Hotel-Storo-500x367.png 500w, https:\/\/nydalen.idrett.no\/orientering\/wp-content\/uploads\/2019\/05\/Parkering-Thon-Hotel-Storo-768x564.png 768w, https:\/\/nydalen.idrett.no\/orientering\/wp-content\/uploads\/2019\/05\/Parkering-Thon-Hotel-Storo.png 1527w\" sizes=\"auto, (max-width: 962px) 100vw, 962px\" \/><figcaption>Kartskisse: Parkering Thon Hotel Storo og Storo Storsenter.<br><\/figcaption><\/figure>\n","protected":false},"excerpt":{"rendered":"<p>Ta kollektivt til NM! Du finner trolig ikke et mesterskap i orientering det er enklere \u00e5 ta kollektivt til enn NM sprint i Nydalen. Den enkleste m\u00e5ten \u00e5 komme seg til l\u00f8perhotellet Thon Hotel Storo utenom terrengsperringen er \u00e5 ta &hellip; <a class=\"more-link\" href=\"https:\/\/nydalen.idrett.no\/orientering\/arrangementer\/nm-sprint-2019\/ta-kollektivt-til-nm\/\">Les videre <span class=\"meta-nav\">&rarr;<\/span><\/a><\/p>\n","protected":false},"author":58,"featured_media":0,"parent":15911,"menu_order":0,"comment_status":"closed","ping_status":"closed","template":"page-altleft.php","meta":{"footnotes":""},"class_list":["post-16576","page","type-page","status-publish","hentry"],"_links":{"self":[{"href":"https:\/\/nydalen.idrett.no\/orientering\/wp-json\/wp\/v2\/pages\/16576","targetHints":{"allow":["GET"]}}],"collection":[{"href":"https:\/\/nydalen.idrett.no\/orientering\/wp-json\/wp\/v2\/pages"}],"about":[{"href":"https:\/\/nydalen.idrett.no\/orientering\/wp-json\/wp\/v2\/types\/page"}],"author":[{"embeddable":true,"href":"https:\/\/nydalen.idrett.no\/orientering\/wp-json\/wp\/v2\/users\/58"}],"replies":[{"embeddable":true,"href":"https:\/\/nydalen.idrett.no\/orientering\/wp-json\/wp\/v2\/comments?post=16576"}],"version-history":[{"count":9,"href":"https:\/\/nydalen.idrett.no\/orientering\/wp-json\/wp\/v2\/pages\/16576\/revisions"}],"predecessor-version":[{"id":16640,"href":"https:\/\/nydalen.idrett.no\/orientering\/wp-json\/wp\/v2\/pages\/16576\/revisions\/16640"}],"up":[{"embeddable":true,"href":"https:\/\/nydalen.idrett.no\/orientering\/wp-json\/wp\/v2\/pages\/15911"}],"wp:attachment":[{"href":"https:\/\/nydalen.idrett.no\/orientering\/wp-json\/wp\/v2\/media?parent=16576"}],"curies":[{"name":"wp","href":"https:\/\/api.w.org\/{rel}","templated":true}]}}