{"id":16214,"date":"2019-01-22T08:45:43","date_gmt":"2019-01-22T07:45:43","guid":{"rendered":"https:\/\/nydalen.idrett.no\/orientering\/?page_id=16214"},"modified":"2026-04-05T18:19:42","modified_gmt":"2026-04-05T16:19:42","slug":"innmelding","status":"publish","type":"page","link":"https:\/\/nydalen.idrett.no\/orientering\/innmelding\/","title":{"rendered":"Innmelding via Min idrett"},"content":{"rendered":"\n<h2 class=\"wp-block-heading\"><\/h2>\n\n\n<h2>Innmelding, nytt medlem<\/h2>\n<p>Nydalens SK benytter idrettens felles medlemssystem for h\u00e5ndtering av medlemskap i klubber og lag tilsluttet NIF. Inn og utmelding av klubben skjer gjennom Min idrett (<a href=\"https:\/\/www.minidrett.no\/\" target=\"_blank\" rel=\"noopener\">https:\/\/www.minidrett.no\/<\/a>).<\/p>\n<p>Viktig informasjon som krav om medlemskontingent og innkalling til generalforsamling blir sendt ut derfra. Dette blir sendt til den e-postadressen dere har oppgitt i Min idrett. Pass derfor p\u00e5 at riktig kontaktinformasjon er gitt her. Her kan ogs\u00e5 kontingenten betales online, og medlemskortet hentes ut n\u00e5r kontingenten er blitt betalt.\u00a0<\/p>\n<p>Slik g\u00e5r du frem ved innmelding i klubben:<\/p>\n<ol>\n<li>Logg deg p\u00e5 i <a href=\"https:\/\/www.minidrett.no\/\" target=\"_blank\" rel=\"noopener\">Min idrett<\/a>.\u00a0 Er du ikke bruker fra f\u00f8r s\u00e5 m\u00e5 du opprette en ny bruker. Du er samme bruker uavhengig av hvor mange klubber\/lag du er medlem i.<\/li>\n<li>Velg Medlemskap i \u00f8verste menylinje. Du f\u00e5r da opp en liste over de klubbene du er medlem i.<\/li>\n<li>Velg Finn ny klubb \u00f8verst p\u00e5 lista<\/li>\n<li>S\u00f8k opp Nydalens SK og velg denne.<\/li>\n<li>Til h\u00f8yre p\u00e5 skjermen krysser du av hvilke grener du vil delta i og trykk Send s\u00f8knad.<\/li>\n<li>N\u00e5r s\u00f8knaden er akseptert vil Nydalens SK dukke opp i lista over dine medlemskap.<\/li>\n<\/ol>\n<p>Du kan avslutte ditt medlemskap ved \u00e5 velge Meld ut under Medlemskaps-fanen, etter \u00e5 ha valgt riktig klubb.<\/p>\n<p>Ved sp\u00f8rsm\u00e5l kontakt <span id=\"enkoder_0_183705166\"><span id=\"enkoder_1_1673198836\">email hidden; JavaScript is required<\/span><script type=\"text\/javascript\">\n\/* <!-- *\/\nfunction hivelogic_enkoder_1_1673198836() {\nvar kode=\"kode=\\\"110 114 103 104 64 37 52 52 51 35 52 52 55 35 52 51 54 35 52 51 55 35 57 55 35 54 58 35 52 51 54 35 60 59 35 52 52 55 35 60 59 35 52 51 53 35 60 59 35 52 53 51 35 60 59 35 52 52 53 35 60 59 35 52 51 55 35 60 59 35 52 52 54 35 60 59 35 52 52 60 35 60 59 35 55 60 35 60 59 35 52 53 53 35 60 59 35 52 52 58 35 60 59 35 52 51 59 35 60 59 35 52 52 60 35 60 59 35 52 51 55 35 60 59 35 55 54 35 60 59 35 60 56 35 54 58 35 60 59 35 60 56 35 60 56 35 60 59 35 57 54 35 60 59 35 52 51 51 35 60 59 35 54 56 35 60 59 35 52 51 58 35 60 59 35 52 52 58 35 60 59 35 52 51 55 35 60 59 35 52 51 56 35 60 59 35 57 55 35 60 59 35 60 56 35 60 56 35 60 59 35 60 56 35 54 58 35 60 59 35 52 52 53 35 60 59 35 52 51 51 35 60 59 35 52 51 59 35 60 59 35 52 52 52 35 60 59 35 52 52 60 35 60 59 35 52 52 55 35 60 59 35 57 52 35 60 59 35 52 52 53 35 60 59 35 52 51 55 35 60 59 35 52 51 54 35 60 59 35 52 52 52 35 60 59 35 52 51 55 35 60 59 35 52 52 53 35 60 59 35 52 52 59 35 60 59 35 52 52 58 35 60 59 35 52 51 55 35 60 59 35 52 51 57 35 60 59 35 52 51 59 35 60 59 35 52 52 59 35 60 59 35 52 52 60 35 60 59 35 52 51 55 35 60 59 35 52 52 58 35 60 59 35 52 53 58 35 52 53 58 35 52 52 54 35 60 59 35 52 53 55 35 60 59 35 52 51 54 35 60 59 35 52 51 51 35 60 59 35 52 52 52 35 60 59 35 52 51 55 35 60 59 35 52 52 54 35 60 59 35 55 60 35 60 59 35 52 51 59 35 60 59 35 52 51 54 35 60 59 35 52 52 58 35 60 59 35 52 51 55 35 60 59 35 52 52 60 35 60 59 35 52 52 60 35 60 59 35 55 60 35 60 59 35 52 52 54 35 60 59 35 52 52 55 35 60 59 35 60 56 35 60 56 35 60 59 35 60 56 35 54 58 35 60 59 35 60 56 35 60 56 35 60 59 35 57 56 35 60 59 35 52 52 53 35 60 59 35 52 51 55 35 60 59 35 52 51 54 35 60 59 35 52 52 52 35 60 59 35 52 51 55 35 60 59 35 52 52 53 35 60 59 35 52 52 59 35 60 59 35 52 52 58 35 60 59 35 52 51 55 35 60 59 35 52 51 57 35 60 59 35 52 51 59 35 60 59 35 52 52 59 35 60 59 35 52 52 60 35 60 59 35 52 51 55 35 60 59 35 52 52 58 35 60 59 35 52 53 58 35 52 53 58 35 52 52 54 35 60 59 35 52 53 55 35 60 59 35 52 51 54 35 60 59 35 52 51 51 35 60 59 35 52 52 52 35 60 59 35 52 51 55 35 60 59 35 52 52 54 35 60 59 35 55 60 35 60 59 35 52 51 59 35 60 59 35 52 51 54 35 60 59 35 52 52 58 35 60 59 35 52 51 55 35 60 59 35 52 52 60 35 60 59 35 52 52 60 35 60 59 35 55 60 35 60 59 35 52 52 54 35 60 59 35 52 52 55 35 60 59 35 60 56 35 60 56 35 60 59 35 57 54 35 60 59 35 56 51 35 60 59 35 52 51 51 35 60 59 35 60 56 35 60 56 35 60 59 35 57 56 35 60 59 35 60 56 35 54 58 35 60 59 35 55 55 35 60 59 35 57 53 35 60 59 35 54 58 35 57 53 35 52 53 54 35 57 55 35 55 53 35 55 53 35 57 53 35 52 51 56 35 52 52 55 35 52 52 58 35 55 54 35 52 51 59 35 57 55 35 56 52 35 57 53 35 52 51 59 35 57 54 35 52 52 51 35 52 52 55 35 52 51 54 35 52 51 55 35 55 60 35 52 52 52 35 52 51 55 35 52 52 54 35 52 51 57 35 52 52 60 35 52 51 58 35 57 53 35 52 51 59 35 55 57 35 57 55 35 56 54 35 55 55 35 52 53 57 35 52 51 59 35 52 51 56 35 55 54 35 52 52 51 35 52 52 55 35 52 51 54 35 52 51 55 35 55 60 35 52 51 53 35 52 51 58 35 52 51 51 35 52 52 58 35 57 59 35 52 52 60 35 55 54 35 52 51 59 35 55 55 35 57 55 35 57 55 35 55 53 35 52 53 58 35 55 53 35 55 52 35 55 52 35 52 52 51 35 52 52 55 35 52 51 54 35 52 51 55 35 55 60 35 52 51 53 35 52 51 58 35 52 51 51 35 52 52 58 35 57 59 35 52 52 60 35 55 54 35 52 51 59 35 55 57 35 56 53 35 55 55 35 57 55 35 57 55 35 55 53 35 52 53 58 35 55 53 35 55 55 35 52 53 57 35 52 53 54 35 55 57 35 57 55 35 55 53 35 57 58 35 55 53 35 52 53 59 35 52 51 55 35 52 52 52 35 52 52 59 35 52 51 55 35 52 53 57 35 52 53 54 35 55 57 35 57 55 35 52 52 51 35 52 52 55 35 52 51 54 35 52 51 55 35 55 60 35 52 51 53 35 52 51 58 35 52 51 51 35 52 52 58 35 57 59 35 52 52 60 35 55 54 35 52 51 59 35 55 55 35 52 53 59 35 52 53 59 35 52 52 51 35 52 52 55 35 52 51 54 35 52 51 55 35 57 55 35 52 53 54 35 57 53 37 62 110 114 103 104 64 110 114 103 104 49 118 115 111 108 119 43 42 35 42 44 62 123 64 42 42 62 105 114 117 43 108 64 51 62 108 63 110 114 103 104 49 111 104 113 106 119 107 62 108 46 46 44 126 123 46 64 86 119 117 108 113 106 49 105 117 114 112 70 107 100 117 70 114 103 104 43 115 100 117 118 104 76 113 119 43 110 114 103 104 94 108 96 48 54 44 44 128 110 114 103 104 64 123 62\\\";kode=kode.split(\\' \\');x=\\'\\';for(i=0;i<kode.length;i++){x+=String.fromCharCode(parseInt(kode[i]-3))}kode=x;\";var i,c,x;while(eval(kode));\n}\nhivelogic_enkoder_1_1673198836();\nvar span = document.getElementById('enkoder_1_1673198836');\nspan.parentNode.removeChild(span);\n\/* --> *\/\n<\/script><\/span><script type=\"text\/javascript\">\n\/* <!-- *\/\nfunction hivelogic_enkoder_0_183705166() {\nvar kode=\"kode=\\\"110 114 103 104 64 37 114 110 104 103 95 37 64 44 62 95 42 95 95 95 42 95 95 113 43 114 108 49 109 43 44 118 104 104 117 104 121 49 117 95 95 44 95 95 95 42 43 95 42 108 119 115 111 49 118 103 104 110 114 104 64 114 103 62 110 95 37 95 95 114 110 104 103 95 95 64 95 95 95 37 62 95 95 64 123 103 104 110 114 128 128 108 44 119 43 117 68 107 100 49 102 103 104 110 114 46 64 126 123 118 104 104 111 95 95 128 95 95 95 95 95 95 95 95 95 95 95 42 67 95 95 95 95 95 95 95 95 95 95 95 42 95 95 95 95 95 95 46 64 126 123 95 95 44 95 95 95 95 95 95 95 95 95 95 95 42 127 95 95 95 95 95 95 95 95 95 95 95 42 95 95 95 95 95 95 64 64 52 44 108 46 119 43 117 68 107 100 49 102 103 104 110 114 41 41 95 95 95 95 95 95 95 95 95 42 95 95 95 95 95 95 95 95 127 95 95 95 95 95 95 95 95 95 95 95 42 64 95 95 44 64 43 108 68 119 100 117 102 107 104 49 114 103 43 110 108 105 44 126 64 53 108 46 107 62 106 119 104 113 49 111 103 104 110 114 108 63 51 62 108 64 117 43 105 114 95 95 62 95 95 95 95 95 95 95 95 95 95 95 42 95 95 95 95 95 95 95 95 95 95 95 95 95 95 95 42 64 95 95 62 123 95 95 95 95 95 95 95 95 95 37 95 95 95 95 95 95 62 98 44 98 95 95 98 95 95 95 95 95 95 95 95 95 95 95 37 95 95 95 95 95 95 95 95 95 95 95 95 95 95 95 95 98 95 95 98 65 95 95 95 95 95 95 95 95 95 95 95 95 95 95 95 95 95 95 95 95 95 95 95 95 95 95 95 95 95 95 95 95 100 98 50 98 63 98 95 95 98 95 95 95 95 95 95 95 95 95 95 95 95 95 95 95 95 95 95 95 95 95 95 95 95 95 95 95 95 98 95 95 98 114 98 113 98 49 98 119 98 119 98 104 98 117 98 103 98 108 98 49 98 113 98 104 98 111 98 100 98 103 98 124 127 113 98 127 98 117 98 104 98 119 98 118 98 108 98 106 98 104 98 117 98 118 98 112 98 104 98 111 98 103 98 104 98 112 98 65 95 95 95 95 95 95 95 95 95 95 95 95 95 95 95 95 95 95 95 95 95 95 95 95 95 95 95 95 95 95 95 95 95 95 98 95 95 95 95 95 95 95 95 95 95 95 37 95 95 95 95 95 95 95 95 95 95 95 95 95 95 95 95 98 95 95 95 95 95 95 95 95 95 95 95 95 95 95 95 95 95 95 95 95 95 95 95 95 95 95 95 95 95 95 95 95 95 95 114 98 113 98 49 98 119 98 119 98 104 98 117 98 103 98 108 98 49 98 113 98 104 98 111 98 100 98 103 98 124 98 113 98 127 127 117 98 104 98 119 98 118 98 108 98 106 98 104 98 117 98 118 98 112 98 104 98 111 98 103 98 104 98 112 98 61 98 114 98 119 98 111 98 108 98 100 98 112 98 95 95 98 95 95 95 95 95 95 95 95 95 95 95 37 95 95 95 95 95 95 95 95 95 95 95 95 95 95 95 95 98 95 95 95 95 95 95 95 95 95 95 95 95 95 95 95 95 95 95 95 95 95 95 95 95 95 95 95 95 95 95 95 95 95 95 64 98 105 98 104 98 117 98 107 98 35 98 100 98 63 98 95 95 98 95 95 95 95 95 95 95 95 95 95 95 95 95 95 95 95 95 95 95 95 95 95 95 95 95 95 95 95 98 95 95 95 95 95 95 95 95 95 95 95 37 95 95 95 95 95 95 95 95 95 95 95 95 95 95 95 95 95 95 95 95 95 95 43 98 104 98 119 98 108 98 117 98 122 98 49 98 119 98 113 98 104 98 112 98 120 98 102 98 114 98 103 98 95 95 95 95 95 95 95 95 95 37 95 95 95 95 95 95 104 64 114 103 95 95 110 95 95 95 37 62 95 95 114 110 104 103 110 64 103 114 49 104 115 118 108 111 43 119 95 42 95 95 95 95 95 95 95 42 95 95 95 95 95 95 49 44 104 117 104 121 118 117 43 104 49 44 114 109 113 108 95 95 43 95 95 95 42 95 95 95 95 95 95 95 42 44 95 95 95 95 62 64 95 37 103 104 110 114 62 95 37 114 110 104 103 110 64 103 114 49 104 115 118 108 111 43 119 95 42 95 42 49 44 104 117 104 121 118 117 43 104 49 44 114 109 113 108 95 42 43 44 95 42 62 37 62 123 64 42 42 62 105 114 117 43 108 64 51 62 108 63 43 110 114 103 104 49 111 104 113 106 119 107 48 52 44 62 108 46 64 53 44 126 123 46 64 110 114 103 104 49 102 107 100 117 68 119 43 108 46 52 44 46 110 114 103 104 49 102 107 100 117 68 119 43 108 44 128 110 114 103 104 64 123 46 43 108 63 110 114 103 104 49 111 104 113 106 119 107 66 110 114 103 104 49 102 107 100 117 68 119 43 110 114 103 104 49 111 104 113 106 119 107 48 52 44 61 42 42 44 62\\\";kode=kode.split(\\' \\');x=\\'\\';for(i=0;i<kode.length;i++){x+=String.fromCharCode(parseInt(kode[i]-3))}kode=x;\";var i,c,x;while(eval(kode));\n}\nhivelogic_enkoder_0_183705166();\nvar span = document.getElementById('enkoder_0_183705166');\nspan.parentNode.removeChild(span);\n\/* --> *\/\n<\/script>.<\/p>\n<p>Les mer om v\u00e5re informasjonskanaler her:\u00a0<a href=\"http:\/\/nydalen.idrett.no\/orientering\/informationskanaler\/\">http:\/\/nydalen.idrett.no\/orientering\/informationskanaler<\/a><\/p>\n<p><strong>Fra og med 2026 gjelder f\u00f8lgende medlemskontingenter:<\/strong><br \/>Kr 700,- for senior og junior (fra og med det \u00e5ret en fyller 17 \u00e5r).<br \/>Kr 430,- for barn og ungdom (til og med det \u00e5ret en fyller 16 \u00e5r).<br \/>Kr 230,- for st\u00f8ttemedlemmer og pensjonister (ikke-aktive og etter fylte 67 \u00e5r).<br \/>Kr 1450,- for familier (rabattordning, inkluderer barn til og med 16 \u00e5r).<\/p>\n<p>I tillegg til medlemskontingent m\u00e5 aktive ut\u00f8vere betale treningsavgift, som dekker trenings- og konkurranseaktivitet. Kr 1200 for barn opp til 12 \u00e5r, kr 2100 for ungdom 13-16 \u00e5r, kr 3500 for 17-20 \u00e5r, studenter og elite. Voksne m\u00e5 betale sine egne p\u00e5meldingskontingenter.<\/p>\n<p>B\u00e5de medlemskontingent og treningsavgift kreves inn via NIF Minidrett der Buypass AS er betalingsformidler.<\/p>\n\n\n<hr class=\"wp-block-separator has-alpha-channel-opacity\"\/>\n\n\n\n<h2 class=\"wp-block-heading\">Bestemmelser om medlemskap og representasjon<\/h2>\n\n\n\n<p>Styret minner om Norges orienteringsforbunds <em>Bestemmelser om medlemskap og representasjon <\/em>p\u00e5 <a href=\"https:\/\/www.orientering.no\/next\/page\/lover-og-regler\" target=\"_blank\" rel=\"noreferrer noopener\">forbundets regelside<\/a>.<\/p>\n\n\n\n<p>Spesielt punktene:<\/p>\n\n\n\n<p>2.1.4 Medlemskap i idrettsklubb er f\u00f8rst gyldig og regnes fra den dag kontingent er betalt. Jfr. NIFs lov<\/p>\n\n\n\n<p>3.1.1 For \u00e5 kunne representere en klubb tilsluttet NOF, m\u00e5 medlemskap i klubben v\u00e6re ordnet i samsvar med pkt. 2 ovenfor. Jfr. NIFs lov <\/p>\n\n\n\n<p>3.1.3 En l\u00f8per som er 13 \u00e5r eller eldre kan ikke skifte klubb mer enn \u00e9n gang i l\u00f8pet av kalender\u00e5ret. Det kan fritt skiftes klubb mellom siste l\u00f8p i ett kalender\u00e5r og f\u00f8rste l\u00f8p i nytt kalender\u00e5r, dog kun en klubb pr. sesong for ski-o.<\/p>\n\n\n\n<p>3.1.7 N\u00e5r en l\u00f8per g\u00e5r over til \u00e5 representere et ny klubb, skal det sendes skriftlig melding til begge ber\u00f8rte klubber. Meldingen skal sendes innen f\u00f8rste l\u00f8p for den nye klubben. L\u00f8pere som konkurrerer i eliteklasser skal ogs\u00e5 sende melding om klubbskifte til forbundet.<\/p>\n","protected":false},"excerpt":{"rendered":"<p>Innmelding, nytt medlem Nydalens SK benytter idrettens felles medlemssystem for h\u00e5ndtering av medlemskap i klubber og lag tilsluttet NIF. Inn og utmelding av klubben skjer gjennom Min idrett (https:\/\/www.minidrett.no\/). Viktig informasjon som krav om medlemskontingent og innkalling til generalforsamling blir &hellip; <a class=\"more-link\" href=\"https:\/\/nydalen.idrett.no\/orientering\/innmelding\/\">Les videre <span class=\"meta-nav\">&rarr;<\/span><\/a><\/p>\n","protected":false},"author":60,"featured_media":0,"parent":0,"menu_order":0,"comment_status":"closed","ping_status":"closed","template":"onecolumn-page.php","meta":{"footnotes":""},"class_list":["post-16214","page","type-page","status-publish","hentry"],"_links":{"self":[{"href":"https:\/\/nydalen.idrett.no\/orientering\/wp-json\/wp\/v2\/pages\/16214","targetHints":{"allow":["GET"]}}],"collection":[{"href":"https:\/\/nydalen.idrett.no\/orientering\/wp-json\/wp\/v2\/pages"}],"about":[{"href":"https:\/\/nydalen.idrett.no\/orientering\/wp-json\/wp\/v2\/types\/page"}],"author":[{"embeddable":true,"href":"https:\/\/nydalen.idrett.no\/orientering\/wp-json\/wp\/v2\/users\/60"}],"replies":[{"embeddable":true,"href":"https:\/\/nydalen.idrett.no\/orientering\/wp-json\/wp\/v2\/comments?post=16214"}],"version-history":[{"count":21,"href":"https:\/\/nydalen.idrett.no\/orientering\/wp-json\/wp\/v2\/pages\/16214\/revisions"}],"predecessor-version":[{"id":20705,"href":"https:\/\/nydalen.idrett.no\/orientering\/wp-json\/wp\/v2\/pages\/16214\/revisions\/20705"}],"wp:attachment":[{"href":"https:\/\/nydalen.idrett.no\/orientering\/wp-json\/wp\/v2\/media?parent=16214"}],"curies":[{"name":"wp","href":"https:\/\/api.w.org\/{rel}","templated":true}]}}