{"id":16141,"date":"2018-10-27T14:07:19","date_gmt":"2018-10-27T12:07:19","guid":{"rendered":"https:\/\/nydalen.idrett.no\/orientering\/?page_id=16141"},"modified":"2019-05-25T18:48:36","modified_gmt":"2019-05-25T16:48:36","slug":"innbydelse","status":"publish","type":"page","link":"https:\/\/nydalen.idrett.no\/orientering\/arrangementer\/nm-sprint-2019\/innbydelse\/","title":{"rendered":"Innbydelse og PM"},"content":{"rendered":"<h2>PM<\/h2>\n<p>Last ned <a href=\"https:\/\/nydalen.idrett.no\/orientering\/wp-content\/uploads\/2019\/05\/2019-05-23-PM-for-NM-sprint-individuelt-l\u00f8rdag-25.-mai-2019.pdf\" target=\"_blank\" rel=\"noopener noreferrer\">PM for NM sprint individuelt l\u00f8rdag 25. mai 2019<\/a>.<\/p>\n<p>Last ned <a href=\"https:\/\/nydalen.idrett.no\/orientering\/wp-content\/uploads\/2019\/05\/PM-for-NM-sprintstafett-s\u00f8ndag-26.-mai-2019.pdf\" target=\"_blank\" rel=\"noopener noreferrer\">PM for NM sprintstafett s\u00f8ndag 26. mai 2019<\/a>.<\/p>\n<h2>P\u00e5melding<\/h2>\n<p>P\u00e5melding skjer i Eventor:<br \/>\n<a href=\"http:\/\/eventor.orientering.no\/Events\/Show\/7866\" target=\"_blank\" rel=\"noopener noreferrer\">NM sprint (kvalifisering + finale) l\u00f8rdag 25. mai<\/a><\/p>\n<p><a href=\"https:\/\/eventor.orientering.no\/Events\/Show\/11211\" target=\"_blank\" rel=\"noopener noreferrer\">Publikumsl\u00f8p l\u00f8rdag 25. mai<\/a><\/p>\n<p><a href=\"http:\/\/eventor.orientering.no\/Events\/Show\/7867\" target=\"_blank\" rel=\"noopener noreferrer\">NM sprintstafett s\u00f8ndag 26. mai<\/a><\/p>\n<h2>Innbydelse<\/h2>\n<p>Last ned <a href=\"https:\/\/nydalen.idrett.no\/orientering\/wp-content\/uploads\/2019\/02\/Sprint-NM-i-Orientering-2019-Innbydelse-versjon-2019-02-11.pdf\" target=\"_blank\" rel=\"noopener noreferrer\">innbydelsen for NM sprint (pdf)<\/a>.<\/p>\n<p>Last ned <a href=\"https:\/\/nydalen.idrett.no\/orientering\/wp-content\/uploads\/2019\/05\/2019-05-18-Innbydelse-publikumsl\u00f8p-25.-mai.pdf\" target=\"_blank\" rel=\"noopener noreferrer\">innbydelse publikumsl\u00f8pet (pdf)<\/a>.<\/p>\n<p>Illustrasjon fra Stolpejakten p\u00e5 Sagene:<br \/>\n<img loading=\"lazy\" decoding=\"async\" class=\"alignnone size-medium wp-image-16148\" src=\"https:\/\/nydalen.idrett.no\/orientering\/wp-content\/uploads\/2018\/10\/Kartutsnitt-Stolpejakten-Sagene-500x466.png\" alt=\"\" width=\"500\" height=\"466\" srcset=\"https:\/\/nydalen.idrett.no\/orientering\/wp-content\/uploads\/2018\/10\/Kartutsnitt-Stolpejakten-Sagene-500x466.png 500w, https:\/\/nydalen.idrett.no\/orientering\/wp-content\/uploads\/2018\/10\/Kartutsnitt-Stolpejakten-Sagene-768x716.png 768w, https:\/\/nydalen.idrett.no\/orientering\/wp-content\/uploads\/2018\/10\/Kartutsnitt-Stolpejakten-Sagene-962x897.png 962w, https:\/\/nydalen.idrett.no\/orientering\/wp-content\/uploads\/2018\/10\/Kartutsnitt-Stolpejakten-Sagene.png 1248w\" sizes=\"auto, (max-width: 500px) 100vw, 500px\" \/><\/p>\n","protected":false},"excerpt":{"rendered":"<p>PM Last ned PM for NM sprint individuelt l\u00f8rdag 25. mai 2019. Last ned PM for NM sprintstafett s\u00f8ndag 26. mai 2019. P\u00e5melding P\u00e5melding skjer i Eventor: NM sprint (kvalifisering + finale) l\u00f8rdag 25. mai Publikumsl\u00f8p l\u00f8rdag 25. mai NM &hellip; <a class=\"more-link\" href=\"https:\/\/nydalen.idrett.no\/orientering\/arrangementer\/nm-sprint-2019\/innbydelse\/\">Les videre <span class=\"meta-nav\">&rarr;<\/span><\/a><\/p>\n","protected":false},"author":58,"featured_media":0,"parent":15911,"menu_order":0,"comment_status":"closed","ping_status":"closed","template":"page-altleft.php","meta":{"footnotes":""},"class_list":["post-16141","page","type-page","status-publish","hentry"],"_links":{"self":[{"href":"https:\/\/nydalen.idrett.no\/orientering\/wp-json\/wp\/v2\/pages\/16141","targetHints":{"allow":["GET"]}}],"collection":[{"href":"https:\/\/nydalen.idrett.no\/orientering\/wp-json\/wp\/v2\/pages"}],"about":[{"href":"https:\/\/nydalen.idrett.no\/orientering\/wp-json\/wp\/v2\/types\/page"}],"author":[{"embeddable":true,"href":"https:\/\/nydalen.idrett.no\/orientering\/wp-json\/wp\/v2\/users\/58"}],"replies":[{"embeddable":true,"href":"https:\/\/nydalen.idrett.no\/orientering\/wp-json\/wp\/v2\/comments?post=16141"}],"version-history":[{"count":14,"href":"https:\/\/nydalen.idrett.no\/orientering\/wp-json\/wp\/v2\/pages\/16141\/revisions"}],"predecessor-version":[{"id":16652,"href":"https:\/\/nydalen.idrett.no\/orientering\/wp-json\/wp\/v2\/pages\/16141\/revisions\/16652"}],"up":[{"embeddable":true,"href":"https:\/\/nydalen.idrett.no\/orientering\/wp-json\/wp\/v2\/pages\/15911"}],"wp:attachment":[{"href":"https:\/\/nydalen.idrett.no\/orientering\/wp-json\/wp\/v2\/media?parent=16141"}],"curies":[{"name":"wp","href":"https:\/\/api.w.org\/{rel}","templated":true}]}}