{"id":16134,"date":"2018-10-27T13:53:25","date_gmt":"2018-10-27T11:53:25","guid":{"rendered":"https:\/\/nydalen.idrett.no\/orientering\/?page_id=16134"},"modified":"2019-05-21T12:52:03","modified_gmt":"2019-05-21T10:52:03","slug":"overnatting","status":"publish","type":"page","link":"https:\/\/nydalen.idrett.no\/orientering\/arrangementer\/nm-sprint-2019\/overnatting\/","title":{"rendered":"Overnatting"},"content":{"rendered":"<p>NM-hotell er <a href=\"https:\/\/www.thonhotels.no\/hoteller\/norge\/oslo\/thon-hotel-storo\/\">Thon Hotel Storo<\/a> som er helt nytt og \u00e5pnet h\u00f8sten 2018! Hotellet\u00a0ligger sammen med IMAX-kinoen ODEON Oslo rett nedenfor Storo Storsenter,\u00a0i aksen mellom Nydalen og Storo. Det er gangavstand til karantene\/arena b\u00e5de l\u00f8rdag og s\u00f8ndag.<\/p>\n<p>Deltakere og ledere kan enkelt reise med kollektivt til og fra Nydalen. <a href=\"https:\/\/www.google.com\/maps\/d\/viewer?mid=1Ty0mN9pGReL7mAXSvXWoEdVI-fc&amp;ll=59.944705731644454%2C10.76381205000007&amp;z=13\">Terrengsperringen<\/a> angir hvilke gater en kan f\u00f8lge mellom T-bane og hotellet, og inkluderer korteste rute. For dem som kommer i egen bil er det parkeringshus under hotellet.<\/p>\n<p>Thon Hotel Storo har store og komfortable rom og ser fram til \u00e5 ta mot gjester under NM sprint i Nydalen.<\/p>\n<p><img loading=\"lazy\" decoding=\"async\" class=\"alignnone size-medium wp-image-16136\" src=\"https:\/\/nydalen.idrett.no\/orientering\/wp-content\/uploads\/2018\/10\/thon-hotel-storo-karusellbilde2-500x250.jpg\" alt=\"\" width=\"500\" height=\"250\" srcset=\"https:\/\/nydalen.idrett.no\/orientering\/wp-content\/uploads\/2018\/10\/thon-hotel-storo-karusellbilde2-500x250.jpg 500w, https:\/\/nydalen.idrett.no\/orientering\/wp-content\/uploads\/2018\/10\/thon-hotel-storo-karusellbilde2-768x384.jpg 768w, https:\/\/nydalen.idrett.no\/orientering\/wp-content\/uploads\/2018\/10\/thon-hotel-storo-karusellbilde2-962x481.jpg 962w, https:\/\/nydalen.idrett.no\/orientering\/wp-content\/uploads\/2018\/10\/thon-hotel-storo-karusellbilde2.jpg 1100w\" sizes=\"auto, (max-width: 500px) 100vw, 500px\" \/><\/p>\n<p>Deltakere og gjester til NM-sprint f\u00e5r avtalepriser p\u00e5 overnatting:<br \/>\n&#8211; Kr 795,- per natt for 1 eller 2 personer.<br \/>\n&#8211; Kr 995,- per natt for 3 personer (ekstra seng p\u00e5 dobbeltrom).<br \/>\nPrisene inkluderer frokost.<\/p>\n<p>For \u00e5 bestille rom, g\u00e5 til <a href=\"https:\/\/www.thonhotels.no\/event\/nydalens-skiklubb\/\">https:\/\/www.thonhotels.no\/event\/nydalens-skiklubb\/<\/a>\u00a0(Edit: booking tett opptil arrangementet forutsetter ledige rom. Lenken stenger natt til torsdag 23. mai.)<\/p>\n<p>Thon Hotel Storo tilbyr ogs\u00e5 super middags-deal p\u00e5 BRASSERIET &#8211; Thon Hotel Storo l\u00f8rdag 25. mai:<\/p>\n<p>Saftig kylling fra v\u00e5rt rotisserie<br \/>\nKonditorens sjokolademousse<br \/>\nValgfri kaffe<br \/>\n&#8211; Kr. 245,-<\/p>\n<p>Ellers 15% rabatt p\u00e5 Brasseriets meny!<\/p>\n<p>Bord kan bookes via denne linken:\u00a0<a href=\"https:\/\/www.thefork.com\/restaurant\/thon-hotel-storo-brasseriet\/404703\">www.thefork.com\/restaurant\/thon-hotel-storo-brasseriet\/404703<\/a><\/p>\n<p><img loading=\"lazy\" decoding=\"async\" class=\"size-medium wp-image-16434 alignnone\" src=\"https:\/\/nydalen.idrett.no\/orientering\/wp-content\/uploads\/2019\/03\/Brasseriet-2-390x500.png\" alt=\"\" width=\"390\" height=\"500\" srcset=\"https:\/\/nydalen.idrett.no\/orientering\/wp-content\/uploads\/2019\/03\/Brasseriet-2-390x500.png 390w, https:\/\/nydalen.idrett.no\/orientering\/wp-content\/uploads\/2019\/03\/Brasseriet-2.png 749w\" sizes=\"auto, (max-width: 390px) 100vw, 390px\" \/><\/p>\n<p><img loading=\"lazy\" decoding=\"async\" class=\"alignnone size-medium wp-image-16523\" src=\"https:\/\/nydalen.idrett.no\/orientering\/wp-content\/uploads\/2019\/05\/thon-hotel-storo-restaurant-5-500x250.jpg\" alt=\"\" width=\"500\" height=\"250\" srcset=\"https:\/\/nydalen.idrett.no\/orientering\/wp-content\/uploads\/2019\/05\/thon-hotel-storo-restaurant-5-500x250.jpg 500w, https:\/\/nydalen.idrett.no\/orientering\/wp-content\/uploads\/2019\/05\/thon-hotel-storo-restaurant-5-768x384.jpg 768w, https:\/\/nydalen.idrett.no\/orientering\/wp-content\/uploads\/2019\/05\/thon-hotel-storo-restaurant-5-962x481.jpg 962w, https:\/\/nydalen.idrett.no\/orientering\/wp-content\/uploads\/2019\/05\/thon-hotel-storo-restaurant-5.jpg 1100w\" sizes=\"auto, (max-width: 500px) 100vw, 500px\" \/><\/p>\n<h3>Hvordan komme seg dit<\/h3>\n<p>Vi oppforder flest mulig til \u00e5 ta kollektivt til NM, <a href=\"https:\/\/nydalen.idrett.no\/orientering\/arrangementer\/nm-sprint-2019\/ta-kollektivt-til-nm\/\">se egen side om dette<\/a>.<\/p>\n<p>Hvis du kommer med bil er n\u00e6rmeste parkering som f\u00f8lger (avkj\u00f8ring fra Ring 3 er p\u00e5 Storo):<\/p>\n<p><img loading=\"lazy\" decoding=\"async\" class=\"alignnone size-medium wp-image-16589\" src=\"https:\/\/nydalen.idrett.no\/orientering\/wp-content\/uploads\/2019\/05\/Parkering-Thon-Hotel-Storo-500x367.png\" alt=\"\" width=\"500\" height=\"367\" srcset=\"https:\/\/nydalen.idrett.no\/orientering\/wp-content\/uploads\/2019\/05\/Parkering-Thon-Hotel-Storo-500x367.png 500w, https:\/\/nydalen.idrett.no\/orientering\/wp-content\/uploads\/2019\/05\/Parkering-Thon-Hotel-Storo-768x564.png 768w, https:\/\/nydalen.idrett.no\/orientering\/wp-content\/uploads\/2019\/05\/Parkering-Thon-Hotel-Storo-962x707.png 962w, https:\/\/nydalen.idrett.no\/orientering\/wp-content\/uploads\/2019\/05\/Parkering-Thon-Hotel-Storo.png 1527w\" sizes=\"auto, (max-width: 500px) 100vw, 500px\" \/><\/p>\n","protected":false},"excerpt":{"rendered":"<p>NM-hotell er Thon Hotel Storo som er helt nytt og \u00e5pnet h\u00f8sten 2018! Hotellet\u00a0ligger sammen med IMAX-kinoen ODEON Oslo rett nedenfor Storo Storsenter,\u00a0i aksen mellom Nydalen og Storo. Det er gangavstand til karantene\/arena b\u00e5de l\u00f8rdag og s\u00f8ndag. Deltakere og ledere &hellip; <a class=\"more-link\" href=\"https:\/\/nydalen.idrett.no\/orientering\/arrangementer\/nm-sprint-2019\/overnatting\/\">Les videre <span class=\"meta-nav\">&rarr;<\/span><\/a><\/p>\n","protected":false},"author":58,"featured_media":0,"parent":15911,"menu_order":0,"comment_status":"closed","ping_status":"closed","template":"page-altleft.php","meta":{"footnotes":""},"class_list":["post-16134","page","type-page","status-publish","hentry"],"_links":{"self":[{"href":"https:\/\/nydalen.idrett.no\/orientering\/wp-json\/wp\/v2\/pages\/16134","targetHints":{"allow":["GET"]}}],"collection":[{"href":"https:\/\/nydalen.idrett.no\/orientering\/wp-json\/wp\/v2\/pages"}],"about":[{"href":"https:\/\/nydalen.idrett.no\/orientering\/wp-json\/wp\/v2\/types\/page"}],"author":[{"embeddable":true,"href":"https:\/\/nydalen.idrett.no\/orientering\/wp-json\/wp\/v2\/users\/58"}],"replies":[{"embeddable":true,"href":"https:\/\/nydalen.idrett.no\/orientering\/wp-json\/wp\/v2\/comments?post=16134"}],"version-history":[{"count":15,"href":"https:\/\/nydalen.idrett.no\/orientering\/wp-json\/wp\/v2\/pages\/16134\/revisions"}],"predecessor-version":[{"id":16637,"href":"https:\/\/nydalen.idrett.no\/orientering\/wp-json\/wp\/v2\/pages\/16134\/revisions\/16637"}],"up":[{"embeddable":true,"href":"https:\/\/nydalen.idrett.no\/orientering\/wp-json\/wp\/v2\/pages\/15911"}],"wp:attachment":[{"href":"https:\/\/nydalen.idrett.no\/orientering\/wp-json\/wp\/v2\/media?parent=16134"}],"curies":[{"name":"wp","href":"https:\/\/api.w.org\/{rel}","templated":true}]}}