{"id":15930,"date":"2018-06-17T22:04:01","date_gmt":"2018-06-17T20:04:01","guid":{"rendered":"https:\/\/nydalen.idrett.no\/orientering\/?page_id=15930"},"modified":"2019-05-25T18:49:45","modified_gmt":"2019-05-25T16:49:45","slug":"program","status":"publish","type":"page","link":"https:\/\/nydalen.idrett.no\/orientering\/arrangementer\/nm-sprint-2019\/program\/","title":{"rendered":"Program"},"content":{"rendered":"<h2>Fredag 24. mai 2019<\/h2>\n<p style=\"padding-left: 40px;\">Kl 17-21 L\u00f8pskontor p\u00e5 Thon Hotel Storo<\/p>\n<h2>L\u00f8rdag 25. mai 2019<\/h2>\n<p style=\"padding-left: 40px;\">Kl 08:00 Karanteneomr\u00e5det (T\u00e5sen skole) \u00e5pner (l\u00f8pskontor i karanteneomr\u00e5det)<\/p>\n<p style=\"padding-left: 40px;\">Kl 09:30 Karanteneomr\u00e5det lukker (frist for \u00e5 registrere seg)<\/p>\n<p style=\"padding-left: 40px;\">Kl 09:30 F\u00f8rste start NM sprint individuelt kvalifisering<\/p>\n<p style=\"padding-left: 40px;\">(Publikumsl\u00f8p vil ha fri start kl 11:30-12:00)<\/p>\n<p style=\"padding-left: 40px;\">Kl 11:30 Karanteneomr\u00e5det \u00e5pner (l\u00f8pskontor i karanteneomr\u00e5det)<\/p>\n<p style=\"padding-left: 40px;\">Kl 13:45 Karanteneomr\u00e5det lukker (frist for \u00e5 registrere seg)<\/p>\n<p style=\"padding-left: 40px;\">Kl 14:00 F\u00f8rste start NM sprint individuelt finale<\/p>\n<p style=\"padding-left: 40px;\">Kl 17:30 Premieutdeling p\u00e5 arena (Gullhaug torg) NM sprint individuelt<\/p>\n<h2>S\u00f8ndag 26. mai 2019<\/h2>\n<p style=\"padding-left: 40px;\">Kl 09:00 Arena \u00e5pner, l\u00f8pskontor \u00e5pner (Myral\u00f8kka park)<\/p>\n<p style=\"padding-left: 40px;\">Kl 11:00 Start NM sprintstafett<\/p>\n<p style=\"padding-left: 40px;\">Kl 13:00 Premieutdeling p\u00e5 arena NM sprintstafett<\/p>\n<p><img loading=\"lazy\" decoding=\"async\" class=\"alignnone size-medium wp-image-16145\" src=\"https:\/\/nydalen.idrett.no\/orientering\/wp-content\/uploads\/2018\/10\/Nydalsl\u00f8pet-promo-Bojan-500x463.png\" alt=\"\" width=\"500\" height=\"463\" srcset=\"https:\/\/nydalen.idrett.no\/orientering\/wp-content\/uploads\/2018\/10\/Nydalsl\u00f8pet-promo-Bojan-500x463.png 500w, https:\/\/nydalen.idrett.no\/orientering\/wp-content\/uploads\/2018\/10\/Nydalsl\u00f8pet-promo-Bojan-768x711.png 768w, https:\/\/nydalen.idrett.no\/orientering\/wp-content\/uploads\/2018\/10\/Nydalsl\u00f8pet-promo-Bojan.png 898w\" sizes=\"auto, (max-width: 500px) 100vw, 500px\" \/><\/p>\n\n\n<p><\/p>\n","protected":false},"excerpt":{"rendered":"<p>Fredag 24. mai 2019 Kl 17-21 L\u00f8pskontor p\u00e5 Thon Hotel Storo L\u00f8rdag 25. mai 2019 Kl 08:00 Karanteneomr\u00e5det (T\u00e5sen skole) \u00e5pner (l\u00f8pskontor i karanteneomr\u00e5det) Kl 09:30 Karanteneomr\u00e5det lukker (frist for \u00e5 registrere seg) Kl 09:30 F\u00f8rste start NM sprint individuelt &hellip; <a class=\"more-link\" href=\"https:\/\/nydalen.idrett.no\/orientering\/arrangementer\/nm-sprint-2019\/program\/\">Les videre <span class=\"meta-nav\">&rarr;<\/span><\/a><\/p>\n","protected":false},"author":58,"featured_media":0,"parent":15911,"menu_order":0,"comment_status":"closed","ping_status":"closed","template":"page-altleft.php","meta":{"footnotes":""},"class_list":["post-15930","page","type-page","status-publish","hentry"],"_links":{"self":[{"href":"https:\/\/nydalen.idrett.no\/orientering\/wp-json\/wp\/v2\/pages\/15930","targetHints":{"allow":["GET"]}}],"collection":[{"href":"https:\/\/nydalen.idrett.no\/orientering\/wp-json\/wp\/v2\/pages"}],"about":[{"href":"https:\/\/nydalen.idrett.no\/orientering\/wp-json\/wp\/v2\/types\/page"}],"author":[{"embeddable":true,"href":"https:\/\/nydalen.idrett.no\/orientering\/wp-json\/wp\/v2\/users\/58"}],"replies":[{"embeddable":true,"href":"https:\/\/nydalen.idrett.no\/orientering\/wp-json\/wp\/v2\/comments?post=15930"}],"version-history":[{"count":10,"href":"https:\/\/nydalen.idrett.no\/orientering\/wp-json\/wp\/v2\/pages\/15930\/revisions"}],"predecessor-version":[{"id":16653,"href":"https:\/\/nydalen.idrett.no\/orientering\/wp-json\/wp\/v2\/pages\/15930\/revisions\/16653"}],"up":[{"embeddable":true,"href":"https:\/\/nydalen.idrett.no\/orientering\/wp-json\/wp\/v2\/pages\/15911"}],"wp:attachment":[{"href":"https:\/\/nydalen.idrett.no\/orientering\/wp-json\/wp\/v2\/media?parent=15930"}],"curies":[{"name":"wp","href":"https:\/\/api.w.org\/{rel}","templated":true}]}}