{"id":15911,"date":"2018-06-13T20:28:45","date_gmt":"2018-06-13T18:28:45","guid":{"rendered":"https:\/\/nydalen.idrett.no\/orientering\/?page_id=15911"},"modified":"2019-05-26T22:28:02","modified_gmt":"2019-05-26T20:28:02","slug":"nm-sprint-2019","status":"publish","type":"page","link":"https:\/\/nydalen.idrett.no\/orientering\/arrangementer\/nm-sprint-2019\/","title":{"rendered":"NM sprint 2019"},"content":{"rendered":"<h2>Takk til alle som kom og deltok p\u00e5 NM sprint 2019 i Nydalen helgen 25.-26. mai 2019!<\/h2>\n<p><img loading=\"lazy\" decoding=\"async\" class=\"alignnone size-medium wp-image-16668\" src=\"https:\/\/nydalen.idrett.no\/orientering\/wp-content\/uploads\/2019\/05\/Medaljevinnere-NM-sprint-D21-500x333.jpg\" alt=\"\" width=\"500\" height=\"333\" srcset=\"https:\/\/nydalen.idrett.no\/orientering\/wp-content\/uploads\/2019\/05\/Medaljevinnere-NM-sprint-D21-500x333.jpg 500w, https:\/\/nydalen.idrett.no\/orientering\/wp-content\/uploads\/2019\/05\/Medaljevinnere-NM-sprint-D21-768x512.jpg 768w, https:\/\/nydalen.idrett.no\/orientering\/wp-content\/uploads\/2019\/05\/Medaljevinnere-NM-sprint-D21-962x641.jpg 962w, https:\/\/nydalen.idrett.no\/orientering\/wp-content\/uploads\/2019\/05\/Medaljevinnere-NM-sprint-D21.jpg 1944w\" sizes=\"auto, (max-width: 500px) 100vw, 500px\" \/><\/p>\n<p><img loading=\"lazy\" decoding=\"async\" class=\"size-medium wp-image-16665 alignnone\" src=\"https:\/\/nydalen.idrett.no\/orientering\/wp-content\/uploads\/2019\/05\/Premieutdeling-NM-sprintstafett-2019-500x333.jpg\" alt=\"\" width=\"500\" height=\"333\" srcset=\"https:\/\/nydalen.idrett.no\/orientering\/wp-content\/uploads\/2019\/05\/Premieutdeling-NM-sprintstafett-2019-500x333.jpg 500w, https:\/\/nydalen.idrett.no\/orientering\/wp-content\/uploads\/2019\/05\/Premieutdeling-NM-sprintstafett-2019-768x512.jpg 768w, https:\/\/nydalen.idrett.no\/orientering\/wp-content\/uploads\/2019\/05\/Premieutdeling-NM-sprintstafett-2019-962x641.jpg 962w, https:\/\/nydalen.idrett.no\/orientering\/wp-content\/uploads\/2019\/05\/Premieutdeling-NM-sprintstafett-2019.jpg 1944w\" sizes=\"auto, (max-width: 500px) 100vw, 500px\" \/><\/p>\n<p>Bilder fra arrangementet p\u00e5 Facebook:<\/p>\n<ul>\n<li><a href=\"https:\/\/www.facebook.com\/pg\/nydalensskiklub\/photos\/?tab=album&amp;album_id=2063368717297625\" target=\"_blank\" rel=\"noopener noreferrer\">Kvalifisering<\/a> &#8211; arena Gullhaug bru (l\u00f8rdag 25. mai).<\/li>\n<li><a href=\"https:\/\/www.facebook.com\/pg\/nydalensskiklub\/photos\/?tab=album&amp;album_id=2062814120686418\" target=\"_blank\" rel=\"noopener noreferrer\">Kvalifisering del 2 og publikumsl\u00f8p<\/a> &#8211; arena Gullhaug bru (l\u00f8rdag 25. mai)<\/li>\n<li><a href=\"https:\/\/www.facebook.com\/pg\/nydalensskiklub\/photos\/?tab=album&amp;album_id=2063391077295389\" target=\"_blank\" rel=\"noopener noreferrer\">Finale<\/a>\u00a0&#8211; arena Gullhaug bru (l\u00f8rdag 25. mai).<\/li>\n<li><a href=\"https:\/\/www.facebook.com\/pg\/nydalensskiklub\/photos\/?tab=album&amp;album_id=2063336643967499\" target=\"_blank\" rel=\"noopener noreferrer\">Stafett del 1<\/a> &#8211; arena Myral\u00f8kka (s\u00f8ndag 26. mai).<\/li>\n<li><a href=\"https:\/\/www.facebook.com\/pg\/nydalensskiklub\/photos\/?tab=album&amp;album_id=2063353793965784\" target=\"_blank\" rel=\"noopener noreferrer\">Stafett del 2<\/a> &#8211; arena Myral\u00f8kka (s\u00f8ndag 26. mai).<\/li>\n<li><a href=\"https:\/\/www.facebook.com\/pg\/nydalensskiklub\/photos\/?tab=album&amp;album_id=2063431677291329\" target=\"_blank\" rel=\"noopener noreferrer\">Stafett del 3<\/a> &#8211; arena Myral\u00f8kka (s\u00f8ndag 26. mai).<\/li>\n<\/ul>\n<p><img loading=\"lazy\" decoding=\"async\" class=\"alignnone wp-image-16359\" src=\"https:\/\/nydalen.idrett.no\/orientering\/wp-content\/uploads\/2019\/03\/NM-Sprint-final-v2-500x500.png\" alt=\"\" width=\"100\" height=\"100\" srcset=\"https:\/\/nydalen.idrett.no\/orientering\/wp-content\/uploads\/2019\/03\/NM-Sprint-final-v2-500x500.png 500w, https:\/\/nydalen.idrett.no\/orientering\/wp-content\/uploads\/2019\/03\/NM-Sprint-final-v2-200x200.png 200w, https:\/\/nydalen.idrett.no\/orientering\/wp-content\/uploads\/2019\/03\/NM-Sprint-final-v2-768x768.png 768w, https:\/\/nydalen.idrett.no\/orientering\/wp-content\/uploads\/2019\/03\/NM-Sprint-final-v2-962x962.png 962w, https:\/\/nydalen.idrett.no\/orientering\/wp-content\/uploads\/2019\/03\/NM-Sprint-final-v2.png 1334w\" sizes=\"auto, (max-width: 100px) 100vw, 100px\" \/> <img loading=\"lazy\" decoding=\"async\" class=\"size-full wp-image-15925 alignnone\" src=\"https:\/\/nydalen.idrett.no\/orientering\/wp-content\/uploads\/2018\/06\/norsk-orientering_horisontal_rgb.png\" alt=\"\" width=\"273\" height=\"80\" \/><\/p>\n<p>\u00a0<\/p>\n<hr \/>\n<h2>Omr\u00e5det<\/h2>\n<p>V\u00e5r samarbeidspartner <a href=\"https:\/\/avantor.no\/nydalen\/\">Avantor<\/a> har utviklet det gamle industriomr\u00e5det i Nydalen til en moderne bydel i Oslo. I 2019 er Oslo europeisk milj\u00f8hovedstad, og Nydalen er blitt et flott eksempel p\u00e5 milj\u00f8messig god byutvikling.<\/p>\n<hr \/>\n<h2>Overnatting<\/h2>\n<p>For v\u00e5re tilreisende gjester anbefaler vi v\u00e5r samarbeidspartner Thon Hotel Storo\u00a0som gir <a href=\"https:\/\/www.thonhotels.no\/event\/nydalens-skiklubb\/\">spesialpris i forbindelse med arrangementet<\/a>. Hotellet er helt nytt h\u00f8sten 2018. Mer informasjon p\u00e5 siden om <a href=\"https:\/\/nydalen.idrett.no\/orientering\/arrangementer\/nm-sprint-2019\/overnatting\/\">overnatting<\/a>.<\/p>\n<p><img loading=\"lazy\" decoding=\"async\" class=\"alignnone  wp-image-16518\" src=\"https:\/\/nydalen.idrett.no\/orientering\/wp-content\/uploads\/2019\/05\/thon-hotel-storo-resepsjon-7-500x250.jpg\" alt=\"\" width=\"284\" height=\"142\" srcset=\"https:\/\/nydalen.idrett.no\/orientering\/wp-content\/uploads\/2019\/05\/thon-hotel-storo-resepsjon-7-500x250.jpg 500w, https:\/\/nydalen.idrett.no\/orientering\/wp-content\/uploads\/2019\/05\/thon-hotel-storo-resepsjon-7-768x384.jpg 768w, https:\/\/nydalen.idrett.no\/orientering\/wp-content\/uploads\/2019\/05\/thon-hotel-storo-resepsjon-7-962x481.jpg 962w, https:\/\/nydalen.idrett.no\/orientering\/wp-content\/uploads\/2019\/05\/thon-hotel-storo-resepsjon-7.jpg 1100w\" sizes=\"auto, (max-width: 284px) 100vw, 284px\" \/> <img loading=\"lazy\" decoding=\"async\" class=\"alignnone wp-image-16519\" src=\"https:\/\/nydalen.idrett.no\/orientering\/wp-content\/uploads\/2019\/05\/thon-hotel-storo-standard-hcp-room-double-2-500x250.jpg\" alt=\"\" width=\"284\" height=\"142\" srcset=\"https:\/\/nydalen.idrett.no\/orientering\/wp-content\/uploads\/2019\/05\/thon-hotel-storo-standard-hcp-room-double-2-500x250.jpg 500w, https:\/\/nydalen.idrett.no\/orientering\/wp-content\/uploads\/2019\/05\/thon-hotel-storo-standard-hcp-room-double-2-768x384.jpg 768w, https:\/\/nydalen.idrett.no\/orientering\/wp-content\/uploads\/2019\/05\/thon-hotel-storo-standard-hcp-room-double-2-962x481.jpg 962w, https:\/\/nydalen.idrett.no\/orientering\/wp-content\/uploads\/2019\/05\/thon-hotel-storo-standard-hcp-room-double-2.jpg 1100w\" sizes=\"auto, (max-width: 284px) 100vw, 284px\" \/><\/p>\n<p>\u00a0<\/p>\n<hr \/>\n<h2>Velkommen<\/h2>\n<p>Vi \u00f8nsker velkommen til o-sportens Formel 1-\u00f8velse i historiske og moderne omgivelser langs Akerselva i Nydalen.<\/p>\n<div id=\"attachment_16182\" style=\"width: 375px\" class=\"wp-caption aligncenter\"><img loading=\"lazy\" decoding=\"async\" aria-describedby=\"caption-attachment-16182\" class=\"wp-image-16182 \" src=\"https:\/\/nydalen.idrett.no\/orientering\/wp-content\/uploads\/2018\/11\/Nydalen2_703x450-500x320.jpg\" alt=\"\" width=\"365\" height=\"233\" srcset=\"https:\/\/nydalen.idrett.no\/orientering\/wp-content\/uploads\/2018\/11\/Nydalen2_703x450-500x320.jpg 500w, https:\/\/nydalen.idrett.no\/orientering\/wp-content\/uploads\/2018\/11\/Nydalen2_703x450.jpg 703w\" sizes=\"auto, (max-width: 365px) 100vw, 365px\" \/><p id=\"caption-attachment-16182\" class=\"wp-caption-text\">Solskinnsdag i Nydalen<\/p><\/div>\n\n\n<p><\/p>\n","protected":false},"excerpt":{"rendered":"<p>Takk til alle som kom og deltok p\u00e5 NM sprint 2019 i Nydalen helgen 25.-26. mai 2019! Bilder fra arrangementet p\u00e5 Facebook: Kvalifisering &#8211; arena Gullhaug bru (l\u00f8rdag 25. mai). Kvalifisering del 2 og publikumsl\u00f8p &#8211; arena Gullhaug bru (l\u00f8rdag &hellip; <a class=\"more-link\" href=\"https:\/\/nydalen.idrett.no\/orientering\/arrangementer\/nm-sprint-2019\/\">Les videre <span class=\"meta-nav\">&rarr;<\/span><\/a><\/p>\n","protected":false},"author":58,"featured_media":0,"parent":136,"menu_order":0,"comment_status":"closed","ping_status":"closed","template":"page-altleft.php","meta":{"footnotes":""},"class_list":["post-15911","page","type-page","status-publish","hentry"],"_links":{"self":[{"href":"https:\/\/nydalen.idrett.no\/orientering\/wp-json\/wp\/v2\/pages\/15911","targetHints":{"allow":["GET"]}}],"collection":[{"href":"https:\/\/nydalen.idrett.no\/orientering\/wp-json\/wp\/v2\/pages"}],"about":[{"href":"https:\/\/nydalen.idrett.no\/orientering\/wp-json\/wp\/v2\/types\/page"}],"author":[{"embeddable":true,"href":"https:\/\/nydalen.idrett.no\/orientering\/wp-json\/wp\/v2\/users\/58"}],"replies":[{"embeddable":true,"href":"https:\/\/nydalen.idrett.no\/orientering\/wp-json\/wp\/v2\/comments?post=15911"}],"version-history":[{"count":34,"href":"https:\/\/nydalen.idrett.no\/orientering\/wp-json\/wp\/v2\/pages\/15911\/revisions"}],"predecessor-version":[{"id":20036,"href":"https:\/\/nydalen.idrett.no\/orientering\/wp-json\/wp\/v2\/pages\/15911\/revisions\/20036"}],"up":[{"embeddable":true,"href":"https:\/\/nydalen.idrett.no\/orientering\/wp-json\/wp\/v2\/pages\/136"}],"wp:attachment":[{"href":"https:\/\/nydalen.idrett.no\/orientering\/wp-json\/wp\/v2\/media?parent=15911"}],"curies":[{"name":"wp","href":"https:\/\/api.w.org\/{rel}","templated":true}]}}