{"id":1384,"date":"2011-01-02T19:42:42","date_gmt":"2011-01-02T18:42:42","guid":{"rendered":"http:\/\/nydalen.idrett.no\/orientering\/"},"modified":"2011-01-02T19:44:37","modified_gmt":"2011-01-02T18:44:37","slug":"avtale-oslo-sportslager","status":"publish","type":"page","link":"https:\/\/nydalen.idrett.no\/orientering\/intern-info\/avtale-oslo-sportslager\/","title":{"rendered":"Sponsoravtale med Oslo Sportslager"},"content":{"rendered":"<p>O-gruppa har en samarbeidsavtale med Oslo Sportslager som i tillegg til \u00e5 gi oss \u00f8konomisk st\u00f8tte ogs\u00e5 gir medlemmer som kan framvise medlemskort i Nydalens Skiklub sv\u00e6rt gode priser.<\/p>\n<p>Rabatter for Nydalens Skiklubs medlemmer hos Oslo Sportslager Sport:<\/p>\n<ul>\n<li>20 % rabatt p\u00e5 l\u00f8pst\u00f8y og -sko, orienteringsutstyr og nordisk skiutstyr.<\/li>\n<li>10 % rabatt p\u00e5 \u00f8vrige varer.<\/li>\n<li>15 % rabatt p\u00e5 \u00f8vrige varer over 1.500.<\/li>\n<li>25 % rabatt p\u00e5 Atomic, Rossignol, Fischer og Madshus.<\/li>\n<li>30 % rabatt p\u00e5 skistaver.<br \/>\n(Rabattsatsene baseres p\u00e5 veildende priser. Det gis ikke rabatt p\u00e5 arbeid utf\u00f8rt i butikk, som f.eks. sliping og preparering av ski, o.l.)<\/li>\n<\/ul>\n<p>Sportslageret har eget spesialverksted for sliping og strukturer. Sportslageret har markedets beste m\u00e5leapparat for utplukking av perfekte ski, samt landets beste utvalg av sm\u00f8ring.<\/p>\n<p><strong>Rabatter i forbindelse med handlekvelder hos Oslo Sportslager Sport:<\/strong><\/p>\n<ul>\n<li>Ski: 20-30% rabatt p\u00e5 veil priser<\/li>\n<li>St\u00f8vler: 25-30% rabatt p\u00e5 veil priser<\/li>\n<li>Bindinger: 30% rabatt p\u00e5 veil priser<\/li>\n<li>Staver: 30-40% rabatt p\u00e5 veil priser<\/li>\n<li>Skism\u00f8ring: 30% rabatt p\u00e5 veil priser<\/li>\n<li>Orienteringsutstyr 20% rabatt p\u00e5 veil priser<\/li>\n<li>Asics Joggesko 30% rabatt p\u00e5 veil priser<\/li>\n<li>\u00d8vrig utstyr: 20% rabatt p\u00e5 veil priser<\/li>\n<\/ul>\n<p><em>Oppdatert september 2010<\/em><\/p>\n","protected":false},"excerpt":{"rendered":"<p>O-gruppa har en samarbeidsavtale med Oslo Sportslager som i tillegg til \u00e5 gi oss \u00f8konomisk st\u00f8tte ogs\u00e5 gir medlemmer som kan framvise medlemskort i Nydalens Skiklub sv\u00e6rt gode priser. Rabatter for Nydalens Skiklubs medlemmer hos Oslo Sportslager Sport: 20 % &hellip; <a class=\"more-link\" href=\"https:\/\/nydalen.idrett.no\/orientering\/intern-info\/avtale-oslo-sportslager\/\">Les videre <span class=\"meta-nav\">&rarr;<\/span><\/a><\/p>\n","protected":false},"author":1,"featured_media":0,"parent":236,"menu_order":0,"comment_status":"closed","ping_status":"closed","template":"nskintern-page.php","meta":{"footnotes":""},"class_list":["post-1384","page","type-page","status-publish","hentry"],"_links":{"self":[{"href":"https:\/\/nydalen.idrett.no\/orientering\/wp-json\/wp\/v2\/pages\/1384","targetHints":{"allow":["GET"]}}],"collection":[{"href":"https:\/\/nydalen.idrett.no\/orientering\/wp-json\/wp\/v2\/pages"}],"about":[{"href":"https:\/\/nydalen.idrett.no\/orientering\/wp-json\/wp\/v2\/types\/page"}],"author":[{"embeddable":true,"href":"https:\/\/nydalen.idrett.no\/orientering\/wp-json\/wp\/v2\/users\/1"}],"replies":[{"embeddable":true,"href":"https:\/\/nydalen.idrett.no\/orientering\/wp-json\/wp\/v2\/comments?post=1384"}],"version-history":[{"count":5,"href":"https:\/\/nydalen.idrett.no\/orientering\/wp-json\/wp\/v2\/pages\/1384\/revisions"}],"predecessor-version":[{"id":1388,"href":"https:\/\/nydalen.idrett.no\/orientering\/wp-json\/wp\/v2\/pages\/1384\/revisions\/1388"}],"up":[{"embeddable":true,"href":"https:\/\/nydalen.idrett.no\/orientering\/wp-json\/wp\/v2\/pages\/236"}],"wp:attachment":[{"href":"https:\/\/nydalen.idrett.no\/orientering\/wp-json\/wp\/v2\/media?parent=1384"}],"curies":[{"name":"wp","href":"https:\/\/api.w.org\/{rel}","templated":true}]}}