{"id":136,"date":"2010-11-07T12:35:03","date_gmt":"2010-11-07T11:35:03","guid":{"rendered":"http:\/\/nydalen.idrett.no\/wordpress\/"},"modified":"2019-09-29T16:10:02","modified_gmt":"2019-09-29T14:10:02","slug":"arrangementer","status":"publish","type":"page","link":"https:\/\/nydalen.idrett.no\/orientering\/arrangementer\/","title":{"rendered":"V\u00e5re arrangementer"},"content":{"rendered":"<p>Se i menyen for lenker til aktuelle arrangementer i regi av Nydalens Skiklub.<\/p>\n<p>Klubben har gjennom tidene arrangert mange store o-l\u00f8p og mesterskap. \u00a0Vi har arrangert O-Festivalen tre ganger (1976 fra Skar samt 2005 og 2015 fra NIH\/Sognsvann) og NM-uka i Maridalen b\u00e5de i 1999 og i 2012. Vi arrangerte det f\u00f8rste Hovedl\u00f8p for Yngre i 1969 (og i 1992), og v\u00e5rt \u00e5rlige o-l\u00f8p <a href=\"http:\/\/nydalen.idrett.no\/orientering\/arrangementer\/nydalten\/\">Nydalten<\/a> er arrangert hvert \u00e5r siden 1945.<\/p>\n<p>Neste store arrangement i klubbens regi er O-Festivalen 2021, i samarbeid med <a href=\"https:\/\/www.yourvismawebsite.com\/brandval-og-kongsvinger-orientering\">Brandval\/Kongsvinger OK<\/a>, og det skal g\u00e5 ved Kongsvinger 25.-27. juni 2021.<\/p>\n<h3><\/h3>\n","protected":false},"excerpt":{"rendered":"<p>Se i menyen for lenker til aktuelle arrangementer i regi av Nydalens Skiklub. Klubben har gjennom tidene arrangert mange store o-l\u00f8p og mesterskap. \u00a0Vi har arrangert O-Festivalen tre ganger (1976 fra Skar samt 2005 og 2015 fra NIH\/Sognsvann) og NM-uka &hellip; <a class=\"more-link\" href=\"https:\/\/nydalen.idrett.no\/orientering\/arrangementer\/\">Les videre <span class=\"meta-nav\">&rarr;<\/span><\/a><\/p>\n","protected":false},"author":1,"featured_media":0,"parent":0,"menu_order":0,"comment_status":"closed","ping_status":"closed","template":"onecolumn-page.php","meta":{"footnotes":""},"class_list":["post-136","page","type-page","status-publish","hentry"],"_links":{"self":[{"href":"https:\/\/nydalen.idrett.no\/orientering\/wp-json\/wp\/v2\/pages\/136","targetHints":{"allow":["GET"]}}],"collection":[{"href":"https:\/\/nydalen.idrett.no\/orientering\/wp-json\/wp\/v2\/pages"}],"about":[{"href":"https:\/\/nydalen.idrett.no\/orientering\/wp-json\/wp\/v2\/types\/page"}],"author":[{"embeddable":true,"href":"https:\/\/nydalen.idrett.no\/orientering\/wp-json\/wp\/v2\/users\/1"}],"replies":[{"embeddable":true,"href":"https:\/\/nydalen.idrett.no\/orientering\/wp-json\/wp\/v2\/comments?post=136"}],"version-history":[{"count":7,"href":"https:\/\/nydalen.idrett.no\/orientering\/wp-json\/wp\/v2\/pages\/136\/revisions"}],"predecessor-version":[{"id":16914,"href":"https:\/\/nydalen.idrett.no\/orientering\/wp-json\/wp\/v2\/pages\/136\/revisions\/16914"}],"wp:attachment":[{"href":"https:\/\/nydalen.idrett.no\/orientering\/wp-json\/wp\/v2\/media?parent=136"}],"curies":[{"name":"wp","href":"https:\/\/api.w.org\/{rel}","templated":true}]}}