{"id":1338,"date":"2011-01-02T15:47:43","date_gmt":"2011-01-02T14:47:43","guid":{"rendered":"http:\/\/nydalen.idrett.no\/orientering\/"},"modified":"2012-02-14T21:40:42","modified_gmt":"2012-02-14T20:40:42","slug":"grasrotandelen","status":"publish","type":"page","link":"https:\/\/nydalen.idrett.no\/orientering\/sponsorwidget\/grasrotandelen\/","title":{"rendered":"Grasrotandelen"},"content":{"rendered":"<p>Nydalens Skiklub er registrert i Frivillighetsregisteret, og n\u00e5 er det opptil hver av dere \u00e5 verve alle dere kjenner som spiller spill hos Norsk Tipping til \u00e5 velge NSK som \u201dsin\u201d klubb. Vi vil f\u00e5 5% av innsatsen rett inn p\u00e5 v\u00e5r klubbkonto. Forutsetningen er at spillere bruker spillekort og at de ber kommisjon\u00e6ren legge inn organisasjonsnummeret v\u00e5rt i kortet. Det kan ogs\u00e5 registreres av den enkelte via nettet. Klipp ut denne lappen, \u00e5 gi informasjonen videre til foreldre, slekt, venner, naboer og alle du kan tenke deg deltar i spill fra Norsk Tipping. I starten er det tilbakevirkende kraft for all spilleinnsats i perioden 1. januar til 1. mars, s\u00e5 det er viktig at vi blir den f\u00f8rste klubben de velger.<\/p>\n<p>Du kan <a href=\"https:\/\/www.norsk-tipping.no\/grasrotandelen\/for_spillere\/tilknytte_endre\">registrere deg som Grasrotgiver p\u00e5 flere m\u00e5ter<\/a>, p\u00e5 norsk-tipping.no (dersom du har kortleser til ditt spillekort), via SMS eller hos kommisjon\u00e6r. \u00d8nsker du\u00a0\u00e5 registrere deg hos kommisjon\u00e6r, m\u00e5 du ha med et ark med strekkode. Dette arket har vi generert ferdig for deg s\u00e5 du kan <a href=\"http:\/\/nydalen.idrett.no\/orientering\/wp-content\/uploads\/2011\/01\/grasrot.pdf\">laste det ned<\/a>.<\/p>\n<p>Nydalens Skiklubs organisasjonsnummer i Br\u00f8nn\u00f8ysundregisteret er: 984054815<\/p>\n<p><a title=\"Grasrotandelen\" href=\"https:\/\/www.norsk-tipping.no\/grasrotandelen\/\" target=\"_blank\"><img decoding=\"async\" src=\"http:\/\/nydalen.idrett.no\/ogruppa\/info\/grasrot\/grasrot_1mars.png\" border=\"0\" alt=\"Grasrotandelen\" \/><\/a><br \/>\n<a href=\"https:\/\/www.norsk-tipping.no\/grasrotandelen\/\" target=\"_blank\">Les mer om Grasrotandelen hos Norsk Tipping<\/a>.<\/p>\n<p><iframe src =\"https:\/\/www.norsk-tipping.no\/charity-search\/charity\/flex\/statistics_app.jsp?receiver=984054815\" width=\"550\" height=\"500\"><\/p>\n<p>Your browser does not support iFrames.<\/p>\n<p><\/iframe><\/p>\n","protected":false},"excerpt":{"rendered":"<p>Nydalens Skiklub er registrert i Frivillighetsregisteret, og n\u00e5 er det opptil hver av dere \u00e5 verve alle dere kjenner som spiller spill hos Norsk Tipping til \u00e5 velge NSK som \u201dsin\u201d klubb. Vi vil f\u00e5 5% av innsatsen rett inn &hellip; <a class=\"more-link\" href=\"https:\/\/nydalen.idrett.no\/orientering\/sponsorwidget\/grasrotandelen\/\">Les videre <span class=\"meta-nav\">&rarr;<\/span><\/a><\/p>\n","protected":false},"author":13,"featured_media":0,"parent":363,"menu_order":0,"comment_status":"closed","ping_status":"closed","template":"onecolumn-page.php","meta":{"footnotes":""},"class_list":["post-1338","page","type-page","status-publish","hentry"],"_links":{"self":[{"href":"https:\/\/nydalen.idrett.no\/orientering\/wp-json\/wp\/v2\/pages\/1338","targetHints":{"allow":["GET"]}}],"collection":[{"href":"https:\/\/nydalen.idrett.no\/orientering\/wp-json\/wp\/v2\/pages"}],"about":[{"href":"https:\/\/nydalen.idrett.no\/orientering\/wp-json\/wp\/v2\/types\/page"}],"author":[{"embeddable":true,"href":"https:\/\/nydalen.idrett.no\/orientering\/wp-json\/wp\/v2\/users\/13"}],"replies":[{"embeddable":true,"href":"https:\/\/nydalen.idrett.no\/orientering\/wp-json\/wp\/v2\/comments?post=1338"}],"version-history":[{"count":9,"href":"https:\/\/nydalen.idrett.no\/orientering\/wp-json\/wp\/v2\/pages\/1338\/revisions"}],"predecessor-version":[{"id":1340,"href":"https:\/\/nydalen.idrett.no\/orientering\/wp-json\/wp\/v2\/pages\/1338\/revisions\/1340"}],"up":[{"embeddable":true,"href":"https:\/\/nydalen.idrett.no\/orientering\/wp-json\/wp\/v2\/pages\/363"}],"wp:attachment":[{"href":"https:\/\/nydalen.idrett.no\/orientering\/wp-json\/wp\/v2\/media?parent=1338"}],"curies":[{"name":"wp","href":"https:\/\/api.w.org\/{rel}","templated":true}]}}