{"id":1282,"date":"2011-01-02T13:20:04","date_gmt":"2011-01-02T12:20:04","guid":{"rendered":"http:\/\/nydalen.idrett.no\/orientering\/"},"modified":"2011-01-02T19:06:05","modified_gmt":"2011-01-02T18:06:05","slug":"elisabeths-l%c3%b8p","status":"publish","type":"page","link":"https:\/\/nydalen.idrett.no\/orientering\/historikk\/tioseier-2006\/elisabeths-l%c3%b8p\/","title":{"rendered":"Elisabeths etappe"},"content":{"rendered":"<p><a href=\"http:\/\/nydalen.idrett.no\/orientering\/historikk\/tioseier-2006\/\">Tilbake<\/a><\/p>\n<p>Med et perfekt utgangspunkt etter de tre f\u00f8rste etp var taktikken og gi alt fra start og h\u00e5pe farten ville rekke hele l\u00f8ypa igjennom. Var litt i overkant ivrig og la i vei p\u00e5 skjev retning over hogsten, men tok meg fort inn. Stemplet rett i h\u00e6lene p\u00e5 Halden p\u00e5 f\u00f8rste post.<\/p>\n<p>Tok kommandoen ut p\u00e5 langstrekket til 3.post. Tok igjen NTNUI p\u00e5 f\u00f8rste del av strekket, slik at vi vi n\u00e5 var tre sammen. Hadde full kontroll inn i tredje post og klarte \u00e5 holde h\u00f8y fart helt inn i ringen. Merket at de andre ble borte bak meg. NTNUI hadde annen gafling, mens Halden gikk p\u00e5 en bom.<\/p>\n<p>Etter dette var jeg alene resten av l\u00f8ypa. Pr\u00f8vde \u00e5 holde tr\u00f8kket oppe, samtidig som jeg fors\u00f8kte \u00e5 gj\u00f8re ting enkelt. Fikk en liten sleiv p\u00e5 8.post. Hadde l\u00f8pt gjennom posten tidligere, og trodde jeg visste hvor den var&#8230; Begynte etter hvert \u00e5 bli sliten og mistet litt flyten. L\u00f8p d\u00e5rlig p\u00e5 strekket til 12. og fikk i tillegg en liten sleiv p\u00e5 posten. Godt at det var slutt p\u00e5 orienteringen etter dette, pr\u00f8vde \u00e5 ta ut de siste kreftene p\u00e5 de siste l\u00f8pestrekkene.<\/p>\n<p><span style=\"color: #000000;\"><em>Klikk p\u00e5 kartet for \u00e5 f\u00e5 opp full st\u00f8rrelse<\/em><\/span><\/p>\n<p><a href=\"http:\/\/nydalen.idrett.no\/orientering\/wp-content\/uploads\/2011\/01\/tiomila06_elisabeth_liten.jpg\"><img loading=\"lazy\" decoding=\"async\" class=\"alignnone size-medium wp-image-1303\" title=\"tiomila06_elisabeth_liten\" src=\"http:\/\/nydalen.idrett.no\/orientering\/wp-content\/uploads\/2011\/01\/tiomila06_elisabeth_liten-318x500.jpg\" alt=\"\" width=\"318\" height=\"500\" srcset=\"https:\/\/nydalen.idrett.no\/orientering\/wp-content\/uploads\/2011\/01\/tiomila06_elisabeth_liten-318x500.jpg 318w, https:\/\/nydalen.idrett.no\/orientering\/wp-content\/uploads\/2011\/01\/tiomila06_elisabeth_liten.jpg 600w\" sizes=\"auto, (max-width: 318px) 100vw, 318px\" \/><\/a><\/p>\n","protected":false},"excerpt":{"rendered":"<p>Tilbake Med et perfekt utgangspunkt etter de tre f\u00f8rste etp var taktikken og gi alt fra start og h\u00e5pe farten ville rekke hele l\u00f8ypa igjennom. Var litt i overkant ivrig og la i vei p\u00e5 skjev retning over hogsten, men &hellip; <a class=\"more-link\" href=\"https:\/\/nydalen.idrett.no\/orientering\/historikk\/tioseier-2006\/elisabeths-l%c3%b8p\/\">Les videre <span class=\"meta-nav\">&rarr;<\/span><\/a><\/p>\n","protected":false},"author":13,"featured_media":0,"parent":1254,"menu_order":0,"comment_status":"closed","ping_status":"closed","template":"onecolumn-page.php","meta":{"footnotes":""},"class_list":["post-1282","page","type-page","status-publish","hentry"],"_links":{"self":[{"href":"https:\/\/nydalen.idrett.no\/orientering\/wp-json\/wp\/v2\/pages\/1282","targetHints":{"allow":["GET"]}}],"collection":[{"href":"https:\/\/nydalen.idrett.no\/orientering\/wp-json\/wp\/v2\/pages"}],"about":[{"href":"https:\/\/nydalen.idrett.no\/orientering\/wp-json\/wp\/v2\/types\/page"}],"author":[{"embeddable":true,"href":"https:\/\/nydalen.idrett.no\/orientering\/wp-json\/wp\/v2\/users\/13"}],"replies":[{"embeddable":true,"href":"https:\/\/nydalen.idrett.no\/orientering\/wp-json\/wp\/v2\/comments?post=1282"}],"version-history":[{"count":5,"href":"https:\/\/nydalen.idrett.no\/orientering\/wp-json\/wp\/v2\/pages\/1282\/revisions"}],"predecessor-version":[{"id":1305,"href":"https:\/\/nydalen.idrett.no\/orientering\/wp-json\/wp\/v2\/pages\/1282\/revisions\/1305"}],"up":[{"embeddable":true,"href":"https:\/\/nydalen.idrett.no\/orientering\/wp-json\/wp\/v2\/pages\/1254"}],"wp:attachment":[{"href":"https:\/\/nydalen.idrett.no\/orientering\/wp-json\/wp\/v2\/media?parent=1282"}],"curies":[{"name":"wp","href":"https:\/\/api.w.org\/{rel}","templated":true}]}}