{"id":1280,"date":"2011-01-02T13:19:38","date_gmt":"2011-01-02T12:19:38","guid":{"rendered":"http:\/\/nydalen.idrett.no\/orientering\/"},"modified":"2011-01-02T19:05:51","modified_gmt":"2011-01-02T18:05:51","slug":"annikas-l%c3%b8p","status":"publish","type":"page","link":"https:\/\/nydalen.idrett.no\/orientering\/historikk\/tioseier-2006\/annikas-l%c3%b8p\/","title":{"rendered":"Annikas etappe"},"content":{"rendered":"<p><a href=\"http:\/\/nydalen.idrett.no\/orientering\/historikk\/tioseier-2006\/\">Tilbake<\/a><\/p>\n<p>Gikk ut sammen med bla. Halden, Domnarvet, Liding\u00f8, S\u00f8dert\u00e4lje\/Nykvarn, NTNUI og Delta ca 10 sek bak ledende Ulicehamn. P\u00e5 vei mot 2e post delte klyngen seg. Domnarvet, Liding\u00f8 og Ulricehamn litt venstre og vi andre til h\u00f8yre. Vi gj\u00f8r dessverre en liten bom, men jeg skj\u00f8nne med en gang hvor vi er. P\u00e5 vei mot posten m\u00f8ter vi Liding\u00f8, som jeg da trur har tatt posten hvilket hun ikke har. Ca 200 meter etter post 2 p\u00e5 vei mot 3e m\u00f8ter vi Ulricehamn&#8230; Klyngen med NTNUI, Halden, Delta og meg tar post etter post. Jeg trur at Domnarvet og Liding\u00f8 er foran, men de har bommet 2e post og vi ser dem aldri mer \ud83d\ude42<\/p>\n<p>NTNUI (Birte Riddervold) drar hardt i tet. Hun f\u00e5r en luke som vi ikke klarer og tette. Jeg er 10 \u00e5r for gammel for Riddervolds lange og raske bein&#8230;<\/p>\n<p>Rett f\u00f8r furuskogen, ca 1,5 km f\u00f8r m\u00e5l, ser vi henne i en grusgrop. Vi er da kun 20-30 sekunder bak. Dessverre gj\u00f8r vi en andre bom, blir en liten straffrunde i gr\u00f8nnomr\u00e5det som steinen ligger i.<\/p>\n<p>L\u00f8per alt jeg har siste biten inn til m\u00e5l, likevel vokser avstanden til NTNUI. Veksler som nummer 4, rett bak Halden og Delta. Vi er n\u00e5 1.19 bak. Gir alt jeg har og sender ut Elisabeth som ser VELDIG gira ut. Etter dette begynner min mest nerv\u00f8se tid i livet. Har aldri hatt det s\u00e5 &#8220;vont&#8221; og deilig samtidig \ud83d\ude42<\/p>\n<p><span style=\"color: #000000;\"><em>Klikk p\u00e5 kartet for \u00e5 f\u00e5 opp full st\u00f8rrelse<\/em><\/span><\/p>\n<p><a href=\"http:\/\/nydalen.idrett.no\/orientering\/wp-content\/uploads\/2011\/01\/tiomila06_annika_liten.jpg\"><img loading=\"lazy\" decoding=\"async\" class=\"alignnone size-medium wp-image-1300\" title=\"tiomila06_annika_liten\" src=\"http:\/\/nydalen.idrett.no\/orientering\/wp-content\/uploads\/2011\/01\/tiomila06_annika_liten-372x500.jpg\" alt=\"\" width=\"372\" height=\"500\" srcset=\"https:\/\/nydalen.idrett.no\/orientering\/wp-content\/uploads\/2011\/01\/tiomila06_annika_liten-372x500.jpg 372w, https:\/\/nydalen.idrett.no\/orientering\/wp-content\/uploads\/2011\/01\/tiomila06_annika_liten.jpg 600w\" sizes=\"auto, (max-width: 372px) 100vw, 372px\" \/><\/a><\/p>\n","protected":false},"excerpt":{"rendered":"<p>Tilbake Gikk ut sammen med bla. Halden, Domnarvet, Liding\u00f8, S\u00f8dert\u00e4lje\/Nykvarn, NTNUI og Delta ca 10 sek bak ledende Ulicehamn. P\u00e5 vei mot 2e post delte klyngen seg. Domnarvet, Liding\u00f8 og Ulricehamn litt venstre og vi andre til h\u00f8yre. Vi gj\u00f8r &hellip; <a class=\"more-link\" href=\"https:\/\/nydalen.idrett.no\/orientering\/historikk\/tioseier-2006\/annikas-l%c3%b8p\/\">Les videre <span class=\"meta-nav\">&rarr;<\/span><\/a><\/p>\n","protected":false},"author":13,"featured_media":0,"parent":1254,"menu_order":0,"comment_status":"closed","ping_status":"closed","template":"onecolumn-page.php","meta":{"footnotes":""},"class_list":["post-1280","page","type-page","status-publish","hentry"],"_links":{"self":[{"href":"https:\/\/nydalen.idrett.no\/orientering\/wp-json\/wp\/v2\/pages\/1280","targetHints":{"allow":["GET"]}}],"collection":[{"href":"https:\/\/nydalen.idrett.no\/orientering\/wp-json\/wp\/v2\/pages"}],"about":[{"href":"https:\/\/nydalen.idrett.no\/orientering\/wp-json\/wp\/v2\/types\/page"}],"author":[{"embeddable":true,"href":"https:\/\/nydalen.idrett.no\/orientering\/wp-json\/wp\/v2\/users\/13"}],"replies":[{"embeddable":true,"href":"https:\/\/nydalen.idrett.no\/orientering\/wp-json\/wp\/v2\/comments?post=1280"}],"version-history":[{"count":5,"href":"https:\/\/nydalen.idrett.no\/orientering\/wp-json\/wp\/v2\/pages\/1280\/revisions"}],"predecessor-version":[{"id":1302,"href":"https:\/\/nydalen.idrett.no\/orientering\/wp-json\/wp\/v2\/pages\/1280\/revisions\/1302"}],"up":[{"embeddable":true,"href":"https:\/\/nydalen.idrett.no\/orientering\/wp-json\/wp\/v2\/pages\/1254"}],"wp:attachment":[{"href":"https:\/\/nydalen.idrett.no\/orientering\/wp-json\/wp\/v2\/media?parent=1280"}],"curies":[{"name":"wp","href":"https:\/\/api.w.org\/{rel}","templated":true}]}}