{"id":1278,"date":"2011-01-02T13:19:06","date_gmt":"2011-01-02T12:19:06","guid":{"rendered":"http:\/\/nydalen.idrett.no\/orientering\/"},"modified":"2011-01-02T19:06:30","modified_gmt":"2011-01-02T18:06:30","slug":"lenes-l%c3%b8p","status":"publish","type":"page","link":"https:\/\/nydalen.idrett.no\/orientering\/historikk\/tioseier-2006\/lenes-l%c3%b8p\/","title":{"rendered":"Lenes etappe"},"content":{"rendered":"<p><a href=\"http:\/\/nydalen.idrett.no\/orientering\/historikk\/tioseier-2006\/\">Tilbake<\/a><\/p>\n<p>Takket v\u00e6re en smalltalk med Erlend p\u00e5 morgenen f\u00f8lte jeg meg klar til dyst. Etter elendig l\u00f8ping p\u00e5 L\u00f8rdagskjappen helgen f\u00f8r, og fortsatt en del surring p\u00e5 fredagens \u00f8kt, var jeg mer usikker p\u00e5 egne ferdigheter enn jeg trivdes med.<\/p>\n<p>Ellen \u00e5pnet ballet p\u00e5 en fortreffelig m\u00e5te, og etter \u00e5 ha kjempet p\u00e5 til hun var mer d\u00f8d enn levende, hadde hun s\u00e5vidt krefter til \u00e5 rive av kart nr. 12-2 og lange det over planken. Vi var der vi skulle v\u00e6re, og n\u00e5 var det opp til meg \u00e5 forvalte et godt utgangspunkt.<\/p>\n<p>Starten av l\u00f8pet bar preg av litt for stor respekt for oppgaven, og jeg tapte tid p\u00e5 un\u00f8dvendig n\u00f8ling. Jeg registrerte at jeg var innhentet av lag som BSK og NTNUI, og syntes farten var mer enn h\u00f8y nok i k\u00f8en inn mot passering. Men gampingen m\u00e5 ha v\u00e6rt et lite spill for galleriet, for i den mosekledde storskogen nord for TC hadde jeg ingen problemer med \u00e5 ligge i k\u00f8en og lese kart og sjekke retning, sjekke retning, sjekke retning.<\/p>\n<p>En siste gaflingspost f\u00f8r det hele var over, og vips!<br \/>\n&#8211; kun tre l\u00f8pere \u00e5 se foran meg. Jeg visste at det var en mulighet for at noen hadde f\u00e5tt luke og forsprang p\u00e5 oss, og pustet derfor lettet ut da jeg h\u00f8rte Per Forsberg si &#8220;h\u00e4r kommer dom, t\u00e4ten p\u00e5 den andra str\u00e4ckan&#8221;.<\/p>\n<p><span style=\"color: #000000;\"><em>Klikk p\u00e5 kartet for \u00e5 f\u00e5 opp full st\u00f8rrelse<\/em><\/span><\/p>\n<p><a href=\"http:\/\/nydalen.idrett.no\/orientering\/wp-content\/uploads\/2011\/01\/tiomila06_lene_liten.jpg\"><img loading=\"lazy\" decoding=\"async\" class=\"alignnone size-medium wp-image-1297\" title=\"tiomila06_lene_liten\" src=\"http:\/\/nydalen.idrett.no\/orientering\/wp-content\/uploads\/2011\/01\/tiomila06_lene_liten-325x500.jpg\" alt=\"\" width=\"325\" height=\"500\" srcset=\"https:\/\/nydalen.idrett.no\/orientering\/wp-content\/uploads\/2011\/01\/tiomila06_lene_liten-325x500.jpg 325w, https:\/\/nydalen.idrett.no\/orientering\/wp-content\/uploads\/2011\/01\/tiomila06_lene_liten.jpg 600w\" sizes=\"auto, (max-width: 325px) 100vw, 325px\" \/><\/a><\/p>\n","protected":false},"excerpt":{"rendered":"<p>Tilbake Takket v\u00e6re en smalltalk med Erlend p\u00e5 morgenen f\u00f8lte jeg meg klar til dyst. Etter elendig l\u00f8ping p\u00e5 L\u00f8rdagskjappen helgen f\u00f8r, og fortsatt en del surring p\u00e5 fredagens \u00f8kt, var jeg mer usikker p\u00e5 egne ferdigheter enn jeg trivdes &hellip; <a class=\"more-link\" href=\"https:\/\/nydalen.idrett.no\/orientering\/historikk\/tioseier-2006\/lenes-l%c3%b8p\/\">Les videre <span class=\"meta-nav\">&rarr;<\/span><\/a><\/p>\n","protected":false},"author":13,"featured_media":0,"parent":1254,"menu_order":0,"comment_status":"closed","ping_status":"closed","template":"onecolumn-page.php","meta":{"footnotes":""},"class_list":["post-1278","page","type-page","status-publish","hentry"],"_links":{"self":[{"href":"https:\/\/nydalen.idrett.no\/orientering\/wp-json\/wp\/v2\/pages\/1278","targetHints":{"allow":["GET"]}}],"collection":[{"href":"https:\/\/nydalen.idrett.no\/orientering\/wp-json\/wp\/v2\/pages"}],"about":[{"href":"https:\/\/nydalen.idrett.no\/orientering\/wp-json\/wp\/v2\/types\/page"}],"author":[{"embeddable":true,"href":"https:\/\/nydalen.idrett.no\/orientering\/wp-json\/wp\/v2\/users\/13"}],"replies":[{"embeddable":true,"href":"https:\/\/nydalen.idrett.no\/orientering\/wp-json\/wp\/v2\/comments?post=1278"}],"version-history":[{"count":4,"href":"https:\/\/nydalen.idrett.no\/orientering\/wp-json\/wp\/v2\/pages\/1278\/revisions"}],"predecessor-version":[{"id":1361,"href":"https:\/\/nydalen.idrett.no\/orientering\/wp-json\/wp\/v2\/pages\/1278\/revisions\/1361"}],"up":[{"embeddable":true,"href":"https:\/\/nydalen.idrett.no\/orientering\/wp-json\/wp\/v2\/pages\/1254"}],"wp:attachment":[{"href":"https:\/\/nydalen.idrett.no\/orientering\/wp-json\/wp\/v2\/media?parent=1278"}],"curies":[{"name":"wp","href":"https:\/\/api.w.org\/{rel}","templated":true}]}}