{"id":1276,"date":"2011-01-02T13:18:36","date_gmt":"2011-01-02T12:18:36","guid":{"rendered":"http:\/\/nydalen.idrett.no\/orientering\/"},"modified":"2011-01-02T19:06:16","modified_gmt":"2011-01-02T18:06:16","slug":"ellens-l%c3%b8p","status":"publish","type":"page","link":"https:\/\/nydalen.idrett.no\/orientering\/historikk\/tioseier-2006\/ellens-l%c3%b8p\/","title":{"rendered":"Ellens etappe"},"content":{"rendered":"<p><a href=\"http:\/\/nydalen.idrett.no\/orientering\/historikk\/tioseier-2006\/\">Tilbake<\/a><\/p>\n<p>Jeg hadde p\u00e5 forh\u00e5nd bestemt meg for \u00e5 v\u00e6re kjapt ut til startpost, deretter finne de f\u00f8rste 2-3 postene fullstendig selvstendig, for s\u00e5 \u00e5 ligge \u00e5 kruse langt foran i k\u00f8en inn. L\u00f8pet gikk n\u00f8yaktig som planlagt, jeg hadde \u00f8yekontakt med teten hele veien, frem til 4. siste post som var gaflet, og noen forsvant med det litt kjappere inn til m\u00e5l. Jeg hadde ikke noe tidstap \u00e5 snakke om og klarte \u00e5 gi maksimalt av hva jeg var god for den dagen. HURRA!<\/p>\n<p><span style=\"color: #000000;\"><em>Klikk p\u00e5 kartet for \u00e5 f\u00e5 opp full st\u00f8rrelse<\/em><\/span><\/p>\n<p><a href=\"http:\/\/nydalen.idrett.no\/orientering\/wp-content\/uploads\/2011\/01\/tiomila06_ellen_liten.jpg\"><img loading=\"lazy\" decoding=\"async\" class=\"alignnone size-medium wp-image-1293\" title=\"tiomila06_ellen_liten\" src=\"http:\/\/nydalen.idrett.no\/orientering\/wp-content\/uploads\/2011\/01\/tiomila06_ellen_liten-359x500.jpg\" alt=\"\" width=\"359\" height=\"500\" srcset=\"https:\/\/nydalen.idrett.no\/orientering\/wp-content\/uploads\/2011\/01\/tiomila06_ellen_liten-359x500.jpg 359w, https:\/\/nydalen.idrett.no\/orientering\/wp-content\/uploads\/2011\/01\/tiomila06_ellen_liten.jpg 600w\" sizes=\"auto, (max-width: 359px) 100vw, 359px\" \/><\/a><\/p>\n","protected":false},"excerpt":{"rendered":"<p>Tilbake Jeg hadde p\u00e5 forh\u00e5nd bestemt meg for \u00e5 v\u00e6re kjapt ut til startpost, deretter finne de f\u00f8rste 2-3 postene fullstendig selvstendig, for s\u00e5 \u00e5 ligge \u00e5 kruse langt foran i k\u00f8en inn. L\u00f8pet gikk n\u00f8yaktig som planlagt, jeg hadde &hellip; <a class=\"more-link\" href=\"https:\/\/nydalen.idrett.no\/orientering\/historikk\/tioseier-2006\/ellens-l%c3%b8p\/\">Les videre <span class=\"meta-nav\">&rarr;<\/span><\/a><\/p>\n","protected":false},"author":13,"featured_media":0,"parent":1254,"menu_order":0,"comment_status":"closed","ping_status":"closed","template":"onecolumn-page.php","meta":{"footnotes":""},"class_list":["post-1276","page","type-page","status-publish","hentry"],"_links":{"self":[{"href":"https:\/\/nydalen.idrett.no\/orientering\/wp-json\/wp\/v2\/pages\/1276","targetHints":{"allow":["GET"]}}],"collection":[{"href":"https:\/\/nydalen.idrett.no\/orientering\/wp-json\/wp\/v2\/pages"}],"about":[{"href":"https:\/\/nydalen.idrett.no\/orientering\/wp-json\/wp\/v2\/types\/page"}],"author":[{"embeddable":true,"href":"https:\/\/nydalen.idrett.no\/orientering\/wp-json\/wp\/v2\/users\/13"}],"replies":[{"embeddable":true,"href":"https:\/\/nydalen.idrett.no\/orientering\/wp-json\/wp\/v2\/comments?post=1276"}],"version-history":[{"count":7,"href":"https:\/\/nydalen.idrett.no\/orientering\/wp-json\/wp\/v2\/pages\/1276\/revisions"}],"predecessor-version":[{"id":1360,"href":"https:\/\/nydalen.idrett.no\/orientering\/wp-json\/wp\/v2\/pages\/1276\/revisions\/1360"}],"up":[{"embeddable":true,"href":"https:\/\/nydalen.idrett.no\/orientering\/wp-json\/wp\/v2\/pages\/1254"}],"wp:attachment":[{"href":"https:\/\/nydalen.idrett.no\/orientering\/wp-json\/wp\/v2\/media?parent=1276"}],"curies":[{"name":"wp","href":"https:\/\/api.w.org\/{rel}","templated":true}]}}