{"id":1254,"date":"2011-01-02T13:01:08","date_gmt":"2011-01-02T12:01:08","guid":{"rendered":"http:\/\/nydalen.idrett.no\/orientering\/"},"modified":"2011-01-02T19:11:19","modified_gmt":"2011-01-02T18:11:19","slug":"tioseier-2006","status":"publish","type":"page","link":"https:\/\/nydalen.idrett.no\/orientering\/historikk\/tioseier-2006\/","title":{"rendered":"Tioseier 2006"},"content":{"rendered":"<p><em>Skrevet av Ellen Moen<\/em><\/p>\n<p>Endelig\u2026 Endelig!<\/p>\n<p>29. april 2006 fikk nydalens stafettjenter endelig vist hva de er gode for. Det har \u00e5penbart ligget et uforl\u00f8st potensiale i nydalsdamene i mange \u00e5r. Med utallelige 4.-10. plasseringer i TIO og Jukola bak seg, er det ekstra g\u00f8y \u00e5 krabbe helt til topps n\u00e5r en f\u00f8rst skulle opp p\u00e5 pallen!<\/p>\n<p><a href=\"http:\/\/nydalen.idrett.no\/orientering\/wp-content\/uploads\/2011\/01\/innspurt_600.jpg\"><img loading=\"lazy\" decoding=\"async\" class=\"alignnone size-full wp-image-1257\" title=\"innspurt_600\" src=\"http:\/\/nydalen.idrett.no\/orientering\/wp-content\/uploads\/2011\/01\/innspurt_600.jpg\" alt=\"\" width=\"600\" height=\"262\" srcset=\"https:\/\/nydalen.idrett.no\/orientering\/wp-content\/uploads\/2011\/01\/innspurt_600.jpg 600w, https:\/\/nydalen.idrett.no\/orientering\/wp-content\/uploads\/2011\/01\/innspurt_600-500x218.jpg 500w\" sizes=\"auto, (max-width: 600px) 100vw, 600px\" \/><\/a><br \/>\nfoto: <a href=\"http:\/\/www.opn.no\">opn.no<\/a><\/p>\n<p>Det var et erfarent lag med troen p\u00e5 seg selv og lagvenninnene som stod p\u00e5 startstreken i \u00d8rebro. Selv om over halvparten av laget kun hadde fire \u00f8kter p\u00e5 kart siste halv\u00e5r, og et par ikke hadde f\u00e5tt gjennomf\u00f8rt den fysiske treningen helt som de hadde \u00f8nsket heller, s\u00e5 var vi mentalt klare&#8230; Klare for \u00e5 v\u00e6re 100 % skjerpet i hue, klare for \u00e5 ofre oss fullstendig fysisk, klare for \u00e5 oppleve verdens st\u00f8rste kick, klare for \u00e5 l\u00f8pe oss opp p\u00e5 pallen&#8230;!!<\/p>\n<p>Laget hadde som helhet minimalt med tidstap. De tre f\u00f8rste gjorde jobben godt, de to siste l\u00f8p ganske enkelt guddommelig bra. Tiltross for at Elisabeth la opp for 2 \u00e5r siden, har hun fremdeles en av verdens beste o-tekninske ryggmarger n\u00e5r hun bestemmer seg for det. Hun hadde beste etappetid og slo med det mange fra verdenseliten.<a rel=\"attachment wp-att-1258\" href=\"http:\/\/nydalen.idrett.no\/orientering\/historikk\/tioseier-2006\/opn_marianne_andersen_maal_06_liten\/\"><img loading=\"lazy\" decoding=\"async\" class=\"alignright size-full wp-image-1258\" title=\"opn_marianne_andersen_maal_06_liten\" src=\"http:\/\/nydalen.idrett.no\/orientering\/wp-content\/uploads\/2011\/01\/opn_marianne_andersen_maal_06_liten.jpg\" alt=\"\" width=\"150\" height=\"179\" \/><\/a><\/p>\n<p>Mariannes evner som stafettavslutter har jeg hatt klokketro p\u00e5 helt siden vi begynte \u00e5 l\u00f8pe p\u00e5 lag sammen i Trondheim for mange \u00e5r siden. Allerede den gangen fikk hun til en avslutning som matchet verdenstoppens og l\u00f8p med det NTNUI inn til en 9.plass som var klubbens beste plassering p\u00e5 mange \u00e5r. Marianne er tydeligvis bevisst sin rolle som entertainer; hun trollbandt lett tusener av tilskuere p\u00e5 samlingsplass i tillegg til alle som fulgte med online hjemmefra, med sin fantastiske prestasjon.<\/p>\n<p>Man glemmer ikke lett den dagen da alle p\u00e5 laget klarte \u00e5 gjennomf\u00f8re det de hadde bestemt seg for \u00e5 gj\u00f8re. Man glemmer heller ikke med det f\u00f8rste den dagen da en sm\u00e5bitter Simone Luder h\u00e5ndgratulerte en med seier&#8230; \ud83d\ude09<br \/>\nHverdagen vil vel atter komme og dra oss ned fra v\u00e5r kjepph\u00f8ye stolthet. Men dette er definitivt en milep\u00e6l. B\u00e5de for oss som var s\u00e5 heldige at vi fikk l\u00f8pe p\u00e5 laget og for resten av Nydalens Skiklub.<\/p>\n<p>Vi takker for oppbacking fra alle klubbkompiser, fra de andre Stafettjentene og fra laglederne\/trenerne gjennom de siste \u00e5rene, Morten, \u00d8ystein, Erlend og Kjersti.<\/p>\n<p>F\u00f8lg linkene for kart, veivalg og kommentarer:<\/p>\n<ul>\n<li><a href=\"http:\/\/nydalen.idrett.no\/orientering\/historikk\/tioseier-2006\/ellens-l\u00f8p\/\">Ellens l\u00f8p<\/a><\/li>\n<li><a href=\"http:\/\/nydalen.idrett.no\/orientering\/historikk\/tioseier-2006\/lenes-l\u00f8p\/\">Lenes l\u00f8p<\/a><\/li>\n<li><a href=\"http:\/\/nydalen.idrett.no\/orientering\/historikk\/tioseier-2006\/annikas-l\u00f8p\/\">Annikas l\u00f8p<\/a><\/li>\n<li><a href=\"http:\/\/nydalen.idrett.no\/orientering\/historikk\/tioseier-2006\/elisabeths-l\u00f8p\/\">Elisabeths l\u00f8p<\/a><\/li>\n<li><a href=\"http:\/\/nydalen.idrett.no\/orientering\/historikk\/tioseier-2006\/mariannes-l\u00f8p\/\">Mariannes l\u00f8p<\/a><\/li>\n<\/ul>\n<p><a rel=\"attachment wp-att-1259\" href=\"http:\/\/nydalen.idrett.no\/orientering\/historikk\/tioseier-2006\/p1000120\/\"><img loading=\"lazy\" decoding=\"async\" class=\"alignnone size-full wp-image-1259\" title=\"P1000120\" src=\"http:\/\/nydalen.idrett.no\/orientering\/wp-content\/uploads\/2011\/01\/P1000120.jpg\" alt=\"\" width=\"600\" height=\"473\" srcset=\"https:\/\/nydalen.idrett.no\/orientering\/wp-content\/uploads\/2011\/01\/P1000120.jpg 600w, https:\/\/nydalen.idrett.no\/orientering\/wp-content\/uploads\/2011\/01\/P1000120-500x394.jpg 500w\" sizes=\"auto, (max-width: 600px) 100vw, 600px\" \/><\/a><\/p>\n","protected":false},"excerpt":{"rendered":"<p>Skrevet av Ellen Moen Endelig\u2026 Endelig! 29. april 2006 fikk nydalens stafettjenter endelig vist hva de er gode for. Det har \u00e5penbart ligget et uforl\u00f8st potensiale i nydalsdamene i mange \u00e5r. Med utallelige 4.-10. plasseringer i TIO og Jukola bak &hellip; <a class=\"more-link\" href=\"https:\/\/nydalen.idrett.no\/orientering\/historikk\/tioseier-2006\/\">Les videre <span class=\"meta-nav\">&rarr;<\/span><\/a><\/p>\n","protected":false},"author":1,"featured_media":0,"parent":1252,"menu_order":0,"comment_status":"closed","ping_status":"closed","template":"onecolumn-page.php","meta":{"footnotes":""},"class_list":["post-1254","page","type-page","status-publish","hentry"],"_links":{"self":[{"href":"https:\/\/nydalen.idrett.no\/orientering\/wp-json\/wp\/v2\/pages\/1254","targetHints":{"allow":["GET"]}}],"collection":[{"href":"https:\/\/nydalen.idrett.no\/orientering\/wp-json\/wp\/v2\/pages"}],"about":[{"href":"https:\/\/nydalen.idrett.no\/orientering\/wp-json\/wp\/v2\/types\/page"}],"author":[{"embeddable":true,"href":"https:\/\/nydalen.idrett.no\/orientering\/wp-json\/wp\/v2\/users\/1"}],"replies":[{"embeddable":true,"href":"https:\/\/nydalen.idrett.no\/orientering\/wp-json\/wp\/v2\/comments?post=1254"}],"version-history":[{"count":21,"href":"https:\/\/nydalen.idrett.no\/orientering\/wp-json\/wp\/v2\/pages\/1254\/revisions"}],"predecessor-version":[{"id":1366,"href":"https:\/\/nydalen.idrett.no\/orientering\/wp-json\/wp\/v2\/pages\/1254\/revisions\/1366"}],"up":[{"embeddable":true,"href":"https:\/\/nydalen.idrett.no\/orientering\/wp-json\/wp\/v2\/pages\/1252"}],"wp:attachment":[{"href":"https:\/\/nydalen.idrett.no\/orientering\/wp-json\/wp\/v2\/media?parent=1254"}],"curies":[{"name":"wp","href":"https:\/\/api.w.org\/{rel}","templated":true}]}}