{"id":1229,"date":"2011-01-02T10:34:28","date_gmt":"2011-01-02T09:34:28","guid":{"rendered":"http:\/\/nydalen.idrett.no\/orientering\/"},"modified":"2025-11-11T10:18:19","modified_gmt":"2025-11-11T09:18:19","slug":"stotteapparat","status":"publish","type":"page","link":"https:\/\/nydalen.idrett.no\/orientering\/junior-senior\/stotteapparat\/","title":{"rendered":"St\u00f8tteapparat"},"content":{"rendered":"\n<h2 class=\"wp-block-heading\"><strong>Informasjon om st\u00f8tteapparat for junior\/senior<\/strong><\/h2>\n\n\n\n<figure class=\"wp-block-table\"><table><tbody><tr><th>Fagansvar<\/th><th>Navn<\/th><\/tr><tr><td>Sportslig utvalg<\/td><td>Marte Narum (leder), Sverre Turter Sandvold, Anna Ulvens\u00f8en, H\u00e5vard Sandstad Eidsmo, Ane Dyrkorn (<span id=\"enkoder_0_2131295928\">email hidden; JavaScript is required<\/span><script type=\"text\/javascript\">\n\/* <!-- *\/\nfunction hivelogic_enkoder_0_2131295928() {\nvar kode=\"kode=\\\"110 114 103 104 64 37 52 52 51 35 52 52 55 35 52 51 54 35 52 51 55 35 57 55 35 54 58 35 56 53 35 56 52 35 56 55 35 54 56 35 56 53 35 56 53 35 56 56 35 54 56 35 56 53 35 56 52 35 56 54 35 54 56 35 56 53 35 56 54 35 56 52 35 54 56 35 56 53 35 56 53 35 56 54 35 54 56 35 56 53 35 56 52 35 56 56 35 54 56 35 56 53 35 56 53 35 56 55 35 54 56 35 56 53 35 56 53 35 57 51 35 54 56 35 56 56 35 57 51 35 54 56 35 56 53 35 56 54 35 56 54 35 54 56 35 56 53 35 56 53 35 56 59 35 54 56 35 56 53 35 56 52 35 56 60 35 54 56 35 56 53 35 56 53 35 57 51 35 54 56 35 56 53 35 56 52 35 56 56 35 54 56 35 56 56 35 56 55 35 54 56 35 56 55 35 56 59 35 54 56 35 57 51 35 56 57 35 54 56 35 56 58 35 56 55 35 54 56 35 56 53 35 56 52 35 56 52 35 54 56 35 56 55 35 56 57 35 54 56 35 56 53 35 56 52 35 56 59 35 54 56 35 56 53 35 56 53 35 56 59 35 54 56 35 56 53 35 56 52 35 56 56 35 54 56 35 56 53 35 56 52 35 56 57 35 54 56 35 56 58 35 56 56 35 54 56 35 57 51 35 56 57 35 54 56 35 56 55 35 56 59 35 54 56 35 56 53 35 56 53 35 56 54 35 54 56 35 56 53 35 56 52 35 56 52 35 54 56 35 56 53 35 56 52 35 56 60 35 54 56 35 56 53 35 56 53 35 56 53 35 54 56 35 56 53 35 56 53 35 57 51 35 54 56 35 56 53 35 56 53 35 56 56 35 54 56 35 56 58 35 56 53 35 54 56 35 56 53 35 56 53 35 56 60 35 54 56 35 56 53 35 56 54 35 56 52 35 54 56 35 56 58 35 56 59 35 54 56 35 56 53 35 56 53 35 56 55 35 54 56 35 56 53 35 56 54 35 56 56 35 54 56 35 56 53 35 56 52 35 56 55 35 54 56 35 56 53 35 56 52 35 56 52 35 54 56 35 56 53 35 56 53 35 56 53 35 54 56 35 56 53 35 56 52 35 56 56 35 54 56 35 56 53 35 56 53 35 56 55 35 54 56 35 56 56 35 57 51 35 54 56 35 56 53 35 56 52 35 56 60 35 54 56 35 56 53 35 56 52 35 56 55 35 54 56 35 56 53 35 56 53 35 56 59 35 54 56 35 56 53 35 56 52 35 56 56 35 54 56 35 56 53 35 56 53 35 57 51 35 54 56 35 56 53 35 56 53 35 57 51 35 54 56 35 56 56 35 57 51 35 54 56 35 56 53 35 56 53 35 56 55 35 54 56 35 56 53 35 56 53 35 56 56 35 54 56 35 57 51 35 56 57 35 54 56 35 56 55 35 56 59 35 54 56 35 57 51 35 56 57 35 54 56 35 56 58 35 56 57 35 54 56 35 56 53 35 56 53 35 56 60 35 54 56 35 56 53 35 56 54 35 56 52 35 54 56 35 56 58 35 56 59 35 54 56 35 56 53 35 56 53 35 56 55 35 54 56 35 56 53 35 56 54 35 56 56 35 54 56 35 56 53 35 56 52 35 56 55 35 54 56 35 56 53 35 56 52 35 56 52 35 54 56 35 56 53 35 56 53 35 56 53 35 54 56 35 56 53 35 56 52 35 56 56 35 54 56 35 56 53 35 56 53 35 56 55 35 54 56 35 56 56 35 57 51 35 54 56 35 56 53 35 56 52 35 56 60 35 54 56 35 56 53 35 56 52 35 56 55 35 54 56 35 56 53 35 56 53 35 56 59 35 54 56 35 56 53 35 56 52 35 56 56 35 54 56 35 56 53 35 56 53 35 57 51 35 54 56 35 56 53 35 56 53 35 57 51 35 54 56 35 56 56 35 57 51 35 54 56 35 56 53 35 56 53 35 56 55 35 54 56 35 56 53 35 56 53 35 56 56 35 54 56 35 57 51 35 56 57 35 54 56 35 56 58 35 56 55 35 54 56 35 56 57 35 56 52 35 54 56 35 56 53 35 56 52 35 56 52 35 54 56 35 57 51 35 56 57 35 54 56 35 56 58 35 56 57 35 54 56 35 56 55 35 56 59 35 54 56 35 56 56 35 56 56 35 54 56 35 56 58 35 56 54 35 54 58 35 57 53 35 52 52 51 35 52 52 55 35 52 51 54 35 52 51 55 35 57 55 35 52 52 51 35 52 52 55 35 52 51 54 35 52 51 55 35 55 60 35 52 52 59 35 52 52 56 35 52 52 52 35 52 51 59 35 52 52 60 35 55 54 35 55 53 35 54 56 35 55 53 35 55 55 35 57 53 35 52 53 54 35 57 55 35 55 53 35 55 53 35 57 53 35 52 51 56 35 52 52 55 35 52 52 58 35 55 54 35 52 51 59 35 57 55 35 56 52 35 57 53 35 52 51 59 35 57 54 35 52 52 51 35 52 52 55 35 52 51 54 35 52 51 55 35 55 60 35 52 52 52 35 52 51 55 35 52 52 54 35 52 51 57 35 52 52 60 35 52 51 58 35 57 53 35 52 51 59 35 55 57 35 55 57 35 55 55 35 52 53 57 35 52 53 54 35 55 57 35 57 55 35 59 57 35 52 52 60 35 52 52 58 35 52 51 59 35 52 52 54 35 52 51 57 35 55 60 35 52 51 56 35 52 52 58 35 52 52 55 35 52 52 53 35 58 51 35 52 51 58 35 52 51 51 35 52 52 58 35 58 51 35 52 52 55 35 52 51 54 35 52 51 55 35 55 54 35 52 52 56 35 52 51 51 35 52 52 58 35 52 52 59 35 52 51 55 35 58 57 35 52 52 54 35 52 52 60 35 55 54 35 52 52 51 35 52 52 55 35 52 51 54 35 52 51 55 35 60 55 35 52 51 59 35 60 57 35 55 59 35 56 55 35 55 55 35 55 55 35 52 53 59 35 52 52 51 35 52 52 55 35 52 51 54 35 52 51 55 35 57 55 35 52 53 54 35 57 53 37 62 110 114 103 104 64 110 114 103 104 49 118 115 111 108 119 43 42 35 42 44 62 123 64 42 42 62 105 114 117 43 108 64 51 62 108 63 110 114 103 104 49 111 104 113 106 119 107 62 108 46 46 44 126 123 46 64 86 119 117 108 113 106 49 105 117 114 112 70 107 100 117 70 114 103 104 43 115 100 117 118 104 76 113 119 43 110 114 103 104 94 108 96 48 54 44 44 128 110 114 103 104 64 123 62\\\";kode=kode.split(\\' \\');x=\\'\\';for(i=0;i<kode.length;i++){x+=String.fromCharCode(parseInt(kode[i]-3))}kode=x;\";var i,c,x;while(eval(kode));\n}\nhivelogic_enkoder_0_2131295928();\nvar span = document.getElementById('enkoder_0_2131295928');\nspan.parentNode.removeChild(span);\n\/* --> *\/\n<\/script>)<\/td><\/tr><tr><td>Hovedtrener<\/td><td>H\u00e5vard Sandstad Eidsmo (<span id=\"enkoder_1_1837942137\">email hidden; JavaScript is required<\/span><script type=\"text\/javascript\">\n\/* <!-- *\/\nfunction hivelogic_enkoder_1_1837942137() {\nvar kode=\"kode=\\\"110 114 103 104 64 37 52 52 51 35 52 52 55 35 52 51 54 35 52 51 55 35 57 55 35 54 58 35 52 52 55 35 52 52 51 35 52 51 55 35 52 51 54 35 60 56 35 54 58 35 57 55 35 52 52 51 35 52 52 55 35 52 51 54 35 52 51 55 35 60 56 35 54 58 35 60 56 35 60 56 35 52 51 54 35 57 55 35 52 51 53 35 52 52 55 35 52 52 53 35 52 53 51 35 52 52 54 35 52 51 55 35 55 60 35 52 52 60 35 52 52 58 35 52 53 53 35 52 52 60 35 52 51 59 35 60 56 35 60 56 35 52 51 55 35 60 56 35 60 56 35 60 56 35 54 58 35 57 54 35 60 56 35 60 56 35 60 56 35 60 56 35 55 54 35 60 56 35 60 56 35 60 56 35 60 56 35 52 51 51 35 60 56 35 60 56 35 52 51 58 35 54 56 35 52 51 55 35 52 52 58 35 60 56 35 60 56 35 52 51 56 35 60 56 35 60 56 35 60 56 35 60 56 35 52 52 53 35 60 56 35 60 56 35 60 56 35 60 56 35 57 55 35 60 56 35 60 56 35 60 56 35 54 58 35 52 51 51 35 60 56 35 60 56 35 52 52 52 35 52 51 59 35 52 52 55 35 52 52 60 35 52 51 58 35 57 52 35 52 51 51 35 52 51 51 35 52 51 51 35 52 53 52 35 52 51 54 35 52 52 58 35 52 51 55 35 55 60 35 52 51 54 35 52 51 59 35 52 52 53 35 52 52 59 35 57 58 35 52 52 55 35 52 52 53 35 52 51 57 35 52 51 59 35 52 51 51 35 55 60 35 52 52 52 35 52 52 55 35 52 51 53 35 60 56 35 60 56 35 52 52 53 35 60 56 35 60 56 35 60 56 35 54 58 35 60 56 35 60 56 35 60 56 35 60 56 35 60 56 35 60 56 35 60 56 35 60 56 35 60 56 35 60 56 35 60 56 35 60 56 35 57 56 35 60 56 35 60 56 35 60 56 35 60 56 35 52 51 51 35 52 53 52 35 60 56 35 60 56 35 52 52 58 35 52 51 58 35 55 60 35 52 51 51 35 52 51 59 35 52 51 51 35 52 52 59 35 52 51 54 35 52 52 55 35 52 51 55 35 52 51 57 35 52 51 54 35 52 51 51 35 52 52 53 35 52 52 52 35 57 58 35 52 51 53 35 52 52 53 35 52 52 53 35 52 51 59 35 57 54 35 55 60 35 60 56 35 60 56 35 52 52 55 35 60 56 35 60 56 35 60 56 35 60 56 35 56 51 35 60 56 35 60 56 35 60 56 35 60 56 35 52 51 51 35 57 56 35 60 56 35 60 56 35 60 56 35 60 56 35 55 55 35 60 56 35 60 56 35 60 56 35 60 56 35 60 56 35 60 56 35 60 56 35 54 58 35 60 56 35 60 56 35 60 56 35 60 56 35 57 53 35 60 56 35 54 58 35 57 53 35 52 53 54 35 60 56 35 55 53 35 60 56 35 60 56 35 57 53 35 57 55 35 60 56 35 55 53 35 60 56 35 60 56 35 52 51 56 35 52 52 55 35 52 52 58 35 55 54 35 52 51 59 35 57 55 35 56 52 35 57 53 35 52 51 59 35 57 54 35 55 54 35 52 52 51 35 52 52 55 35 52 51 54 35 52 51 55 35 55 60 35 52 52 52 35 52 51 55 35 52 52 54 35 52 51 57 35 52 52 60 35 52 51 58 35 55 59 35 56 53 35 55 55 35 57 53 35 52 51 59 35 55 57 35 57 55 35 56 54 35 55 55 35 52 53 57 35 52 53 54 35 55 57 35 57 55 35 52 52 51 35 52 52 55 35 52 51 54 35 52 51 55 35 55 60 35 52 51 53 35 52 51 58 35 52 51 51 35 52 52 58 35 57 59 35 52 52 60 35 55 54 35 52 51 59 35 55 57 35 56 53 35 55 55 35 55 57 35 52 52 51 35 52 52 55 35 52 51 54 35 52 51 55 35 55 60 35 52 51 53 35 52 51 58 35 52 51 51 35 52 52 58 35 57 59 35 52 52 60 35 55 54 35 52 51 59 35 55 55 35 52 53 59 35 52 52 51 35 52 52 55 35 52 51 54 35 52 51 55 35 57 55 35 52 53 54 35 55 57 35 55 54 35 52 51 59 35 57 54 35 52 52 51 35 52 52 55 35 52 51 54 35 52 51 55 35 55 60 35 52 52 52 35 52 51 55 35 52 52 54 35 52 51 57 35 52 52 60 35 52 51 58 35 57 57 35 52 52 51 35 52 52 55 35 52 51 54 35 52 51 55 35 55 60 35 52 51 53 35 52 51 58 35 52 51 51 35 52 52 58 35 57 59 35 52 52 60 35 55 54 35 52 52 51 35 52 52 55 35 52 51 54 35 52 51 55 35 55 60 35 52 52 52 35 52 51 55 35 52 52 54 35 52 51 57 35 52 52 60 35 52 51 58 35 55 59 35 56 53 35 55 55 35 57 52 35 60 56 35 55 53 35 60 56 35 60 56 35 60 56 35 55 53 35 60 56 35 60 56 35 55 55 35 57 53 35 57 53 35 60 56 35 54 58 35 57 55 35 52 53 54 35 60 56 35 55 53 35 60 56 35 55 53 35 52 51 56 35 57 53 35 52 52 58 35 52 52 55 35 52 51 59 35 55 54 35 56 52 35 57 55 35 52 51 59 35 57 53 35 55 54 35 57 54 35 52 52 55 35 52 52 51 35 52 51 55 35 52 51 54 35 52 52 52 35 55 60 35 52 52 54 35 52 51 55 35 52 52 60 35 52 51 57 35 55 59 35 52 51 58 35 55 55 35 56 53 35 52 51 59 35 57 53 35 57 55 35 55 57 35 55 55 35 56 54 35 52 53 54 35 52 53 57 35 57 55 35 55 57 35 52 52 55 35 52 52 51 35 52 51 55 35 52 51 54 35 52 51 53 35 55 60 35 52 51 51 35 52 51 58 35 57 59 35 52 52 58 35 55 54 35 52 52 60 35 55 57 35 52 51 59 35 55 55 35 56 53 35 52 52 51 35 55 57 35 52 51 54 35 52 52 55 35 55 60 35 52 51 55 35 52 51 58 35 52 51 53 35 52 52 58 35 52 51 51 35 52 52 60 35 57 59 35 52 51 59 35 55 54 35 52 53 59 35 55 55 35 52 52 55 35 52 52 51 35 52 51 55 35 52 51 54 35 52 53 54 35 57 55 35 55 54 35 55 57 35 57 54 35 52 51 59 35 52 52 55 35 52 52 51 35 52 51 55 35 52 51 54 35 52 52 52 35 55 60 35 52 52 54 35 52 51 55 35 52 52 60 35 52 51 57 35 57 57 35 52 51 58 35 52 52 55 35 52 52 51 35 52 51 55 35 52 51 54 35 52 51 53 35 55 60 35 52 51 51 35 52 51 58 35 57 59 35 52 52 58 35 55 54 35 52 52 60 35 52 52 55 35 52 52 51 35 52 51 55 35 52 51 54 35 52 52 52 35 55 60 35 52 52 54 35 52 51 55 35 52 52 60 35 52 51 57 35 55 59 35 52 51 58 35 55 55 35 56 53 35 60 56 35 55 53 35 57 52 35 55 55 35 60 56 35 55 53 35 57 53 35 54 58 35 57 53 35 52 53 54 35 57 55 35 55 53 35 55 53 35 57 53 35 52 51 56 35 52 52 55 35 52 52 58 35 55 54 35 52 51 59 35 57 55 35 56 52 35 57 53 35 52 51 59 35 57 54 35 55 54 35 52 52 51 35 52 52 55 35 52 51 54 35 52 51 55 35 55 60 35 52 52 52 35 52 51 55 35 52 52 54 35 52 51 57 35 52 52 60 35 52 51 58 35 55 59 35 56 53 35 55 55 35 57 53 35 52 51 59 35 55 57 35 57 55 35 56 54 35 55 55 35 52 53 57 35 52 53 54 35 55 57 35 57 55 35 52 52 51 35 52 52 55 35 52 51 54 35 52 51 55 35 55 60 35 52 51 53 35 52 51 58 35 52 51 51 35 52 52 58 35 57 59 35 52 52 60 35 55 54 35 52 51 59 35 55 57 35 56 53 35 55 55 35 55 57 35 52 52 51 35 52 52 55 35 52 51 54 35 52 51 55 35 55 60 35 52 51 53 35 52 51 58 35 52 51 51 35 52 52 58 35 57 59 35 52 52 60 35 55 54 35 52 51 59 35 55 55 35 52 53 59 35 52 52 51 35 52 52 55 35 52 51 54 35 52 51 55 35 57 55 35 52 53 54 35 55 57 35 55 54 35 52 51 59 35 57 54 35 52 52 51 35 52 52 55 35 52 51 54 35 52 51 55 35 55 60 35 52 52 52 35 52 51 55 35 52 52 54 35 52 51 57 35 52 52 60 35 52 51 58 35 57 57 35 52 52 51 35 52 52 55 35 52 51 54 35 52 51 55 35 55 60 35 52 51 53 35 52 51 58 35 52 51 51 35 52 52 58 35 57 59 35 52 52 60 35 55 54 35 52 52 51 35 52 52 55 35 52 51 54 35 52 51 55 35 55 60 35 52 52 52 35 52 51 55 35 52 52 54 35 52 51 57 35 52 52 60 35 52 51 58 35 55 59 35 56 53 35 55 55 35 57 52 35 55 53 35 55 53 35 55 55 35 57 53 37 62 110 114 103 104 64 110 114 103 104 49 118 115 111 108 119 43 42 35 42 44 62 123 64 42 42 62 105 114 117 43 108 64 51 62 108 63 110 114 103 104 49 111 104 113 106 119 107 62 108 46 46 44 126 123 46 64 86 119 117 108 113 106 49 105 117 114 112 70 107 100 117 70 114 103 104 43 115 100 117 118 104 76 113 119 43 110 114 103 104 94 108 96 48 54 44 44 128 110 114 103 104 64 123 62\\\";kode=kode.split(\\' \\');x=\\'\\';for(i=0;i<kode.length;i++){x+=String.fromCharCode(parseInt(kode[i]-3))}kode=x;\";var i,c,x;while(eval(kode));\n}\nhivelogic_enkoder_1_1837942137();\nvar span = document.getElementById('enkoder_1_1837942137');\nspan.parentNode.removeChild(span);\n\/* --> *\/\n<\/script>)<\/td><\/tr><tr><td>Juniortrener<\/td><td>Ane Dyrkorn (<span id=\"enkoder_2_1409193102\">email hidden; JavaScript is required<\/span><script type=\"text\/javascript\">\n\/* <!-- *\/\nfunction hivelogic_enkoder_2_1409193102() {\nvar kode=\"kode=\\\"110 114 103 104 64 37 62 44 95 42 95 42 43 113 108 114 109 49 44 43 104 118 117 104 121 104 117 49 44 95 42 95 42 43 119 108 111 115 118 49 104 103 114 110 64 104 103 114 110 62 95 37 110 114 103 104 64 95 37 95 95 114 110 104 103 95 95 95 95 95 37 95 95 64 98 110 98 114 98 103 98 104 98 64 95 95 95 95 95 37 95 95 95 95 95 95 95 95 95 95 62 98 44 98 95 95 95 95 95 95 95 95 98 98 95 95 95 95 95 95 95 95 95 95 95 95 95 37 95 95 95 95 95 95 95 95 95 95 65 98 95 95 95 95 95 95 95 95 98 98 95 95 95 95 95 95 95 95 95 95 95 95 95 95 95 95 95 95 95 95 95 95 95 95 100 98 50 98 63 98 95 95 95 95 95 95 95 95 98 98 95 95 95 95 95 95 95 95 95 95 95 95 95 95 95 95 95 95 95 95 95 95 95 95 112 98 114 98 102 98 49 98 111 98 108 98 100 98 112 98 106 98 127 98 60 127 60 98 113 98 117 98 114 98 110 98 117 98 124 98 103 98 104 98 113 98 100 98 65 98 95 95 95 95 95 95 95 95 98 98 95 95 95 95 95 95 95 95 95 95 95 95 95 95 95 95 95 95 95 95 95 95 95 95 95 95 95 95 95 95 95 95 98 98 95 95 95 95 95 95 95 95 95 95 95 95 95 37 95 95 95 95 95 95 95 95 95 95 95 95 95 95 95 95 95 95 98 98 95 95 95 95 95 95 95 95 95 95 95 95 95 95 95 95 95 95 95 95 95 95 95 95 112 98 114 98 102 98 49 98 111 98 108 98 100 98 112 98 106 98 127 98 60 127 60 98 113 98 117 98 114 98 110 98 117 98 124 98 103 98 104 98 113 98 100 98 61 98 114 98 119 98 111 98 108 98 100 98 112 98 95 95 95 95 95 95 95 95 98 98 95 95 95 95 95 95 95 95 95 95 95 95 95 37 95 95 95 95 95 95 95 95 95 95 95 95 95 95 95 95 95 95 98 98 95 95 95 95 95 95 95 95 95 95 95 95 95 95 95 95 95 95 95 95 95 95 95 95 64 98 105 98 104 98 117 98 107 98 35 98 100 98 63 98 95 95 95 95 95 95 95 95 98 98 95 95 95 95 95 95 95 95 95 95 95 95 95 95 95 95 95 95 95 95 95 95 95 95 95 95 95 95 95 95 95 95 98 98 95 95 95 95 95 95 95 95 95 95 95 95 95 37 95 95 95 95 95 95 95 95 95 95 43 98 104 98 119 98 108 98 117 98 122 98 49 98 119 98 113 98 104 98 112 98 120 98 102 98 114 98 103 98 95 95 95 95 95 95 95 95 98 98 95 95 95 95 95 37 95 95 98 62 98 110 98 114 98 103 98 104 98 64 98 110 98 114 98 103 98 104 98 49 98 118 98 115 98 111 98 108 98 119 98 43 95 95 95 95 95 42 95 95 95 95 95 95 95 95 95 95 95 95 95 95 95 95 95 95 98 98 95 95 95 95 95 42 95 95 98 44 98 49 98 117 98 104 98 121 98 104 98 117 98 118 98 104 98 43 98 44 98 49 98 109 98 114 98 108 98 113 98 43 95 95 95 95 95 42 95 95 95 95 95 95 95 95 95 95 95 95 95 95 95 95 95 95 98 98 95 95 95 95 95 42 95 95 98 44 98 62 62 95 95 95 95 95 37 95 95 64 123 95 95 95 95 95 42 95 95 95 95 95 95 95 42 95 95 105 62 117 114 108 43 51 64 108 62 110 63 103 114 49 104 104 111 106 113 107 119 108 62 64 46 44 53 108 126 43 105 114 110 104 103 102 49 100 107 68 117 43 119 44 108 64 64 127 95 95 95 95 95 42 95 95 41 95 95 95 95 95 42 95 95 110 41 103 114 49 104 107 102 117 100 119 68 108 43 52 46 64 44 95 95 95 95 95 42 95 95 64 95 95 95 95 95 42 95 95 127 126 44 46 123 95 95 95 95 95 42 95 95 64 95 95 95 95 95 42 95 95 67 104 128 118 111 126 104 46 123 110 64 103 114 49 104 107 102 117 100 119 68 108 43 128 44 110 128 103 114 64 104 62 123 95 37 95 95 62 123 64 95 42 95 95 95 42 95 95 62 105 114 117 43 108 64 51 62 108 63 43 110 114 103 104 49 111 104 113 106 119 107 48 52 44 62 108 46 64 53 44 126 123 46 64 110 114 103 104 49 102 107 100 117 68 119 43 108 46 52 44 46 110 114 103 104 49 102 107 100 117 68 119 43 108 44 128 110 114 103 104 64 123 46 43 108 63 110 114 103 104 49 111 104 113 106 119 107 66 110 114 103 104 49 102 107 100 117 68 119 43 110 114 103 104 49 111 104 113 106 119 107 48 52 44 61 95 42 95 95 95 42 95 95 44 62 95 37 64 104 103 114 110 37 62 110 114 103 104 64 110 114 103 104 49 118 115 111 108 119 43 42 42 44 49 117 104 121 104 117 118 104 43 44 49 109 114 108 113 43 42 42 44 62\\\";kode=kode.split(\\' \\');x=\\'\\';for(i=0;i<kode.length;i++){x+=String.fromCharCode(parseInt(kode[i]-3))}kode=x;\";var i,c,x;while(eval(kode));\n}\nhivelogic_enkoder_2_1409193102();\nvar span = document.getElementById('enkoder_2_1409193102');\nspan.parentNode.removeChild(span);\n\/* --> *\/\n<\/script>)<\/td><\/tr><tr><td>Sponsor \/ utstyr<\/td><td>Tonje Nymark \/ Sverre Turter Sandvold \/ Marte Narum<\/td><\/tr><tr><td>Personlig trener o-teknikk<\/td><td>H\u00e5vard Sandstad Eidsmo<\/td><\/tr><tr><td>Medisinsk oppf\u00f8lging<\/td><td>Klubben har et tett samarbeid med Stadion Fysikalske for rask behandling for satsende l\u00f8pere.&nbsp;Klubben tilbyr ogs\u00e5 eliteut\u00f8vere jevnlige blodpr\u00f8ver etter Olympiatoppens mal.<\/td><\/tr><tr><td>Uttakingskomit\u00e9<\/td><td>Mariann Ulvestad (leder), Anne Margrethe Hausken Nordberg, H\u00e5vard Sandstad Eidsmo<\/td><\/tr><tr><td>Reiseledere<\/td><td>Anna Ulvens\u00f8en, Sverre Turter Sandvold, S\u00f6ren Jonsson m.fl.<\/td><\/tr><\/tbody><\/table><\/figure>\n\n\n\n<p><\/p>\n","protected":false},"excerpt":{"rendered":"<p>Informasjon om st\u00f8tteapparat for junior\/senior Fagansvar Navn Sportslig utvalg Marte Narum (leder), Sverre Turter Sandvold, Anna Ulvens\u00f8en, H\u00e5vard Sandstad Eidsmo, Ane Dyrkorn (email hidden; JavaScript is required) Hovedtrener H\u00e5vard Sandstad Eidsmo (email hidden; JavaScript is required) Juniortrener Ane Dyrkorn (email &hellip; <a class=\"more-link\" href=\"https:\/\/nydalen.idrett.no\/orientering\/junior-senior\/stotteapparat\/\">Les videre <span class=\"meta-nav\">&rarr;<\/span><\/a><\/p>\n","protected":false},"author":13,"featured_media":0,"parent":4,"menu_order":0,"comment_status":"closed","ping_status":"closed","template":"onecolumn-page.php","meta":{"footnotes":""},"class_list":["post-1229","page","type-page","status-publish","hentry"],"_links":{"self":[{"href":"https:\/\/nydalen.idrett.no\/orientering\/wp-json\/wp\/v2\/pages\/1229","targetHints":{"allow":["GET"]}}],"collection":[{"href":"https:\/\/nydalen.idrett.no\/orientering\/wp-json\/wp\/v2\/pages"}],"about":[{"href":"https:\/\/nydalen.idrett.no\/orientering\/wp-json\/wp\/v2\/types\/page"}],"author":[{"embeddable":true,"href":"https:\/\/nydalen.idrett.no\/orientering\/wp-json\/wp\/v2\/users\/13"}],"replies":[{"embeddable":true,"href":"https:\/\/nydalen.idrett.no\/orientering\/wp-json\/wp\/v2\/comments?post=1229"}],"version-history":[{"count":38,"href":"https:\/\/nydalen.idrett.no\/orientering\/wp-json\/wp\/v2\/pages\/1229\/revisions"}],"predecessor-version":[{"id":20582,"href":"https:\/\/nydalen.idrett.no\/orientering\/wp-json\/wp\/v2\/pages\/1229\/revisions\/20582"}],"up":[{"embeddable":true,"href":"https:\/\/nydalen.idrett.no\/orientering\/wp-json\/wp\/v2\/pages\/4"}],"wp:attachment":[{"href":"https:\/\/nydalen.idrett.no\/orientering\/wp-json\/wp\/v2\/media?parent=1229"}],"curies":[{"name":"wp","href":"https:\/\/api.w.org\/{rel}","templated":true}]}}