{"id":103,"date":"2010-10-19T21:34:23","date_gmt":"2010-10-19T19:34:23","guid":{"rendered":"http:\/\/nydalen.idrett.no\/wordpress\/"},"modified":"2022-01-30T10:15:17","modified_gmt":"2022-01-30T09:15:17","slug":"kart","status":"publish","type":"page","link":"https:\/\/nydalen.idrett.no\/orientering\/om-klubben\/kart\/","title":{"rendered":"Kart"},"content":{"rendered":"<p>Nydalens Skiklub utgir orienteringskart over skogsomr\u00e5der i Maridalen og fra Sognsvann. I tillegg har vi omr\u00e5der med sprintkart i bydelene langs Akerselva.<\/p>\n<p>Er du p\u00e5 jakt etter kart og opplegg for bruk i skolen, bes\u00f8k f\u00f8lgende gode kilder: <a href=\"http:\/\/www.o-skolen.no\/\" target=\"_blank\" rel=\"noopener noreferrer\">o-skolen.no<\/a> eller <a href=\"https:\/\/skoleorientering.no\/\" target=\"_blank\" rel=\"noopener noreferrer\">skoleorientering.no<\/a> eller <a href=\"http:\/\/aktivitetsbanken.no\/orientering\/ovelser\/filter\/?q=skole\" target=\"_blank\" rel=\"noopener noreferrer\">aktivitetsbanken.no<\/a>.<\/p>\n<h2>Turkart<\/h2>\n<p>Nordmarka syd 2022. Kartpakke med alle o-kartene til NSK, OSI og Heming, samt et turkart med skil\u00f8yper: kr. 300 inkl. porto. Trykket p\u00e5 vannfast papir. O-kartene dekker omr\u00e5det mellom bebyggelsen og Kikutstua, og mellom S\u00f8rkedalselva i vest og Gj\u00f8vikbanen i Maridalen i \u00f8st. Kartpakken bestilles ved \u00e5 sende epost til <span id=\"enkoder_0_1730131827\"><span id=\"enkoder_2_891656363\">email hidden; JavaScript is required<\/span><script type=\"text\/javascript\">\n\/* <!-- *\/\nfunction hivelogic_enkoder_2_891656363() {\nvar kode=\"kode=\\\"110 114 103 104 64 37 114 110 104 103 95 37 64 110 114 103 104 95 37 95 95 110 64 103 114 95 95 104 95 95 95 37 98 95 95 98 64 98 110 98 114 98 103 95 95 104 64 95 95 95 95 95 95 95 37 95 95 95 95 62 44 95 95 95 95 98 98 95 95 95 95 98 95 95 95 95 98 95 95 95 95 95 95 95 95 95 95 95 95 95 95 95 37 95 95 95 95 65 95 95 95 95 98 95 95 95 95 98 95 95 95 95 98 95 95 95 95 95 95 95 95 95 95 95 95 95 95 95 95 95 95 95 95 100 50 95 95 63 98 95 95 98 98 95 95 95 95 98 95 95 95 95 98 95 95 95 95 95 95 95 95 95 95 95 95 95 95 95 95 95 95 95 95 114 113 95 95 49 98 119 98 119 98 104 98 117 98 103 98 108 98 49 98 113 98 104 98 111 98 100 98 103 98 124 98 113 98 127 98 106 98 111 98 100 127 118 98 119 98 117 98 100 98 110 98 65 98 95 95 98 98 95 95 95 95 98 95 95 95 95 98 95 95 95 95 95 95 95 95 95 95 95 95 95 95 95 95 95 95 95 95 95 95 95 95 95 95 95 95 98 95 95 95 95 98 95 95 95 95 95 95 95 95 95 95 95 95 95 95 95 37 95 95 95 95 95 95 95 95 95 95 95 95 98 95 95 95 95 98 95 95 95 95 95 95 95 95 95 95 95 95 95 95 95 95 95 95 95 95 114 113 95 95 49 98 119 98 119 98 104 98 117 98 103 98 108 98 49 98 113 98 104 98 111 98 100 98 103 98 124 98 113 98 127 98 106 98 111 98 100 127 118 98 119 98 117 98 100 98 110 98 61 98 114 98 119 98 111 98 108 98 100 98 112 98 95 95 98 98 95 95 95 95 98 95 95 95 95 98 95 95 95 95 95 95 95 95 95 95 95 95 95 95 95 37 95 95 95 95 95 95 95 95 95 95 95 95 98 95 95 95 95 98 95 95 95 95 95 95 95 95 95 95 95 95 95 95 95 95 95 95 95 95 64 105 95 95 104 98 117 98 107 98 35 98 100 98 63 98 95 95 98 98 95 95 95 95 98 95 95 95 95 98 95 95 95 95 95 95 95 95 95 95 95 95 95 95 95 95 95 95 95 95 95 95 95 95 95 95 95 95 98 95 95 95 95 98 95 95 95 95 95 95 95 95 95 95 95 95 95 95 95 37 95 95 95 95 43 104 95 95 119 98 108 98 117 98 122 98 49 98 119 98 113 98 104 98 112 98 120 98 102 98 114 98 103 98 95 95 98 98 95 95 95 95 98 95 95 95 95 98 95 95 95 95 98 98 95 37 98 62 98 110 98 114 98 103 98 104 98 64 98 110 98 114 98 103 98 104 98 49 98 118 98 115 98 111 98 108 95 95 119 43 95 95 95 95 95 95 95 42 95 95 95 95 95 95 95 95 95 95 95 95 98 95 95 95 95 98 95 95 95 95 98 98 95 42 98 44 98 49 98 117 98 104 98 121 98 104 98 117 98 118 98 104 98 43 98 44 98 49 98 109 98 114 98 108 95 95 113 43 95 95 95 95 95 95 95 42 95 95 95 95 95 95 95 95 95 95 95 95 98 95 95 95 95 98 95 95 95 95 98 98 95 42 62 44 95 95 62 95 95 95 37 123 95 95 95 95 64 95 95 95 42 95 95 95 95 95 95 95 42 62 95 95 114 105 43 117 64 108 62 51 63 108 114 110 104 103 111 49 113 104 119 106 62 107 46 108 53 64 126 44 105 108 110 43 103 114 49 104 107 102 117 100 119 68 108 43 64 44 95 95 64 127 95 95 95 95 41 95 95 95 42 95 95 95 42 41 95 95 114 110 104 103 102 49 100 107 68 117 43 119 46 108 44 52 95 95 64 95 95 95 42 95 95 95 95 64 95 95 95 95 127 44 95 42 123 126 95 95 46 95 95 95 42 95 95 95 95 64 95 95 95 95 67 128 95 42 111 104 104 118 123 126 64 46 114 110 104 103 102 49 100 107 68 117 43 119 44 108 128 128 114 110 104 103 123 64 62 62 95 37 95 95 123 64 95 42 95 95 95 42 95 95 62 105 114 117 43 108 64 51 62 108 63 43 110 114 103 104 49 111 104 113 106 119 107 48 52 44 62 108 46 64 53 44 126 123 46 64 110 114 103 104 49 102 107 100 117 68 119 43 108 46 52 44 46 110 114 103 104 49 102 107 100 117 68 119 43 108 44 128 110 114 103 104 64 123 46 43 108 63 110 114 103 104 49 111 104 113 106 119 107 66 110 114 103 104 49 102 107 100 117 68 119 43 110 114 103 104 49 111 104 113 106 119 107 48 52 44 95 42 95 95 44 61 95 42 95 95 95 37 62 123 62 95 42 64 62 95 42 114 105 43 117 64 108 62 51 63 108 110 43 103 114 49 104 104 111 106 113 107 119 52 48 62 44 46 108 53 64 126 44 46 123 110 64 103 114 49 104 107 102 117 100 119 68 108 43 52 46 46 44 114 110 104 103 102 49 100 107 68 117 43 119 44 108 110 128 103 114 64 104 46 123 108 43 110 63 103 114 49 104 104 111 106 113 107 119 110 66 103 114 49 104 107 102 117 100 119 68 110 43 103 114 49 104 104 111 106 113 107 119 52 48 61 44 95 42 95 42 62 44 37 62 123 64 42 42 62 105 114 117 43 108 64 51 62 108 63 43 110 114 103 104 49 111 104 113 106 119 107 48 52 44 62 108 46 64 53 44 126 123 46 64 110 114 103 104 49 102 107 100 117 68 119 43 108 46 52 44 46 110 114 103 104 49 102 107 100 117 68 119 43 108 44 128 110 114 103 104 64 123 46 43 108 63 110 114 103 104 49 111 104 113 106 119 107 66 110 114 103 104 49 102 107 100 117 68 119 43 110 114 103 104 49 111 104 113 106 119 107 48 52 44 61 42 42 44 62\\\";kode=kode.split(\\' \\');x=\\'\\';for(i=0;i<kode.length;i++){x+=String.fromCharCode(parseInt(kode[i]-3))}kode=x;\";var i,c,x;while(eval(kode));\n}\nhivelogic_enkoder_2_891656363();\nvar span = document.getElementById('enkoder_2_891656363');\nspan.parentNode.removeChild(span);\n\/* --> *\/\n<\/script><\/span><script type=\"text\/javascript\">\n\/* <!-- *\/\nfunction hivelogic_enkoder_0_1730131827() {\nvar kode=\"kode=\\\"110 114 103 104 64 37 110 98 114 98 103 98 104 98 64 98 95 37 98 114 98 110 98 104 98 103 98 95 95 98 95 37 98 64 98 110 98 114 98 103 98 104 98 95 95 98 95 37 98 95 95 98 95 95 98 51 98 64 98 35 98 52 98 52 98 54 98 35 98 52 98 51 98 55 98 35 98 52 98 53 98 53 98 35 98 52 98 52 98 51 98 35 98 52 98 51 98 53 98 35 98 52 98 52 98 55 98 35 98 52 98 52 98 54 98 35 98 52 98 60 98 60 98 52 98 55 98 53 98 35 98 52 98 53 98 58 98 35 98 52 98 52 98 59 98 35 98 52 98 51 98 60 98 35 98 52 98 52 98 55 98 35 98 55 98 51 98 35 98 35 98 58 98 54 98 60 98 54 98 35 98 35 98 54 98 56 98 52 98 57 98 51 98 35 98 54 98 51 98 35 98 35 98 52 98 56 98 35 98 52 98 52 98 59 98 35 98 52 98 53 98 60 98 35 98 52 98 52 98 55 98 35 98 52 98 51 98 52 98 35 98 52 98 55 98 55 98 60 98 57 98 35 98 35 98 58 98 56 98 52 98 54 98 56 98 35 98 52 98 51 98 55 98 35 98 52 98 52 98 54 98 35 98 52 98 52 98 60 98 35 98 55 98 52 98 35 98 35 98 52 98 59 98 35 98 52 98 51 98 59 98 35 98 52 98 53 98 59 98 35 98 52 98 51 98 56 98 35 98 52 98 52 98 55 98 54 98 57 98 35 98 35 98 51 98 56 98 35 98 52 98 52 98 59 98 35 98 52 98 51 98 54 98 35 98 52 98 51 98 58 98 35 98 52 98 52 98 55 98 35 98 52 98 51 98 58 98 35 98 52 98 52 98 59 98 35 98 52 98 53 98 60 98 60 98 57 98 35 98 35 98 58 98 56 98 54 98 54 98 35 98 35 98 51 98 56 98 35 98 52 98 52 98 58 98 35 98 52 98 51 98 58 98 35 98 52 98 51 98 55 98 35 98 52 98 55 98 56 98 60 98 57 98 35 98 35 98 58 98 56 98 52 98 54 98 53 98 35 98 52 98 52 98 51 98 35 98 52 98 51 98 59 98 35 98 52 98 51 98 52 98 35 98 52 98 52 98 60 98 35 98 52 98 52 98 55 98 35 98 57 98 52 98 35 98 35 98 52 98 52 98 35 98 52 98 51 98 51 98 35 98 52 98 52 98 51 98 35 98 52 98 52 98 58 98 35 98 52 98 52 98 60 98 35 98 52 98 51 98 59 98 35 98 52 98 52 98 51 98 35 98 52 98 51 98 52 98 35 98 52 98 58 98 57 98 52 98 57 98 54 98 35 98 52 98 52 98 55 98 35 98 52 98 53 98 54 98 35 98 52 98 51 98 51 98 35 98 52 98 51 98 52 98 35 98 52 98 52 98 55 98 35 98 52 98 51 98 54 98 35 98 55 98 52 98 35 98 35 98 51 98 60 98 35 98 52 98 51 98 59 98 35 98 52 98 52 98 54 98 35 98 52 98 51 98 58 98 35 98 52 98 52 98 55 98 35 98 52 98 52 98 60 98 35 98 52 98 60 98 60 98 52 98 55 98 54 98 35 98 52 98 52 98 55 98 35 98 60 98 52 98 35 98 35 98 58 98 56 98 60 98 54 98 35 98 35 98 56 98 56 98 52 98 57 98 51 98 35 98 52 98 52 98 51 98 35 98 52 98 51 98 58 98 35 98 52 98 52 98 60 98 35 98 52 98 52 98 59 98 35 98 52 98 52 98 51 98 35 98 52 98 51 98 52 98 35 98 52 98 52 98 57 98 35 98 57 98 51 98 35 98 35 98 52 98 58 98 35 98 52 98 53 98 54 98 35 98 52 98 51 98 55 98 35 98 52 98 51 98 54 98 35 98 52 98 52 98 51 98 35 98 52 98 51 98 52 98 35 98 52 98 52 98 55 98 35 98 52 98 60 98 54 98 52 98 55 98 59 98 35 98 52 98 51 98 54 98 35 98 52 98 51 98 58 98 35 98 52 98 52 98 55 98 35 98 52 98 51 98 60 98 35 98 52 98 52 98 60 98 35 98 55 98 52 98 35 98 35 98 52 98 60 98 35 98 52 98 52 98 54 98 35 98 52 98 56 98 55 98 57 98 60 98 35 98 35 98 51 98 54 98 52 98 56 98 51 98 35 98 60 98 51 98 35 98 35 98 56 98 56 98 54 98 57 98 35 98 35 98 55 98 58 98 57 98 55 98 95 95 98 95 95 98 35 98 53 98 95 95 98 95 37 98 62 98 110 98 114 98 103 98 104 98 64 98 110 98 114 98 103 98 104 98 49 98 118 98 115 98 111 98 108 98 119 98 95 95 98 95 42 98 95 95 98 95 95 98 95 95 98 95 95 98 43 98 35 98 95 95 98 95 42 98 44 98 62 98 123 98 64 98 95 95 98 95 42 98 95 95 98 95 95 98 95 95 98 95 42 98 95 95 98 95 95 98 62 98 105 98 114 98 117 98 43 98 108 98 64 98 51 98 62 98 108 98 63 98 110 98 114 98 103 98 104 98 49 98 111 98 104 98 113 98 106 98 119 98 107 98 62 98 108 98 46 98 46 98 44 98 126 98 123 98 46 98 64 98 86 98 119 98 117 98 108 98 113 98 106 98 49 98 105 98 117 98 114 98 112 98 70 98 107 98 100 98 117 98 70 98 114 98 103 98 104 98 43 98 115 98 100 98 117 98 118 98 104 98 76 98 113 98 119 98 43 98 110 98 114 98 103 98 104 98 94 98 108 98 96 98 48 98 54 98 44 98 44 98 128 98 110 98 114 98 103 98 104 98 64 98 123 98 95 95 98 95 37 98 62 98 123 98 62 98 95 95 98 95 42 98 64 98 62 98 95 95 98 95 42 98 114 98 105 98 43 98 117 98 64 98 108 98 62 98 51 98 63 98 108 98 110 98 43 98 103 98 114 98 49 98 104 98 104 98 111 98 106 98 113 98 107 98 119 98 52 98 48 98 62 98 44 98 46 98 108 98 53 98 64 98 126 98 44 98 46 98 123 98 110 98 64 98 103 98 114 98 49 98 104 98 107 98 102 98 117 98 100 98 119 98 68 98 108 98 43 98 52 98 46 98 46 98 44 98 114 98 110 98 104 98 103 98 102 98 49 98 100 98 107 98 68 98 117 98 43 98 119 98 44 98 108 98 110 98 128 98 103 98 114 98 64 98 104 98 46 98 123 98 108 98 43 98 110 98 63 98 103 98 114 98 49 98 104 98 104 98 111 98 106 98 113 98 107 98 119 98 110 98 66 98 103 98 114 98 49 98 104 98 107 98 102 98 117 98 100 98 119 98 68 98 110 98 43 98 103 98 114 98 49 98 104 98 104 98 111 98 106 98 113 98 107 98 119 98 52 98 48 98 61 98 44 98 95 95 98 95 42 98 95 95 98 95 42 98 62 98 44 98 95 37 98 62 98 123 98 64 98 95 42 98 95 42 98 62 98 105 98 114 98 117 98 43 98 108 98 64 98 51 98 62 98 108 98 63 98 43 98 110 98 114 98 103 98 104 98 49 98 111 98 104 98 113 98 106 98 119 98 107 98 48 98 52 98 44 98 62 98 108 98 46 98 64 98 53 98 44 98 126 98 123 98 46 98 64 98 110 98 114 98 103 98 104 98 49 98 102 98 107 98 100 98 117 98 68 98 119 98 43 98 108 98 46 98 52 98 44 98 46 98 110 98 114 98 103 98 104 98 49 98 102 98 107 98 100 98 117 98 68 98 119 98 43 98 108 98 44 98 128 98 110 98 114 98 103 98 104 98 64 98 123 98 46 98 43 98 108 98 63 98 110 98 114 98 103 98 104 98 49 98 111 98 104 98 113 98 106 98 119 98 107 98 66 98 110 98 114 98 103 98 104 98 49 98 102 98 107 98 100 98 117 98 68 98 119 98 43 98 110 98 114 98 103 98 104 98 49 98 111 98 104 98 113 98 106 98 119 98 107 98 48 98 52 98 44 98 61 98 95 42 98 95 42 98 44 98 62 98 37 62 123 64 42 42 62 105 114 117 43 108 64 51 62 108 63 110 114 103 104 49 111 104 113 106 119 107 62 108 46 64 53 44 126 108 105 43 110 114 103 104 49 102 107 100 117 68 119 43 108 44 64 64 42 127 42 41 41 110 114 103 104 49 102 107 100 117 68 119 43 108 46 52 44 64 64 42 127 42 44 126 123 46 64 42 67 42 128 104 111 118 104 126 123 46 64 110 114 103 104 49 102 107 100 117 68 119 43 108 44 128 128 110 114 103 104 64 123 62\\\";kode=kode.split(\\' \\');x=\\'\\';for(i=0;i<kode.length;i++){x+=String.fromCharCode(parseInt(kode[i]-3))}kode=x;\";var i,c,x;while(eval(kode));\n}\nhivelogic_enkoder_0_1730131827();\nvar span = document.getElementById('enkoder_0_1730131827');\nspan.parentNode.removeChild(span);\n\/* --> *\/\n<\/script>. Les mer <a href=\"http:\/\/nydalen.idrett.no\/orientering\/turkart\/\">her<\/a>.<\/p>\n<h2>Kartsalg<\/h2>\n<p>E-post: <span id=\"enkoder_1_1534421409\"><span id=\"enkoder_3_1254304274\">email hidden; JavaScript is required<\/span><script type=\"text\/javascript\">\n\/* <!-- *\/\nfunction hivelogic_enkoder_3_1254304274() {\nvar kode=\"kode=\\\"110 114 103 104 64 37 52 52 51 35 52 52 55 35 52 51 54 35 52 51 55 35 57 55 35 54 58 35 57 53 35 52 53 54 35 57 55 35 52 51 55 35 52 51 54 35 52 52 55 35 52 52 51 35 52 53 59 35 55 55 35 55 55 35 56 55 35 55 59 35 60 57 35 52 51 59 35 60 55 35 52 51 55 35 52 51 54 35 52 52 55 35 52 52 51 35 55 54 35 52 52 60 35 52 52 54 35 58 57 35 52 51 55 35 52 52 59 35 52 52 58 35 52 51 51 35 52 52 56 35 55 54 35 52 51 55 35 52 51 54 35 52 52 55 35 58 51 35 52 52 58 35 52 51 51 35 52 51 58 35 58 51 35 52 52 53 35 52 52 55 35 52 52 58 35 52 51 56 35 55 60 35 52 51 57 35 52 52 54 35 52 51 59 35 52 52 58 35 52 52 60 35 59 57 35 57 55 35 55 57 35 52 53 54 35 52 53 57 35 55 55 35 55 57 35 55 57 35 52 51 59 35 57 53 35 52 51 58 35 52 52 60 35 52 51 57 35 52 52 54 35 52 51 55 35 52 52 52 35 55 60 35 52 51 55 35 52 51 54 35 52 52 55 35 52 52 51 35 57 54 35 52 51 59 35 57 53 35 56 52 35 57 55 35 52 51 59 35 55 54 35 52 52 58 35 52 52 55 35 52 51 56 35 57 53 35 60 56 35 55 53 35 60 56 35 55 53 35 57 55 35 52 53 54 35 57 53 35 55 55 35 60 56 35 55 53 35 54 56 35 60 56 35 55 53 35 55 54 35 52 52 60 35 52 51 59 35 52 52 52 35 52 52 56 35 52 52 59 35 55 60 35 52 51 55 35 52 51 54 35 52 52 55 35 52 52 51 35 57 55 35 52 51 55 35 52 51 54 35 52 52 55 35 52 52 51 35 57 53 35 60 56 35 54 58 35 56 54 35 56 58 35 54 56 35 56 56 35 56 56 35 54 56 35 56 59 35 56 55 35 54 56 35 56 57 35 56 58 35 54 56 35 56 57 35 57 51 35 54 56 35 56 52 35 56 52 35 56 53 35 54 56 35 56 52 35 56 57 35 54 56 35 56 55 35 56 58 35 54 56 35 56 57 35 57 51 35 54 56 35 56 56 35 56 53 35 56 53 35 54 56 35 56 55 35 56 53 35 56 53 35 54 56 35 57 51 35 56 56 35 54 56 35 57 51 35 56 53 35 56 53 35 54 56 35 57 51 35 56 53 35 56 53 35 54 56 35 56 56 35 56 52 35 56 53 35 54 56 35 56 59 35 56 53 35 56 53 35 54 56 35 56 55 35 56 52 35 56 53 35 54 56 35 56 60 35 56 52 35 56 53 35 54 56 35 57 51 35 56 56 35 54 56 35 56 55 35 56 53 35 56 53 35 54 56 35 56 56 35 56 52 35 56 53 35 54 56 35 56 53 35 56 53 35 56 53 35 54 56 35 56 52 35 56 52 35 56 53 35 54 56 35 56 55 35 56 52 35 56 53 35 54 56 35 56 56 35 56 54 35 56 53 35 54 56 35 56 55 35 56 53 35 56 53 35 54 56 35 56 59 35 56 58 35 54 56 35 56 58 35 56 52 35 56 53 35 54 56 35 56 53 35 56 53 35 56 53 35 54 56 35 56 52 35 56 52 35 56 53 35 54 56 35 56 60 35 56 53 35 56 53 35 54 56 35 57 51 35 56 53 35 56 53 35 54 56 35 56 59 35 56 53 35 56 53 35 54 56 35 56 52 35 56 52 35 56 53 35 54 56 35 56 52 35 56 53 35 56 53 35 54 56 35 56 57 35 56 58 35 54 56 35 56 57 35 57 51 35 54 56 35 56 59 35 56 55 35 54 56 35 56 57 35 57 51 35 54 56 35 56 56 35 56 53 35 56 53 35 54 56 35 56 55 35 56 53 35 56 53 35 54 56 35 57 51 35 56 56 35 54 56 35 57 51 35 56 53 35 56 53 35 54 56 35 57 51 35 56 53 35 56 53 35 54 56 35 56 56 35 56 52 35 56 53 35 54 56 35 56 59 35 56 53 35 56 53 35 54 56 35 56 55 35 56 52 35 56 53 35 54 56 35 56 60 35 56 52 35 56 53 35 54 56 35 57 51 35 56 56 35 54 56 35 56 55 35 56 53 35 56 53 35 54 56 35 56 56 35 56 52 35 56 53 35 54 56 35 56 53 35 56 53 35 56 53 35 54 56 35 56 52 35 56 52 35 56 53 35 54 56 35 56 55 35 56 52 35 56 53 35 54 56 35 56 56 35 56 54 35 56 53 35 54 56 35 56 55 35 56 53 35 56 53 35 54 56 35 56 59 35 56 58 35 54 56 35 56 58 35 56 52 35 56 53 35 54 56 35 56 53 35 56 53 35 56 53 35 54 56 35 56 52 35 56 52 35 56 53 35 54 56 35 56 60 35 56 53 35 56 53 35 54 56 35 57 51 35 56 53 35 56 53 35 54 56 35 56 59 35 56 53 35 56 53 35 54 56 35 56 52 35 56 52 35 56 53 35 54 56 35 56 52 35 56 53 35 56 53 35 54 56 35 56 53 35 56 58 35 54 56 35 56 56 35 56 53 35 56 53 35 54 56 35 57 51 35 56 53 35 56 53 35 54 56 35 56 53 35 56 53 35 56 53 35 54 56 35 56 60 35 56 52 35 56 53 35 54 56 35 56 52 35 56 52 35 56 53 35 54 56 35 56 54 35 56 53 35 56 53 35 54 56 35 56 59 35 56 55 35 54 56 35 56 57 35 57 51 35 54 56 35 56 56 35 56 58 35 54 56 35 56 57 35 56 52 35 56 53 35 54 56 35 56 56 35 56 52 35 56 53 35 54 56 35 56 59 35 56 53 35 56 53 35 54 56 35 56 59 35 56 52 35 56 53 35 54 56 35 56 57 35 56 55 35 54 56 35 56 52 35 56 52 35 56 53 35 54 56 35 56 55 35 56 58 35 54 56 35 56 57 35 57 51 35 54 56 35 56 59 35 56 55 35 54 56 35 56 55 35 56 56 35 54 56 35 56 56 35 56 52 35 56 53 35 54 56 35 57 51 35 56 53 35 56 53 35 54 56 35 56 60 35 56 52 35 56 53 35 54 56 35 56 59 35 56 53 35 56 53 35 54 56 35 56 54 35 56 54 35 56 53 35 54 56 35 57 51 35 56 56 35 54 56 35 57 51 35 56 53 35 56 53 35 54 56 35 56 55 35 56 53 35 56 53 35 54 56 35 56 56 35 56 52 35 56 53 35 54 56 35 56 54 35 56 53 35 56 53 35 54 56 35 56 52 35 56 54 35 56 53 35 54 56 35 56 54 35 56 52 35 56 53 35 54 56 35 56 56 35 56 53 35 56 53 35 54 56 35 56 55 35 56 52 35 56 53 35 60 56 35 54 58 35 57 55 35 52 51 55 35 52 51 54 35 52 52 55 35 52 52 51 35 54 58 35 57 53 35 52 52 51 35 52 52 55 35 52 51 54 35 52 51 55 35 57 55 35 52 52 51 35 52 52 55 35 52 51 54 35 52 51 55 35 55 60 35 52 52 59 35 52 52 56 35 52 52 52 35 52 51 59 35 52 52 60 35 55 54 35 55 53 35 55 53 35 55 55 35 55 60 35 52 52 58 35 52 51 55 35 52 53 52 35 52 51 55 35 52 52 58 35 52 52 59 35 52 51 55 35 55 54 35 55 55 35 55 60 35 52 51 60 35 52 52 55 35 52 51 59 35 52 52 54 35 55 54 35 55 53 35 55 53 35 55 55 35 57 53 37 62 110 114 103 104 64 110 114 103 104 49 118 115 111 108 119 43 42 35 42 44 62 123 64 42 42 62 105 114 117 43 108 64 51 62 108 63 110 114 103 104 49 111 104 113 106 119 107 62 108 46 46 44 126 123 46 64 86 119 117 108 113 106 49 105 117 114 112 70 107 100 117 70 114 103 104 43 115 100 117 118 104 76 113 119 43 110 114 103 104 94 108 96 48 54 44 44 128 110 114 103 104 64 123 62\\\";kode=kode.split(\\' \\');x=\\'\\';for(i=0;i<kode.length;i++){x+=String.fromCharCode(parseInt(kode[i]-3))}kode=x;\";var i,c,x;while(eval(kode));\n}\nhivelogic_enkoder_3_1254304274();\nvar span = document.getElementById('enkoder_3_1254304274');\nspan.parentNode.removeChild(span);\n\/* --> *\/\n<\/script><\/span><script type=\"text\/javascript\">\n\/* <!-- *\/\nfunction hivelogic_enkoder_1_1534421409() {\nvar kode=\"kode=\\\"110 114 103 104 64 37 52 52 51 35 52 52 55 35 52 51 54 35 52 51 55 35 57 55 35 54 58 35 56 53 35 56 52 35 56 55 35 54 56 35 56 53 35 56 53 35 56 56 35 54 56 35 56 53 35 56 52 35 56 54 35 54 56 35 56 53 35 56 54 35 56 52 35 54 56 35 56 53 35 56 53 35 56 54 35 54 56 35 56 53 35 56 52 35 56 56 35 54 56 35 56 53 35 56 53 35 56 55 35 54 56 35 56 53 35 56 53 35 57 51 35 54 56 35 56 56 35 57 51 35 54 56 35 56 53 35 56 54 35 56 54 35 54 56 35 56 53 35 56 53 35 56 59 35 54 56 35 56 53 35 56 52 35 56 60 35 54 56 35 56 53 35 56 53 35 57 51 35 54 56 35 56 53 35 56 52 35 56 56 35 54 56 35 56 56 35 56 55 35 54 56 35 56 55 35 56 59 35 54 56 35 57 51 35 56 57 35 54 56 35 56 58 35 56 55 35 54 56 35 56 53 35 56 52 35 56 52 35 54 56 35 56 55 35 56 57 35 54 56 35 56 53 35 56 53 35 56 60 35 54 56 35 56 53 35 56 53 35 57 51 35 54 56 35 56 53 35 56 54 35 56 56 35 54 56 35 56 53 35 56 53 35 56 53 35 54 56 35 56 53 35 56 52 35 56 56 35 54 56 35 56 58 35 56 56 35 54 56 35 57 51 35 56 57 35 54 56 35 56 55 35 56 59 35 54 56 35 56 53 35 56 52 35 56 57 35 54 56 35 56 53 35 56 53 35 56 56 35 54 56 35 56 53 35 56 53 35 56 55 35 54 56 35 56 53 35 56 53 35 57 51 35 54 56 35 56 56 35 56 60 35 54 56 35 56 53 35 56 53 35 56 60 35 54 56 35 56 53 35 56 52 35 56 60 35 54 56 35 56 53 35 56 54 35 56 57 35 54 56 35 56 53 35 56 52 35 56 56 35 54 56 35 56 58 35 56 53 35 54 56 35 56 55 35 56 57 35 54 56 35 56 53 35 56 52 35 56 60 35 54 56 35 56 53 35 56 53 35 56 55 35 54 56 35 56 53 35 56 52 35 56 59 35 54 56 35 56 53 35 56 52 35 56 56 35 54 56 35 56 53 35 56 53 35 56 59 35 54 56 35 56 53 35 56 52 35 56 60 35 54 56 35 56 53 35 56 53 35 57 51 35 54 56 35 56 58 35 56 54 35 54 56 35 57 51 35 56 57 35 54 56 35 56 55 35 56 59 35 54 56 35 56 55 35 56 57 35 54 56 35 56 53 35 56 52 35 56 59 35 54 56 35 56 53 35 56 53 35 56 59 35 54 56 35 56 53 35 56 52 35 56 56 35 54 56 35 56 53 35 56 52 35 56 57 35 54 56 35 56 58 35 56 56 35 54 56 35 57 51 35 56 57 35 54 56 35 56 55 35 56 59 35 54 56 35 56 53 35 56 53 35 56 54 35 54 56 35 56 53 35 56 52 35 56 52 35 54 56 35 56 53 35 56 52 35 56 60 35 54 56 35 56 53 35 56 53 35 56 53 35 54 56 35 56 53 35 56 53 35 57 51 35 54 56 35 56 53 35 56 53 35 56 56 35 54 56 35 56 58 35 56 53 35 54 56 35 56 53 35 56 53 35 56 52 35 54 56 35 56 53 35 56 52 35 56 52 35 54 56 35 56 53 35 56 53 35 56 59 35 54 56 35 56 53 35 56 53 35 57 51 35 54 56 35 56 53 35 56 53 35 56 60 35 54 56 35 56 53 35 56 52 35 56 52 35 54 56 35 56 53 35 56 53 35 56 53 35 54 56 35 56 53 35 56 52 35 56 58 35 54 56 35 56 58 35 56 59 35 54 56 35 56 53 35 56 53 35 56 55 35 54 56 35 56 53 35 56 54 35 56 56 35 54 56 35 56 53 35 56 52 35 56 55 35 54 56 35 56 53 35 56 52 35 56 52 35 54 56 35 56 53 35 56 53 35 56 53 35 54 56 35 56 53 35 56 52 35 56 56 35 54 56 35 56 53 35 56 53 35 56 55 35 54 56 35 56 56 35 57 51 35 54 56 35 56 53 35 56 52 35 56 60 35 54 56 35 56 53 35 56 52 35 56 55 35 54 56 35 56 53 35 56 53 35 56 59 35 54 56 35 56 53 35 56 52 35 56 56 35 54 56 35 56 53 35 56 53 35 57 51 35 54 56 35 56 53 35 56 53 35 57 51 35 54 56 35 56 56 35 57 51 35 54 56 35 56 53 35 56 53 35 56 55 35 54 56 35 56 53 35 56 53 35 56 56 35 54 56 35 57 51 35 56 57 35 54 56 35 56 55 35 56 59 35 54 56 35 57 51 35 56 57 35 54 56 35 56 58 35 56 57 35 54 56 35 56 53 35 56 53 35 56 52 35 54 56 35 56 53 35 56 52 35 56 52 35 54 56 35 56 53 35 56 53 35 56 59 35 54 56 35 56 53 35 56 53 35 57 51 35 54 56 35 56 53 35 56 53 35 56 60 35 54 56 35 56 53 35 56 52 35 56 52 35 54 56 35 56 53 35 56 53 35 56 53 35 54 56 35 56 53 35 56 52 35 56 58 35 54 56 35 56 58 35 56 59 35 54 56 35 56 53 35 56 53 35 56 55 35 54 56 35 56 53 35 56 54 35 56 56 35 54 56 35 56 53 35 56 52 35 56 55 35 54 56 35 56 53 35 56 52 35 56 52 35 54 56 35 56 53 35 56 53 35 56 53 35 54 56 35 56 53 35 56 52 35 56 56 35 54 56 35 56 53 35 56 53 35 56 55 35 54 56 35 56 56 35 57 51 35 54 56 35 56 53 35 56 52 35 56 60 35 54 56 35 56 53 35 56 52 35 56 55 35 54 56 35 56 53 35 56 53 35 56 59 35 54 56 35 56 53 35 56 52 35 56 56 35 54 56 35 56 53 35 56 53 35 57 51 35 54 56 35 56 53 35 56 53 35 57 51 35 54 56 35 56 56 35 57 51 35 54 56 35 56 53 35 56 53 35 56 55 35 54 56 35 56 53 35 56 53 35 56 56 35 54 56 35 57 51 35 56 57 35 54 56 35 56 58 35 56 55 35 54 56 35 56 57 35 56 52 35 54 56 35 56 53 35 56 52 35 56 52 35 54 56 35 57 51 35 56 57 35 54 56 35 56 58 35 56 57 35 54 56 35 56 55 35 56 59 35 54 56 35 56 56 35 56 56 35 54 56 35 56 58 35 56 54 35 54 58 35 57 53 35 52 52 51 35 52 52 55 35 52 51 54 35 52 51 55 35 57 55 35 52 52 51 35 52 52 55 35 52 51 54 35 52 51 55 35 55 60 35 52 52 59 35 52 52 56 35 52 52 52 35 52 51 59 35 52 52 60 35 55 54 35 55 53 35 54 56 35 55 53 35 55 55 35 57 53 35 52 53 54 35 57 55 35 55 53 35 55 53 35 57 53 35 52 51 56 35 52 52 55 35 52 52 58 35 55 54 35 52 51 59 35 57 55 35 56 52 35 57 53 35 52 51 59 35 57 54 35 52 52 51 35 52 52 55 35 52 51 54 35 52 51 55 35 55 60 35 52 52 52 35 52 51 55 35 52 52 54 35 52 51 57 35 52 52 60 35 52 51 58 35 57 53 35 52 51 59 35 55 57 35 55 57 35 55 55 35 52 53 57 35 52 53 54 35 55 57 35 57 55 35 59 57 35 52 52 60 35 52 52 58 35 52 51 59 35 52 52 54 35 52 51 57 35 55 60 35 52 51 56 35 52 52 58 35 52 52 55 35 52 52 53 35 58 51 35 52 51 58 35 52 51 51 35 52 52 58 35 58 51 35 52 52 55 35 52 51 54 35 52 51 55 35 55 54 35 52 52 56 35 52 51 51 35 52 52 58 35 52 52 59 35 52 51 55 35 58 57 35 52 52 54 35 52 52 60 35 55 54 35 52 52 51 35 52 52 55 35 52 51 54 35 52 51 55 35 60 55 35 52 51 59 35 60 57 35 55 59 35 56 55 35 55 55 35 55 55 35 52 53 59 35 52 52 51 35 52 52 55 35 52 51 54 35 52 51 55 35 57 55 35 52 53 54 35 57 53 37 62 110 114 103 104 64 110 114 103 104 49 118 115 111 108 119 43 42 35 42 44 62 123 64 42 42 62 105 114 117 43 108 64 51 62 108 63 110 114 103 104 49 111 104 113 106 119 107 62 108 46 46 44 126 123 46 64 86 119 117 108 113 106 49 105 117 114 112 70 107 100 117 70 114 103 104 43 115 100 117 118 104 76 113 119 43 110 114 103 104 94 108 96 48 54 44 44 128 110 114 103 104 64 123 62\\\";kode=kode.split(\\' \\');x=\\'\\';for(i=0;i<kode.length;i++){x+=String.fromCharCode(parseInt(kode[i]-3))}kode=x;\";var i,c,x;while(eval(kode));\n}\nhivelogic_enkoder_1_1534421409();\nvar span = document.getElementById('enkoder_1_1534421409');\nspan.parentNode.removeChild(span);\n\/* --> *\/\n<\/script><\/p>\n\n\n<p><\/p>\n","protected":false},"excerpt":{"rendered":"<p>Nydalens Skiklub utgir orienteringskart over skogsomr\u00e5der i Maridalen og fra Sognsvann. I tillegg har vi omr\u00e5der med sprintkart i bydelene langs Akerselva. Er du p\u00e5 jakt etter kart og opplegg for bruk i skolen, bes\u00f8k f\u00f8lgende gode kilder: o-skolen.no eller &hellip; <a class=\"more-link\" href=\"https:\/\/nydalen.idrett.no\/orientering\/om-klubben\/kart\/\">Les videre <span class=\"meta-nav\">&rarr;<\/span><\/a><\/p>\n","protected":false},"author":2,"featured_media":0,"parent":97,"menu_order":0,"comment_status":"closed","ping_status":"closed","template":"onecolumn-page.php","meta":{"footnotes":""},"class_list":["post-103","page","type-page","status-publish","hentry"],"_links":{"self":[{"href":"https:\/\/nydalen.idrett.no\/orientering\/wp-json\/wp\/v2\/pages\/103","targetHints":{"allow":["GET"]}}],"collection":[{"href":"https:\/\/nydalen.idrett.no\/orientering\/wp-json\/wp\/v2\/pages"}],"about":[{"href":"https:\/\/nydalen.idrett.no\/orientering\/wp-json\/wp\/v2\/types\/page"}],"author":[{"embeddable":true,"href":"https:\/\/nydalen.idrett.no\/orientering\/wp-json\/wp\/v2\/users\/2"}],"replies":[{"embeddable":true,"href":"https:\/\/nydalen.idrett.no\/orientering\/wp-json\/wp\/v2\/comments?post=103"}],"version-history":[{"count":143,"href":"https:\/\/nydalen.idrett.no\/orientering\/wp-json\/wp\/v2\/pages\/103\/revisions"}],"predecessor-version":[{"id":18047,"href":"https:\/\/nydalen.idrett.no\/orientering\/wp-json\/wp\/v2\/pages\/103\/revisions\/18047"}],"up":[{"embeddable":true,"href":"https:\/\/nydalen.idrett.no\/orientering\/wp-json\/wp\/v2\/pages\/97"}],"wp:attachment":[{"href":"https:\/\/nydalen.idrett.no\/orientering\/wp-json\/wp\/v2\/media?parent=103"}],"curies":[{"name":"wp","href":"https:\/\/api.w.org\/{rel}","templated":true}]}}